{"id":3974,"date":"2025-09-15T12:15:28","date_gmt":"2025-09-15T10:15:28","guid":{"rendered":"https:\/\/www.gbc.casa\/event-management\/"},"modified":"2025-10-02T14:10:16","modified_gmt":"2025-10-02T12:10:16","slug":"event-management","status":"publish","type":"page","link":"https:\/\/gbc.ma\/en\/event-management\/","title":{"rendered":"Event management"},"content":{"rendered":"\t\t<div data-elementor-type=\"wp-page\" data-elementor-id=\"3974\" class=\"elementor elementor-3974 elementor-3936\" data-elementor-post-type=\"page\">\n\t\t\t\t<div class=\"elementor-element elementor-element-20e81b7 e-flex e-con-boxed e-con e-parent\" data-id=\"20e81b7\" data-element_type=\"container\">\n\t\t\t\t\t<div class=\"e-con-inner\">\n\t\t<div class=\"elementor-element elementor-element-f160f28 e-con-full e-flex e-con e-child\" data-id=\"f160f28\" data-element_type=\"container\">\n\t\t\t\t<div class=\"elementor-element elementor-element-c6f1f02 elementor-widget elementor-widget-heading\" data-id=\"c6f1f02\" data-element_type=\"widget\" data-widget_type=\"heading.default\">\n\t\t\t\t\t<h2 class=\"elementor-heading-title elementor-size-default\">Event management\n<\/h2>\t\t\t\t<\/div>\n\t\t<div class=\"elementor-element elementor-element-1f532a5 e-con-full e-flex e-con e-child\" data-id=\"1f532a5\" data-element_type=\"container\">\n\t\t\t\t<div class=\"elementor-element elementor-element-0646fbb elementor-widget-divider--view-line elementor-widget elementor-widget-divider\" data-id=\"0646fbb\" data-element_type=\"widget\" data-widget_type=\"divider.default\">\n\t\t\t\t\t\t\t<div class=\"elementor-divider\">\n\t\t\t<span class=\"elementor-divider-separator\">\n\t\t\t\t\t\t<\/span>\n\t\t<\/div>\n\t\t\t\t\t\t<\/div>\n\t\t\t\t<\/div>\n\t\t\t\t<\/div>\n\t\t<div class=\"elementor-element elementor-element-1604c6a e-con-full e-flex e-con e-child\" data-id=\"1604c6a\" data-element_type=\"container\">\n\t\t<div class=\"elementor-element elementor-element-047c0b3 e-con-full elementor-hidden-tablet elementor-hidden-mobile e-flex e-con e-child\" data-id=\"047c0b3\" data-element_type=\"container\">\n\t\t\t\t<div class=\"elementor-element elementor-element-b589df2 hfe-nav-menu__breakpoint-none hfe-nav-menu__align-left hfe-submenu-icon-arrow hfe-link-redirect-child elementor-widget elementor-widget-navigation-menu\" data-id=\"b589df2\" data-element_type=\"widget\" data-settings=\"{&quot;padding_horizontal_menu_item&quot;:{&quot;unit&quot;:&quot;px&quot;,&quot;size&quot;:16,&quot;sizes&quot;:[]},&quot;padding_vertical_menu_item&quot;:{&quot;unit&quot;:&quot;px&quot;,&quot;size&quot;:18,&quot;sizes&quot;:[]},&quot;menu_space_between&quot;:{&quot;unit&quot;:&quot;px&quot;,&quot;size&quot;:1,&quot;sizes&quot;:[]},&quot;padding_horizontal_menu_item_tablet&quot;:{&quot;unit&quot;:&quot;px&quot;,&quot;size&quot;:&quot;&quot;,&quot;sizes&quot;:[]},&quot;padding_horizontal_menu_item_mobile&quot;:{&quot;unit&quot;:&quot;px&quot;,&quot;size&quot;:&quot;&quot;,&quot;sizes&quot;:[]},&quot;padding_vertical_menu_item_tablet&quot;:{&quot;unit&quot;:&quot;px&quot;,&quot;size&quot;:&quot;&quot;,&quot;sizes&quot;:[]},&quot;padding_vertical_menu_item_mobile&quot;:{&quot;unit&quot;:&quot;px&quot;,&quot;size&quot;:&quot;&quot;,&quot;sizes&quot;:[]},&quot;menu_space_between_tablet&quot;:{&quot;unit&quot;:&quot;px&quot;,&quot;size&quot;:&quot;&quot;,&quot;sizes&quot;:[]},&quot;menu_space_between_mobile&quot;:{&quot;unit&quot;:&quot;px&quot;,&quot;size&quot;:&quot;&quot;,&quot;sizes&quot;:[]},&quot;dropdown_border_radius&quot;:{&quot;unit&quot;:&quot;px&quot;,&quot;top&quot;:&quot;&quot;,&quot;right&quot;:&quot;&quot;,&quot;bottom&quot;:&quot;&quot;,&quot;left&quot;:&quot;&quot;,&quot;isLinked&quot;:true},&quot;dropdown_border_radius_tablet&quot;:{&quot;unit&quot;:&quot;px&quot;,&quot;top&quot;:&quot;&quot;,&quot;right&quot;:&quot;&quot;,&quot;bottom&quot;:&quot;&quot;,&quot;left&quot;:&quot;&quot;,&quot;isLinked&quot;:true},&quot;dropdown_border_radius_mobile&quot;:{&quot;unit&quot;:&quot;px&quot;,&quot;top&quot;:&quot;&quot;,&quot;right&quot;:&quot;&quot;,&quot;bottom&quot;:&quot;&quot;,&quot;left&quot;:&quot;&quot;,&quot;isLinked&quot;:true},&quot;padding_horizontal_dropdown_item&quot;:{&quot;unit&quot;:&quot;px&quot;,&quot;size&quot;:&quot;&quot;,&quot;sizes&quot;:[]},&quot;padding_horizontal_dropdown_item_tablet&quot;:{&quot;unit&quot;:&quot;px&quot;,&quot;size&quot;:&quot;&quot;,&quot;sizes&quot;:[]},&quot;padding_horizontal_dropdown_item_mobile&quot;:{&quot;unit&quot;:&quot;px&quot;,&quot;size&quot;:&quot;&quot;,&quot;sizes&quot;:[]},&quot;padding_vertical_dropdown_item&quot;:{&quot;unit&quot;:&quot;px&quot;,&quot;size&quot;:15,&quot;sizes&quot;:[]},&quot;padding_vertical_dropdown_item_tablet&quot;:{&quot;unit&quot;:&quot;px&quot;,&quot;size&quot;:&quot;&quot;,&quot;sizes&quot;:[]},&quot;padding_vertical_dropdown_item_mobile&quot;:{&quot;unit&quot;:&quot;px&quot;,&quot;size&quot;:&quot;&quot;,&quot;sizes&quot;:[]},&quot;distance_from_menu&quot;:{&quot;unit&quot;:&quot;px&quot;,&quot;size&quot;:&quot;&quot;,&quot;sizes&quot;:[]},&quot;distance_from_menu_tablet&quot;:{&quot;unit&quot;:&quot;px&quot;,&quot;size&quot;:&quot;&quot;,&quot;sizes&quot;:[]},&quot;distance_from_menu_mobile&quot;:{&quot;unit&quot;:&quot;px&quot;,&quot;size&quot;:&quot;&quot;,&quot;sizes&quot;:[]},&quot;toggle_size&quot;:{&quot;unit&quot;:&quot;px&quot;,&quot;size&quot;:&quot;&quot;,&quot;sizes&quot;:[]},&quot;toggle_size_tablet&quot;:{&quot;unit&quot;:&quot;px&quot;,&quot;size&quot;:&quot;&quot;,&quot;sizes&quot;:[]},&quot;toggle_size_mobile&quot;:{&quot;unit&quot;:&quot;px&quot;,&quot;size&quot;:&quot;&quot;,&quot;sizes&quot;:[]},&quot;toggle_border_width&quot;:{&quot;unit&quot;:&quot;px&quot;,&quot;size&quot;:&quot;&quot;,&quot;sizes&quot;:[]},&quot;toggle_border_width_tablet&quot;:{&quot;unit&quot;:&quot;px&quot;,&quot;size&quot;:&quot;&quot;,&quot;sizes&quot;:[]},&quot;toggle_border_width_mobile&quot;:{&quot;unit&quot;:&quot;px&quot;,&quot;size&quot;:&quot;&quot;,&quot;sizes&quot;:[]},&quot;toggle_border_radius&quot;:{&quot;unit&quot;:&quot;px&quot;,&quot;size&quot;:&quot;&quot;,&quot;sizes&quot;:[]},&quot;toggle_border_radius_tablet&quot;:{&quot;unit&quot;:&quot;px&quot;,&quot;size&quot;:&quot;&quot;,&quot;sizes&quot;:[]},&quot;toggle_border_radius_mobile&quot;:{&quot;unit&quot;:&quot;px&quot;,&quot;size&quot;:&quot;&quot;,&quot;sizes&quot;:[]}}\" data-widget_type=\"navigation-menu.default\">\n\t\t\t\t<div class=\"elementor-widget-container\">\n\t\t\t\t\t\t\t\t<div class=\"hfe-nav-menu hfe-layout-vertical hfe-nav-menu-layout vertical\" data-layout=\"vertical\">\n\t\t\t\t<div role=\"button\" class=\"hfe-nav-menu__toggle elementor-clickable\" tabindex=\"0\" aria-label=\"Menu Toggle\">\n\t\t\t\t\t<span class=\"screen-reader-text\">Menu<\/span>\n\t\t\t\t\t<div class=\"hfe-nav-menu-icon\">\n\t\t\t\t\t\t\t\t\t\t\t<\/div>\n\t\t\t\t<\/div>\n\t\t\t\t<nav class=\"hfe-nav-menu__layout-vertical hfe-nav-menu__submenu-arrow\" data-toggle-icon=\"\" data-close-icon=\"\" data-full-width=\"\">\n\t\t\t\t\t<ul id=\"menu-1-b589df2\" class=\"hfe-nav-menu\"><li id=\"menu-item-4754\" class=\"menu-item menu-item-type-post_type menu-item-object-page parent hfe-creative-menu\"><a href=\"https:\/\/gbc.ma\/en\/trade-representation\/\" class = \"hfe-menu-item\">Trade Representation<\/a><\/li>\n<li id=\"menu-item-5438\" class=\"menu-item menu-item-type-post_type menu-item-object-page parent hfe-creative-menu\"><a href=\"https:\/\/gbc.ma\/en\/market-research\/\" class = \"hfe-menu-item\">Market Research<\/a><\/li>\n<li id=\"menu-item-4753\" class=\"menu-item menu-item-type-post_type menu-item-object-page parent hfe-creative-menu\"><a href=\"https:\/\/gbc.ma\/en\/consulting\/\" class = \"hfe-menu-item\">Consulting<\/a><\/li>\n<li id=\"menu-item-6308\" class=\"menu-item menu-item-type-post_type menu-item-object-page parent hfe-creative-menu\"><a href=\"https:\/\/gbc.ma\/en\/training\/\" class = \"hfe-menu-item\">Training<\/a><\/li>\n<li id=\"menu-item-4750\" class=\"menu-item menu-item-type-post_type menu-item-object-page parent hfe-creative-menu\"><a href=\"https:\/\/gbc.ma\/en\/event-management\/\" class = \"hfe-menu-item\">Event management<\/a><\/li>\n<li id=\"menu-item-4751\" class=\"menu-item menu-item-type-post_type menu-item-object-page parent hfe-creative-menu\"><a href=\"https:\/\/gbc.ma\/en\/business-travel-trade-shows\/\" class = \"hfe-menu-item\">Business Travel &amp; Trade Shows<\/a><\/li>\n<li id=\"menu-item-5477\" class=\"menu-item menu-item-type-post_type menu-item-object-page parent hfe-creative-menu\"><a href=\"https:\/\/gbc.ma\/en\/b2b-matchmaking\/\" class = \"hfe-menu-item\">B2B | Matchmaking<\/a><\/li>\n<li id=\"menu-item-4752\" class=\"menu-item menu-item-type-post_type menu-item-object-page parent hfe-creative-menu\"><a href=\"https:\/\/gbc.ma\/en\/translation\/\" class = \"hfe-menu-item\">Translation<\/a><\/li>\n<li id=\"menu-item-4756\" class=\"menu-item menu-item-type-post_type menu-item-object-page parent hfe-creative-menu\"><a href=\"https:\/\/gbc.ma\/en\/logistics\/\" class = \"hfe-menu-item\">Logistics<\/a><\/li>\n<\/ul> \n\t\t\t\t<\/nav>\n\t\t\t<\/div>\n\t\t\t\t\t\t\t<\/div>\n\t\t\t\t<\/div>\n\t\t\t\t<\/div>\n\t\t<div class=\"elementor-element elementor-element-c14d787 e-con-full e-flex e-con e-child\" data-id=\"c14d787\" data-element_type=\"container\">\n\t\t\t\t<div class=\"elementor-element elementor-element-cde57cb elementor-widget__width-inherit elementor-widget elementor-widget-n-carousel\" data-id=\"cde57cb\" data-element_type=\"widget\" data-settings=\"{&quot;carousel_items&quot;:[{&quot;slide_title&quot;:&quot;Slide #1&quot;,&quot;_id&quot;:&quot;cb5d17a&quot;},{&quot;slide_title&quot;:&quot;Slide #1&quot;,&quot;_id&quot;:&quot;99fd235&quot;},{&quot;slide_title&quot;:&quot;Slide #1&quot;,&quot;_id&quot;:&quot;069c6d0&quot;},{&quot;slide_title&quot;:&quot;Slide #1&quot;,&quot;_id&quot;:&quot;8338366&quot;},{&quot;slide_title&quot;:&quot;Slide #1&quot;,&quot;_id&quot;:&quot;5ab789b&quot;}],&quot;slides_to_show&quot;:&quot;1&quot;,&quot;slides_to_show_tablet&quot;:&quot;1&quot;,&quot;speed&quot;:1000,&quot;autoplay_speed&quot;:2000,&quot;slides_to_show_mobile&quot;:&quot;1&quot;,&quot;autoplay&quot;:&quot;yes&quot;,&quot;pause_on_hover&quot;:&quot;yes&quot;,&quot;pause_on_interaction&quot;:&quot;yes&quot;,&quot;infinite&quot;:&quot;yes&quot;,&quot;offset_sides&quot;:&quot;none&quot;,&quot;image_spacing_custom&quot;:{&quot;unit&quot;:&quot;px&quot;,&quot;size&quot;:10,&quot;sizes&quot;:[]},&quot;image_spacing_custom_tablet&quot;:{&quot;unit&quot;:&quot;px&quot;,&quot;size&quot;:&quot;&quot;,&quot;sizes&quot;:[]},&quot;image_spacing_custom_mobile&quot;:{&quot;unit&quot;:&quot;px&quot;,&quot;size&quot;:&quot;&quot;,&quot;sizes&quot;:[]}}\" data-widget_type=\"nested-carousel.default\">\n\t\t\t\t\t\t\t<div class=\"e-n-carousel swiper\" role=\"region\" aria-roledescription=\"carousel\" aria-label=\"Carousel\" dir=\"ltr\">\n\t\t\t<div class=\"swiper-wrapper\" aria-live=\"off\">\n\t\t\t\t\t\t\t\t\t\t<div class=\"swiper-slide\" data-slide=\"1\" role=\"group\" aria-roledescription=\"slide\" aria-label=\"1 of 5\">\n\t\t\t\t\t\t\t<div class=\"elementor-element elementor-element-2821adc e-flex e-con-boxed e-con e-child\" data-id=\"2821adc\" data-element_type=\"container\">\n\t\t\t\t\t<div class=\"e-con-inner\">\n\t\t\t\t<div class=\"elementor-element elementor-element-ce7124c elementor-position-top elementor-widget elementor-widget-image-box\" data-id=\"ce7124c\" data-element_type=\"widget\" data-widget_type=\"image-box.default\">\n\t\t\t\t\t<div class=\"elementor-image-box-wrapper\"><figure class=\"elementor-image-box-img\"><img fetchpriority=\"high\" decoding=\"async\" width=\"2560\" height=\"1279\" src=\"https:\/\/gbc.ma\/wp-content\/uploads\/2025\/09\/2-5-scaled.jpg\" class=\"attachment-full size-full wp-image-6456\" alt=\"\" srcset=\"https:\/\/gbc.ma\/wp-content\/uploads\/2025\/09\/2-5-scaled.jpg 2560w, https:\/\/gbc.ma\/wp-content\/uploads\/2025\/09\/2-5-300x150.jpg 300w, https:\/\/gbc.ma\/wp-content\/uploads\/2025\/09\/2-5-1024x511.jpg 1024w, https:\/\/gbc.ma\/wp-content\/uploads\/2025\/09\/2-5-768x384.jpg 768w, https:\/\/gbc.ma\/wp-content\/uploads\/2025\/09\/2-5-1536x767.jpg 1536w, https:\/\/gbc.ma\/wp-content\/uploads\/2025\/09\/2-5-2048x1023.jpg 2048w\" sizes=\"(max-width: 2560px) 100vw, 2560px\" \/><\/figure><\/div>\t\t\t\t<\/div>\n\t\t\t\t\t<\/div>\n\t\t\t\t<\/div>\n\t\t\t\t\t\t\t\t<\/div>\n\t\t\t\t\t\t\t\t\t\t\t<div class=\"swiper-slide\" data-slide=\"2\" role=\"group\" aria-roledescription=\"slide\" aria-label=\"2 of 5\">\n\t\t\t\t\t\t\t<div class=\"elementor-element elementor-element-fe99c3c e-flex e-con-boxed e-con e-child\" data-id=\"fe99c3c\" data-element_type=\"container\">\n\t\t\t\t\t<div class=\"e-con-inner\">\n\t\t\t\t<div class=\"elementor-element elementor-element-3a5cd08 elementor-position-top elementor-widget elementor-widget-image-box\" data-id=\"3a5cd08\" data-element_type=\"widget\" data-widget_type=\"image-box.default\">\n\t\t\t\t\t<div class=\"elementor-image-box-wrapper\"><figure class=\"elementor-image-box-img\"><img decoding=\"async\" width=\"2560\" height=\"1546\" src=\"https:\/\/gbc.ma\/wp-content\/uploads\/2025\/10\/3-scaled.jpg\" class=\"attachment-full size-full wp-image-6575\" alt=\"\" srcset=\"https:\/\/gbc.ma\/wp-content\/uploads\/2025\/10\/3-scaled.jpg 2560w, https:\/\/gbc.ma\/wp-content\/uploads\/2025\/10\/3-300x181.jpg 300w, https:\/\/gbc.ma\/wp-content\/uploads\/2025\/10\/3-1024x618.jpg 1024w, https:\/\/gbc.ma\/wp-content\/uploads\/2025\/10\/3-768x464.jpg 768w, https:\/\/gbc.ma\/wp-content\/uploads\/2025\/10\/3-1536x928.jpg 1536w, https:\/\/gbc.ma\/wp-content\/uploads\/2025\/10\/3-2048x1237.jpg 2048w\" sizes=\"(max-width: 2560px) 100vw, 2560px\" \/><\/figure><\/div>\t\t\t\t<\/div>\n\t\t\t\t\t<\/div>\n\t\t\t\t<\/div>\n\t\t\t\t\t\t\t\t<\/div>\n\t\t\t\t\t\t\t\t\t\t\t<div class=\"swiper-slide\" data-slide=\"3\" role=\"group\" aria-roledescription=\"slide\" aria-label=\"3 of 5\">\n\t\t\t\t\t\t\t<div class=\"elementor-element elementor-element-ca687c5 e-flex e-con-boxed e-con e-child\" data-id=\"ca687c5\" data-element_type=\"container\">\n\t\t\t\t\t<div class=\"e-con-inner\">\n\t\t\t\t<div class=\"elementor-element elementor-element-625e30c elementor-position-top elementor-widget elementor-widget-image-box\" data-id=\"625e30c\" data-element_type=\"widget\" data-widget_type=\"image-box.default\">\n\t\t\t\t\t<div class=\"elementor-image-box-wrapper\"><figure class=\"elementor-image-box-img\"><img decoding=\"async\" width=\"2464\" height=\"1404\" src=\"https:\/\/gbc.ma\/wp-content\/uploads\/2025\/10\/4.jpg\" class=\"attachment-full size-full wp-image-6819\" alt=\"\" srcset=\"https:\/\/gbc.ma\/wp-content\/uploads\/2025\/10\/4.jpg 2464w, https:\/\/gbc.ma\/wp-content\/uploads\/2025\/10\/4-300x171.jpg 300w, https:\/\/gbc.ma\/wp-content\/uploads\/2025\/10\/4-1024x583.jpg 1024w, https:\/\/gbc.ma\/wp-content\/uploads\/2025\/10\/4-768x438.jpg 768w, https:\/\/gbc.ma\/wp-content\/uploads\/2025\/10\/4-1536x875.jpg 1536w, https:\/\/gbc.ma\/wp-content\/uploads\/2025\/10\/4-2048x1167.jpg 2048w\" sizes=\"(max-width: 2464px) 100vw, 2464px\" \/><\/figure><\/div>\t\t\t\t<\/div>\n\t\t\t\t\t<\/div>\n\t\t\t\t<\/div>\n\t\t\t\t\t\t\t\t<\/div>\n\t\t\t\t\t\t\t\t\t\t\t<div class=\"swiper-slide\" data-slide=\"4\" role=\"group\" aria-roledescription=\"slide\" aria-label=\"4 of 5\">\n\t\t\t\t\t\t\t<div class=\"elementor-element elementor-element-4759fb7 e-flex e-con-boxed e-con e-child\" data-id=\"4759fb7\" data-element_type=\"container\">\n\t\t\t\t\t<div class=\"e-con-inner\">\n\t\t\t\t<div class=\"elementor-element elementor-element-a9697b2 elementor-position-top elementor-widget elementor-widget-image-box\" data-id=\"a9697b2\" data-element_type=\"widget\" data-widget_type=\"image-box.default\">\n\t\t\t\t\t<div class=\"elementor-image-box-wrapper\"><figure class=\"elementor-image-box-img\"><img loading=\"lazy\" decoding=\"async\" width=\"2560\" height=\"1564\" src=\"https:\/\/gbc.ma\/wp-content\/uploads\/2025\/10\/33-scaled.jpg\" class=\"attachment-full size-full wp-image-7061\" alt=\"\" srcset=\"https:\/\/gbc.ma\/wp-content\/uploads\/2025\/10\/33-scaled.jpg 2560w, https:\/\/gbc.ma\/wp-content\/uploads\/2025\/10\/33-300x183.jpg 300w, https:\/\/gbc.ma\/wp-content\/uploads\/2025\/10\/33-1024x626.jpg 1024w, https:\/\/gbc.ma\/wp-content\/uploads\/2025\/10\/33-768x469.jpg 768w, https:\/\/gbc.ma\/wp-content\/uploads\/2025\/10\/33-1536x938.jpg 1536w, https:\/\/gbc.ma\/wp-content\/uploads\/2025\/10\/33-2048x1251.jpg 2048w\" sizes=\"(max-width: 2560px) 100vw, 2560px\" \/><\/figure><\/div>\t\t\t\t<\/div>\n\t\t\t\t\t<\/div>\n\t\t\t\t<\/div>\n\t\t\t\t\t\t\t\t<\/div>\n\t\t\t\t\t\t\t\t\t\t\t<div class=\"swiper-slide\" data-slide=\"5\" role=\"group\" aria-roledescription=\"slide\" aria-label=\"5 of 5\">\n\t\t\t\t\t\t\t<div class=\"elementor-element elementor-element-2c52d66 e-flex e-con-boxed e-con e-child\" data-id=\"2c52d66\" data-element_type=\"container\">\n\t\t\t\t\t<div class=\"e-con-inner\">\n\t\t\t\t<div class=\"elementor-element elementor-element-f6b9f33 elementor-position-top elementor-widget elementor-widget-image-box\" data-id=\"f6b9f33\" data-element_type=\"widget\" data-widget_type=\"image-box.default\">\n\t\t\t\t\t<div class=\"elementor-image-box-wrapper\"><figure class=\"elementor-image-box-img\"><img loading=\"lazy\" decoding=\"async\" width=\"2560\" height=\"1707\" src=\"https:\/\/gbc.ma\/wp-content\/uploads\/2025\/09\/image00015-scaled.jpeg\" class=\"attachment-full size-full wp-image-5705\" alt=\"\" srcset=\"https:\/\/gbc.ma\/wp-content\/uploads\/2025\/09\/image00015-scaled.jpeg 2560w, https:\/\/gbc.ma\/wp-content\/uploads\/2025\/09\/image00015-300x200.jpeg 300w, https:\/\/gbc.ma\/wp-content\/uploads\/2025\/09\/image00015-1024x683.jpeg 1024w, https:\/\/gbc.ma\/wp-content\/uploads\/2025\/09\/image00015-768x512.jpeg 768w, https:\/\/gbc.ma\/wp-content\/uploads\/2025\/09\/image00015-1536x1024.jpeg 1536w, https:\/\/gbc.ma\/wp-content\/uploads\/2025\/09\/image00015-2048x1366.jpeg 2048w\" sizes=\"(max-width: 2560px) 100vw, 2560px\" \/><\/figure><\/div>\t\t\t\t<\/div>\n\t\t\t\t\t<\/div>\n\t\t\t\t<\/div>\n\t\t\t\t\t\t\t\t<\/div>\n\t\t\t\t\t\t\t\t<\/div>\n\t\t<\/div>\n\t\t\t\t\t\t<\/div>\n\t\t\t\t<div class=\"elementor-element elementor-element-2c2e7c5 elementor-widget__width-initial elementor-widget elementor-widget-text-editor\" data-id=\"2c2e7c5\" data-element_type=\"widget\" data-widget_type=\"text-editor.default\">\n\t\t\t\t\t\t\t\t\t<p><span style=\"font-weight: 400;\">Benefit from our extensive experience in event planning and our excellent network of local partners in Morocco and Germany. We support you every step of the way \u2013 from the initial idea to detailed concept development, strategic planning, communication, organization, and successful execution. <\/span><\/p><p><span style=\"font-weight: 400;\">Whether it is a conference, trade fair, seminar, training session, or business and delegation trip, we ensure that every detail is professionally implemented.<\/span><\/p><p><span style=\"font-weight: 400;\">If you would like to hold your event at the GBC in the heart of Casablanca overlooking the historic old town, we offer not only modern facilities but also an experienced team providing expertise, service orientation, and the highest quality standards.<br><\/span><\/p><p><span style=\"font-weight: 400;\">Our goal is to ensure smooth execution while creating the right environment for exchange, networking, and sustainable success.<\/span><\/p>\t\t\t\t\t\t\t\t<\/div>\n\t\t\t\t<\/div>\n\t\t\t\t<\/div>\n\t\t\t\t\t<\/div>\n\t\t\t\t<\/div>\n\t\t<div class=\"elementor-element elementor-element-1cc4fa9 e-con-full e-flex e-con e-parent\" data-id=\"1cc4fa9\" data-element_type=\"container\" data-settings=\"{&quot;background_background&quot;:&quot;classic&quot;}\">\n\t\t\t\t<div class=\"elementor-element elementor-element-68cebc2 elementor-invisible elementor-widget elementor-widget-heading\" data-id=\"68cebc2\" data-element_type=\"widget\" data-settings=\"{&quot;_animation&quot;:&quot;fadeIn&quot;}\" data-widget_type=\"heading.default\">\n\t\t\t\t\t<h2 class=\"elementor-heading-title elementor-size-default\">GBC \u2013 Your reliable partner for customized solutions.<\/h2>\t\t\t\t<\/div>\n\t\t\t\t<div class=\"elementor-element elementor-element-3137d48 elementor-align-center animated-slow elementor-invisible elementor-widget elementor-widget-button\" data-id=\"3137d48\" data-element_type=\"widget\" data-settings=\"{&quot;_animation&quot;:&quot;fadeIn&quot;}\" data-widget_type=\"button.default\">\n\t\t\t\t\t\t\t\t\t\t<a class=\"elementor-button elementor-button-link elementor-size-sm\" href=\"https:\/\/gbc.ma\/en\/contact\/\">\n\t\t\t\t\t\t<span class=\"elementor-button-content-wrapper\">\n\t\t\t\t\t\t\t\t\t<span class=\"elementor-button-text\">Contact us<\/span>\n\t\t\t\t\t<\/span>\n\t\t\t\t\t<\/a>\n\t\t\t\t\t\t\t\t<\/div>\n\t\t\t\t<\/div>\n\t\t\t\t<\/div>\n\t\t","protected":false},"excerpt":{"rendered":"<p>Event management Menu Repr\u00e9sentation commerciale \u00c9tudes de march\u00e9 Conseil Training Gestion d\u2019\u00e9v\u00e9nements Voyage d\u2019affaire et salon B2B | Matchmaking Traduction Logistique Benefit from our extensive experience in event planning and our excellent network of local partners in Morocco and Germany. We support you every step of the way \u2013 from the initial idea to detailed [&hellip;]<\/p>\n","protected":false},"author":1,"featured_media":0,"parent":0,"menu_order":0,"comment_status":"closed","ping_status":"closed","template":"elementor_header_footer","meta":{"footnotes":""},"class_list":["post-3974","page","type-page","status-publish","hentry"],"_links":{"self":[{"href":"https:\/\/gbc.ma\/en\/wp-json\/wp\/v2\/pages\/3974","targetHints":{"allow":["GET"]}}],"collection":[{"href":"https:\/\/gbc.ma\/en\/wp-json\/wp\/v2\/pages"}],"about":[{"href":"https:\/\/gbc.ma\/en\/wp-json\/wp\/v2\/types\/page"}],"author":[{"embeddable":true,"href":"https:\/\/gbc.ma\/en\/wp-json\/wp\/v2\/users\/1"}],"replies":[{"embeddable":true,"href":"https:\/\/gbc.ma\/en\/wp-json\/wp\/v2\/comments?post=3974"}],"version-history":[{"count":41,"href":"https:\/\/gbc.ma\/en\/wp-json\/wp\/v2\/pages\/3974\/revisions"}],"predecessor-version":[{"id":7169,"href":"https:\/\/gbc.ma\/en\/wp-json\/wp\/v2\/pages\/3974\/revisions\/7169"}],"wp:attachment":[{"href":"https:\/\/gbc.ma\/en\/wp-json\/wp\/v2\/media?parent=3974"}],"curies":[{"name":"wp","href":"https:\/\/api.w.org\/{rel}","templated":true}]}}