{"id":6288,"date":"2025-09-30T14:10:04","date_gmt":"2025-09-30T12:10:04","guid":{"rendered":"https:\/\/www.gbc.casa\/training\/"},"modified":"2025-10-02T14:09:40","modified_gmt":"2025-10-02T12:09:40","slug":"training","status":"publish","type":"page","link":"https:\/\/gbc.ma\/de\/training\/","title":{"rendered":"Training"},"content":{"rendered":"\t\t<div data-elementor-type=\"wp-page\" data-elementor-id=\"6288\" class=\"elementor elementor-6288 elementor-6273\" data-elementor-post-type=\"page\">\n\t\t\t\t<div class=\"elementor-element elementor-element-8fb2b9a e-flex e-con-boxed e-con e-parent\" data-id=\"8fb2b9a\" data-element_type=\"container\">\n\t\t\t\t\t<div class=\"e-con-inner\">\n\t\t<div class=\"elementor-element elementor-element-b8c29cb e-con-full e-flex e-con e-child\" data-id=\"b8c29cb\" data-element_type=\"container\">\n\t\t\t\t<div class=\"elementor-element elementor-element-4d302cf elementor-widget elementor-widget-heading\" data-id=\"4d302cf\" data-element_type=\"widget\" data-widget_type=\"heading.default\">\n\t\t\t\t\t<h2 class=\"elementor-heading-title elementor-size-default\">Training<\/h2>\t\t\t\t<\/div>\n\t\t<div class=\"elementor-element elementor-element-6a57933 e-con-full e-flex e-con e-child\" data-id=\"6a57933\" data-element_type=\"container\">\n\t\t\t\t<div class=\"elementor-element elementor-element-8170cd4 elementor-widget-divider--view-line elementor-widget elementor-widget-divider\" data-id=\"8170cd4\" data-element_type=\"widget\" data-widget_type=\"divider.default\">\n\t\t\t\t\t\t\t<div class=\"elementor-divider\">\n\t\t\t<span class=\"elementor-divider-separator\">\n\t\t\t\t\t\t<\/span>\n\t\t<\/div>\n\t\t\t\t\t\t<\/div>\n\t\t\t\t<\/div>\n\t\t\t\t<\/div>\n\t\t<div class=\"elementor-element elementor-element-966d7af e-con-full e-flex e-con e-child\" data-id=\"966d7af\" data-element_type=\"container\">\n\t\t<div class=\"elementor-element elementor-element-03e2242 e-con-full elementor-hidden-tablet elementor-hidden-mobile e-flex e-con e-child\" data-id=\"03e2242\" data-element_type=\"container\">\n\t\t\t\t<div class=\"elementor-element elementor-element-d922dc9 hfe-nav-menu__breakpoint-none hfe-nav-menu__align-left hfe-submenu-icon-arrow hfe-link-redirect-child elementor-widget elementor-widget-navigation-menu\" data-id=\"d922dc9\" data-element_type=\"widget\" data-settings=\"{&quot;padding_horizontal_menu_item&quot;:{&quot;unit&quot;:&quot;px&quot;,&quot;size&quot;:16,&quot;sizes&quot;:[]},&quot;padding_vertical_menu_item&quot;:{&quot;unit&quot;:&quot;px&quot;,&quot;size&quot;:18,&quot;sizes&quot;:[]},&quot;menu_space_between&quot;:{&quot;unit&quot;:&quot;px&quot;,&quot;size&quot;:1,&quot;sizes&quot;:[]},&quot;padding_horizontal_menu_item_tablet&quot;:{&quot;unit&quot;:&quot;px&quot;,&quot;size&quot;:&quot;&quot;,&quot;sizes&quot;:[]},&quot;padding_horizontal_menu_item_mobile&quot;:{&quot;unit&quot;:&quot;px&quot;,&quot;size&quot;:&quot;&quot;,&quot;sizes&quot;:[]},&quot;padding_vertical_menu_item_tablet&quot;:{&quot;unit&quot;:&quot;px&quot;,&quot;size&quot;:&quot;&quot;,&quot;sizes&quot;:[]},&quot;padding_vertical_menu_item_mobile&quot;:{&quot;unit&quot;:&quot;px&quot;,&quot;size&quot;:&quot;&quot;,&quot;sizes&quot;:[]},&quot;menu_space_between_tablet&quot;:{&quot;unit&quot;:&quot;px&quot;,&quot;size&quot;:&quot;&quot;,&quot;sizes&quot;:[]},&quot;menu_space_between_mobile&quot;:{&quot;unit&quot;:&quot;px&quot;,&quot;size&quot;:&quot;&quot;,&quot;sizes&quot;:[]},&quot;dropdown_border_radius&quot;:{&quot;unit&quot;:&quot;px&quot;,&quot;top&quot;:&quot;&quot;,&quot;right&quot;:&quot;&quot;,&quot;bottom&quot;:&quot;&quot;,&quot;left&quot;:&quot;&quot;,&quot;isLinked&quot;:true},&quot;dropdown_border_radius_tablet&quot;:{&quot;unit&quot;:&quot;px&quot;,&quot;top&quot;:&quot;&quot;,&quot;right&quot;:&quot;&quot;,&quot;bottom&quot;:&quot;&quot;,&quot;left&quot;:&quot;&quot;,&quot;isLinked&quot;:true},&quot;dropdown_border_radius_mobile&quot;:{&quot;unit&quot;:&quot;px&quot;,&quot;top&quot;:&quot;&quot;,&quot;right&quot;:&quot;&quot;,&quot;bottom&quot;:&quot;&quot;,&quot;left&quot;:&quot;&quot;,&quot;isLinked&quot;:true},&quot;padding_horizontal_dropdown_item&quot;:{&quot;unit&quot;:&quot;px&quot;,&quot;size&quot;:&quot;&quot;,&quot;sizes&quot;:[]},&quot;padding_horizontal_dropdown_item_tablet&quot;:{&quot;unit&quot;:&quot;px&quot;,&quot;size&quot;:&quot;&quot;,&quot;sizes&quot;:[]},&quot;padding_horizontal_dropdown_item_mobile&quot;:{&quot;unit&quot;:&quot;px&quot;,&quot;size&quot;:&quot;&quot;,&quot;sizes&quot;:[]},&quot;padding_vertical_dropdown_item&quot;:{&quot;unit&quot;:&quot;px&quot;,&quot;size&quot;:15,&quot;sizes&quot;:[]},&quot;padding_vertical_dropdown_item_tablet&quot;:{&quot;unit&quot;:&quot;px&quot;,&quot;size&quot;:&quot;&quot;,&quot;sizes&quot;:[]},&quot;padding_vertical_dropdown_item_mobile&quot;:{&quot;unit&quot;:&quot;px&quot;,&quot;size&quot;:&quot;&quot;,&quot;sizes&quot;:[]},&quot;distance_from_menu&quot;:{&quot;unit&quot;:&quot;px&quot;,&quot;size&quot;:&quot;&quot;,&quot;sizes&quot;:[]},&quot;distance_from_menu_tablet&quot;:{&quot;unit&quot;:&quot;px&quot;,&quot;size&quot;:&quot;&quot;,&quot;sizes&quot;:[]},&quot;distance_from_menu_mobile&quot;:{&quot;unit&quot;:&quot;px&quot;,&quot;size&quot;:&quot;&quot;,&quot;sizes&quot;:[]},&quot;toggle_size&quot;:{&quot;unit&quot;:&quot;px&quot;,&quot;size&quot;:&quot;&quot;,&quot;sizes&quot;:[]},&quot;toggle_size_tablet&quot;:{&quot;unit&quot;:&quot;px&quot;,&quot;size&quot;:&quot;&quot;,&quot;sizes&quot;:[]},&quot;toggle_size_mobile&quot;:{&quot;unit&quot;:&quot;px&quot;,&quot;size&quot;:&quot;&quot;,&quot;sizes&quot;:[]},&quot;toggle_border_width&quot;:{&quot;unit&quot;:&quot;px&quot;,&quot;size&quot;:&quot;&quot;,&quot;sizes&quot;:[]},&quot;toggle_border_width_tablet&quot;:{&quot;unit&quot;:&quot;px&quot;,&quot;size&quot;:&quot;&quot;,&quot;sizes&quot;:[]},&quot;toggle_border_width_mobile&quot;:{&quot;unit&quot;:&quot;px&quot;,&quot;size&quot;:&quot;&quot;,&quot;sizes&quot;:[]},&quot;toggle_border_radius&quot;:{&quot;unit&quot;:&quot;px&quot;,&quot;size&quot;:&quot;&quot;,&quot;sizes&quot;:[]},&quot;toggle_border_radius_tablet&quot;:{&quot;unit&quot;:&quot;px&quot;,&quot;size&quot;:&quot;&quot;,&quot;sizes&quot;:[]},&quot;toggle_border_radius_mobile&quot;:{&quot;unit&quot;:&quot;px&quot;,&quot;size&quot;:&quot;&quot;,&quot;sizes&quot;:[]}}\" data-widget_type=\"navigation-menu.default\">\n\t\t\t\t<div class=\"elementor-widget-container\">\n\t\t\t\t\t\t\t\t<div class=\"hfe-nav-menu hfe-layout-vertical hfe-nav-menu-layout vertical\" data-layout=\"vertical\">\n\t\t\t\t<div role=\"button\" class=\"hfe-nav-menu__toggle elementor-clickable\" tabindex=\"0\" aria-label=\"Menu Toggle\">\n\t\t\t\t\t<span class=\"screen-reader-text\">Men\u00fc<\/span>\n\t\t\t\t\t<div class=\"hfe-nav-menu-icon\">\n\t\t\t\t\t\t\t\t\t\t\t<\/div>\n\t\t\t\t<\/div>\n\t\t\t\t<nav class=\"hfe-nav-menu__layout-vertical hfe-nav-menu__submenu-arrow\" data-toggle-icon=\"\" data-close-icon=\"\" data-full-width=\"\">\n\t\t\t\t\t<ul id=\"menu-1-d922dc9\" class=\"hfe-nav-menu\"><li id=\"menu-item-4762\" class=\"menu-item menu-item-type-post_type menu-item-object-page parent hfe-creative-menu\"><a href=\"https:\/\/gbc.ma\/de\/handelsvertetung\/\" class = \"hfe-menu-item\">Gesch\u00e4ftsrepr\u00e4sentanz<\/a><\/li>\n<li id=\"menu-item-5439\" class=\"menu-item menu-item-type-post_type menu-item-object-page parent hfe-creative-menu\"><a href=\"https:\/\/gbc.ma\/de\/marktstudien\/\" class = \"hfe-menu-item\">Marktstudien<\/a><\/li>\n<li id=\"menu-item-4761\" class=\"menu-item menu-item-type-post_type menu-item-object-page parent hfe-creative-menu\"><a href=\"https:\/\/gbc.ma\/de\/beratung\/\" class = \"hfe-menu-item\">Beratung<\/a><\/li>\n<li id=\"menu-item-6306\" class=\"menu-item menu-item-type-post_type menu-item-object-page parent hfe-creative-menu\"><a href=\"https:\/\/gbc.ma\/de\/training\/\" class = \"hfe-menu-item\">Training<\/a><\/li>\n<li id=\"menu-item-4758\" class=\"menu-item menu-item-type-post_type menu-item-object-page parent hfe-creative-menu\"><a href=\"https:\/\/gbc.ma\/de\/veranstaltungsmanagement\/\" class = \"hfe-menu-item\">Eventmanagement<\/a><\/li>\n<li id=\"menu-item-4759\" class=\"menu-item menu-item-type-post_type menu-item-object-page parent hfe-creative-menu\"><a href=\"https:\/\/gbc.ma\/de\/geschaeftsreisen-messen\/\" class = \"hfe-menu-item\">Gesch\u00e4ftsreisen &amp; Messen<\/a><\/li>\n<li id=\"menu-item-5479\" class=\"menu-item menu-item-type-post_type menu-item-object-page parent hfe-creative-menu\"><a href=\"https:\/\/gbc.ma\/de\/b2b-matchmaking\/\" class = \"hfe-menu-item\">B2B | Matchmaking<\/a><\/li>\n<li id=\"menu-item-4760\" class=\"menu-item menu-item-type-post_type menu-item-object-page parent hfe-creative-menu\"><a href=\"https:\/\/gbc.ma\/de\/dolmetschen-uebersetzen\/\" class = \"hfe-menu-item\">Dolmetschen<\/a><\/li>\n<li id=\"menu-item-4764\" class=\"menu-item menu-item-type-post_type menu-item-object-page parent hfe-creative-menu\"><a href=\"https:\/\/gbc.ma\/de\/logistiks\/\" class = \"hfe-menu-item\">Logistik<\/a><\/li>\n<\/ul> \n\t\t\t\t<\/nav>\n\t\t\t<\/div>\n\t\t\t\t\t\t\t<\/div>\n\t\t\t\t<\/div>\n\t\t\t\t<\/div>\n\t\t<div class=\"elementor-element elementor-element-687ba76 e-con-full e-flex e-con e-child\" data-id=\"687ba76\" data-element_type=\"container\">\n\t\t\t\t<div class=\"elementor-element elementor-element-c1196d3 elementor-widget__width-inherit elementor-widget elementor-widget-n-carousel\" data-id=\"c1196d3\" data-element_type=\"widget\" data-settings=\"{&quot;carousel_items&quot;:[{&quot;slide_title&quot;:&quot;Slide #1&quot;,&quot;_id&quot;:&quot;9dea7b2&quot;},{&quot;slide_title&quot;:&quot;Slide #1&quot;,&quot;_id&quot;:&quot;b56aabd&quot;},{&quot;slide_title&quot;:&quot;Slide #1&quot;,&quot;_id&quot;:&quot;df3f985&quot;},{&quot;slide_title&quot;:&quot;Slide #1&quot;,&quot;_id&quot;:&quot;cb5d17a&quot;},{&quot;slide_title&quot;:&quot;Slide #1&quot;,&quot;_id&quot;:&quot;98f59ad&quot;},{&quot;slide_title&quot;:&quot;Slide #1&quot;,&quot;_id&quot;:&quot;069c6d0&quot;}],&quot;slides_to_show&quot;:&quot;1&quot;,&quot;slides_to_show_tablet&quot;:&quot;1&quot;,&quot;speed&quot;:1000,&quot;autoplay_speed&quot;:2000,&quot;slides_to_show_mobile&quot;:&quot;1&quot;,&quot;autoplay&quot;:&quot;yes&quot;,&quot;pause_on_hover&quot;:&quot;yes&quot;,&quot;pause_on_interaction&quot;:&quot;yes&quot;,&quot;infinite&quot;:&quot;yes&quot;,&quot;offset_sides&quot;:&quot;none&quot;,&quot;image_spacing_custom&quot;:{&quot;unit&quot;:&quot;px&quot;,&quot;size&quot;:10,&quot;sizes&quot;:[]},&quot;image_spacing_custom_tablet&quot;:{&quot;unit&quot;:&quot;px&quot;,&quot;size&quot;:&quot;&quot;,&quot;sizes&quot;:[]},&quot;image_spacing_custom_mobile&quot;:{&quot;unit&quot;:&quot;px&quot;,&quot;size&quot;:&quot;&quot;,&quot;sizes&quot;:[]}}\" data-widget_type=\"nested-carousel.default\">\n\t\t\t\t\t\t\t<div class=\"e-n-carousel swiper\" role=\"region\" aria-roledescription=\"carousel\" aria-label=\"Carousel\" dir=\"ltr\">\n\t\t\t<div class=\"swiper-wrapper\" aria-live=\"off\">\n\t\t\t\t\t\t\t\t\t\t<div class=\"swiper-slide\" data-slide=\"1\" role=\"group\" aria-roledescription=\"slide\" aria-label=\"1 of 6\">\n\t\t\t\t\t\t\t<div class=\"elementor-element elementor-element-ff16125 e-flex e-con-boxed e-con e-child\" data-id=\"ff16125\" data-element_type=\"container\">\n\t\t\t\t\t<div class=\"e-con-inner\">\n\t\t\t\t<div class=\"elementor-element elementor-element-f200239 elementor-position-top elementor-widget elementor-widget-image-box\" data-id=\"f200239\" data-element_type=\"widget\" data-widget_type=\"image-box.default\">\n\t\t\t\t\t<div class=\"elementor-image-box-wrapper\"><figure class=\"elementor-image-box-img\"><img fetchpriority=\"high\" decoding=\"async\" width=\"2016\" height=\"1512\" src=\"https:\/\/gbc.ma\/wp-content\/uploads\/2025\/10\/2-1.jpg\" class=\"attachment-full size-full wp-image-6796\" alt=\"\" srcset=\"https:\/\/gbc.ma\/wp-content\/uploads\/2025\/10\/2-1.jpg 2016w, https:\/\/gbc.ma\/wp-content\/uploads\/2025\/10\/2-1-300x225.jpg 300w, https:\/\/gbc.ma\/wp-content\/uploads\/2025\/10\/2-1-1024x768.jpg 1024w, https:\/\/gbc.ma\/wp-content\/uploads\/2025\/10\/2-1-768x576.jpg 768w, https:\/\/gbc.ma\/wp-content\/uploads\/2025\/10\/2-1-1536x1152.jpg 1536w\" sizes=\"(max-width: 2016px) 100vw, 2016px\" \/><\/figure><\/div>\t\t\t\t<\/div>\n\t\t\t\t\t<\/div>\n\t\t\t\t<\/div>\n\t\t\t\t\t\t\t\t<\/div>\n\t\t\t\t\t\t\t\t\t\t\t<div class=\"swiper-slide\" data-slide=\"2\" role=\"group\" aria-roledescription=\"slide\" aria-label=\"2 of 6\">\n\t\t\t\t\t\t\t<div class=\"elementor-element elementor-element-4978fc9 e-flex e-con-boxed e-con e-child\" data-id=\"4978fc9\" data-element_type=\"container\">\n\t\t\t\t\t<div class=\"e-con-inner\">\n\t\t\t\t<div class=\"elementor-element elementor-element-65529f3 elementor-position-top elementor-widget elementor-widget-image-box\" data-id=\"65529f3\" data-element_type=\"widget\" data-widget_type=\"image-box.default\">\n\t\t\t\t\t<div class=\"elementor-image-box-wrapper\"><figure class=\"elementor-image-box-img\"><img decoding=\"async\" width=\"2560\" height=\"1707\" src=\"https:\/\/gbc.ma\/wp-content\/uploads\/2025\/09\/IMG_50970-scaled.jpg\" class=\"attachment-full size-full wp-image-5940\" alt=\"\" srcset=\"https:\/\/gbc.ma\/wp-content\/uploads\/2025\/09\/IMG_50970-scaled.jpg 2560w, https:\/\/gbc.ma\/wp-content\/uploads\/2025\/09\/IMG_50970-300x200.jpg 300w, https:\/\/gbc.ma\/wp-content\/uploads\/2025\/09\/IMG_50970-1024x683.jpg 1024w, https:\/\/gbc.ma\/wp-content\/uploads\/2025\/09\/IMG_50970-768x512.jpg 768w, https:\/\/gbc.ma\/wp-content\/uploads\/2025\/09\/IMG_50970-1536x1024.jpg 1536w, https:\/\/gbc.ma\/wp-content\/uploads\/2025\/09\/IMG_50970-2048x1365.jpg 2048w\" sizes=\"(max-width: 2560px) 100vw, 2560px\" \/><\/figure><\/div>\t\t\t\t<\/div>\n\t\t\t\t\t<\/div>\n\t\t\t\t<\/div>\n\t\t\t\t\t\t\t\t<\/div>\n\t\t\t\t\t\t\t\t\t\t\t<div class=\"swiper-slide\" data-slide=\"3\" role=\"group\" aria-roledescription=\"slide\" aria-label=\"3 of 6\">\n\t\t\t\t\t\t\t<div class=\"elementor-element elementor-element-0f692b7 e-flex e-con-boxed e-con e-child\" data-id=\"0f692b7\" data-element_type=\"container\">\n\t\t\t\t\t<div class=\"e-con-inner\">\n\t\t\t\t<div class=\"elementor-element elementor-element-7373e42 elementor-position-top elementor-widget elementor-widget-image-box\" data-id=\"7373e42\" data-element_type=\"widget\" data-widget_type=\"image-box.default\">\n\t\t\t\t\t<div class=\"elementor-image-box-wrapper\"><figure class=\"elementor-image-box-img\"><img decoding=\"async\" width=\"2560\" height=\"1707\" src=\"https:\/\/gbc.ma\/wp-content\/uploads\/2025\/09\/image00058-scaled.jpeg\" class=\"attachment-full size-full wp-image-5916\" alt=\"\" srcset=\"https:\/\/gbc.ma\/wp-content\/uploads\/2025\/09\/image00058-scaled.jpeg 2560w, https:\/\/gbc.ma\/wp-content\/uploads\/2025\/09\/image00058-300x200.jpeg 300w, https:\/\/gbc.ma\/wp-content\/uploads\/2025\/09\/image00058-1024x683.jpeg 1024w, https:\/\/gbc.ma\/wp-content\/uploads\/2025\/09\/image00058-768x512.jpeg 768w, https:\/\/gbc.ma\/wp-content\/uploads\/2025\/09\/image00058-1536x1024.jpeg 1536w, https:\/\/gbc.ma\/wp-content\/uploads\/2025\/09\/image00058-2048x1365.jpeg 2048w\" sizes=\"(max-width: 2560px) 100vw, 2560px\" \/><\/figure><\/div>\t\t\t\t<\/div>\n\t\t\t\t\t<\/div>\n\t\t\t\t<\/div>\n\t\t\t\t\t\t\t\t<\/div>\n\t\t\t\t\t\t\t\t\t\t\t<div class=\"swiper-slide\" data-slide=\"4\" role=\"group\" aria-roledescription=\"slide\" aria-label=\"4 of 6\">\n\t\t\t\t\t\t\t<div class=\"elementor-element elementor-element-06f7c81 e-flex e-con-boxed e-con e-child\" data-id=\"06f7c81\" data-element_type=\"container\">\n\t\t\t\t\t<div class=\"e-con-inner\">\n\t\t\t\t<div class=\"elementor-element elementor-element-6d62a93 elementor-position-top elementor-widget elementor-widget-image-box\" data-id=\"6d62a93\" data-element_type=\"widget\" data-widget_type=\"image-box.default\">\n\t\t\t\t\t<div class=\"elementor-image-box-wrapper\"><figure class=\"elementor-image-box-img\"><img loading=\"lazy\" decoding=\"async\" width=\"2560\" height=\"1707\" src=\"https:\/\/gbc.ma\/wp-content\/uploads\/2025\/09\/4-1-scaled.jpeg\" class=\"attachment-full size-full wp-image-6442\" alt=\"\" srcset=\"https:\/\/gbc.ma\/wp-content\/uploads\/2025\/09\/4-1-scaled.jpeg 2560w, https:\/\/gbc.ma\/wp-content\/uploads\/2025\/09\/4-1-300x200.jpeg 300w, https:\/\/gbc.ma\/wp-content\/uploads\/2025\/09\/4-1-1024x683.jpeg 1024w, https:\/\/gbc.ma\/wp-content\/uploads\/2025\/09\/4-1-768x512.jpeg 768w, https:\/\/gbc.ma\/wp-content\/uploads\/2025\/09\/4-1-1536x1024.jpeg 1536w, https:\/\/gbc.ma\/wp-content\/uploads\/2025\/09\/4-1-2048x1365.jpeg 2048w\" sizes=\"(max-width: 2560px) 100vw, 2560px\" \/><\/figure><\/div>\t\t\t\t<\/div>\n\t\t\t\t\t<\/div>\n\t\t\t\t<\/div>\n\t\t\t\t\t\t\t\t<\/div>\n\t\t\t\t\t\t\t\t\t\t\t<div class=\"swiper-slide\" data-slide=\"5\" role=\"group\" aria-roledescription=\"slide\" aria-label=\"5 of 6\">\n\t\t\t\t\t\t\t<div class=\"elementor-element elementor-element-930d3d1 e-flex e-con-boxed e-con e-child\" data-id=\"930d3d1\" data-element_type=\"container\">\n\t\t\t\t\t<div class=\"e-con-inner\">\n\t\t\t\t<div class=\"elementor-element elementor-element-27c91a6 elementor-position-top elementor-widget elementor-widget-image-box\" data-id=\"27c91a6\" data-element_type=\"widget\" data-widget_type=\"image-box.default\">\n\t\t\t\t\t<div class=\"elementor-image-box-wrapper\"><figure class=\"elementor-image-box-img\"><img loading=\"lazy\" decoding=\"async\" width=\"2560\" height=\"1440\" src=\"https:\/\/gbc.ma\/wp-content\/uploads\/2025\/10\/5-scaled.jpg\" class=\"attachment-full size-full wp-image-6788\" alt=\"\" srcset=\"https:\/\/gbc.ma\/wp-content\/uploads\/2025\/10\/5-scaled.jpg 2560w, https:\/\/gbc.ma\/wp-content\/uploads\/2025\/10\/5-300x169.jpg 300w, https:\/\/gbc.ma\/wp-content\/uploads\/2025\/10\/5-1024x576.jpg 1024w, https:\/\/gbc.ma\/wp-content\/uploads\/2025\/10\/5-768x432.jpg 768w, https:\/\/gbc.ma\/wp-content\/uploads\/2025\/10\/5-1536x864.jpg 1536w, https:\/\/gbc.ma\/wp-content\/uploads\/2025\/10\/5-2048x1152.jpg 2048w\" sizes=\"(max-width: 2560px) 100vw, 2560px\" \/><\/figure><\/div>\t\t\t\t<\/div>\n\t\t\t\t\t<\/div>\n\t\t\t\t<\/div>\n\t\t\t\t\t\t\t\t<\/div>\n\t\t\t\t\t\t\t\t\t\t\t<div class=\"swiper-slide\" data-slide=\"6\" role=\"group\" aria-roledescription=\"slide\" aria-label=\"6 of 6\">\n\t\t\t\t\t\t\t<div class=\"elementor-element elementor-element-f38ffb3 e-flex e-con-boxed e-con e-child\" data-id=\"f38ffb3\" data-element_type=\"container\">\n\t\t\t\t\t<div class=\"e-con-inner\">\n\t\t\t\t<div class=\"elementor-element elementor-element-26cfe77 elementor-position-top elementor-widget elementor-widget-image-box\" data-id=\"26cfe77\" data-element_type=\"widget\" data-widget_type=\"image-box.default\">\n\t\t\t\t\t<div class=\"elementor-image-box-wrapper\"><figure class=\"elementor-image-box-img\"><img loading=\"lazy\" decoding=\"async\" width=\"2560\" height=\"1706\" src=\"https:\/\/gbc.ma\/wp-content\/uploads\/2025\/09\/6-scaled.jpeg\" class=\"attachment-full size-full wp-image-6445\" alt=\"\" srcset=\"https:\/\/gbc.ma\/wp-content\/uploads\/2025\/09\/6-scaled.jpeg 2560w, https:\/\/gbc.ma\/wp-content\/uploads\/2025\/09\/6-300x200.jpeg 300w, https:\/\/gbc.ma\/wp-content\/uploads\/2025\/09\/6-1024x682.jpeg 1024w, https:\/\/gbc.ma\/wp-content\/uploads\/2025\/09\/6-768x512.jpeg 768w, https:\/\/gbc.ma\/wp-content\/uploads\/2025\/09\/6-1536x1024.jpeg 1536w, https:\/\/gbc.ma\/wp-content\/uploads\/2025\/09\/6-2048x1365.jpeg 2048w\" sizes=\"(max-width: 2560px) 100vw, 2560px\" \/><\/figure><\/div>\t\t\t\t<\/div>\n\t\t\t\t\t<\/div>\n\t\t\t\t<\/div>\n\t\t\t\t\t\t\t\t<\/div>\n\t\t\t\t\t\t\t\t<\/div>\n\t\t<\/div>\n\t\t\t\t\t\t<\/div>\n\t\t\t\t<div class=\"elementor-element elementor-element-e070d4a elementor-widget__width-initial elementor-widget elementor-widget-text-editor\" data-id=\"e070d4a\" data-element_type=\"widget\" data-widget_type=\"text-editor.default\">\n\t\t\t\t\t\t\t\t\t<p><span style=\"font-weight: 400;\">Sie m\u00f6chten Fortbildungen, Workshops oder Trainings f\u00fcr Ihre Mitarbeiter, Kunden oder Partner durchf\u00fchren und ben\u00f6tigen daf\u00fcr den entsprechenden Rahmen? Das GBC in Casablanca bietet Ihnen ein Rundum-Paket, das weit \u00fcber die Bereitstellung geeigneter R\u00e4umlichkeiten hinausgeht. <\/span><\/p>\n<p><span style=\"font-weight: 400;\">Wir organisieren f\u00fcr Sie den passenden Rahmen und stellen sicher, dass Ihre Veranstaltung reibungslos und erfolgreich verl\u00e4uft. Dazu geh\u00f6ren: <\/span><\/p>\n<ul>\n<li style=\"font-weight: 400;\" aria-level=\"1\"><span style=\"font-weight: 400;\">moderne Seminar- und Konferenzr\u00e4ume in zentraler Lage<\/span><\/li>\n<li style=\"font-weight: 400;\" aria-level=\"1\"><span style=\"font-weight: 400;\">erfahrene Moderatoren, Trainer und Referenten aus verschiedenen Fachgebieten<\/span><\/li>\n<li style=\"font-weight: 400;\" aria-level=\"1\"><span style=\"font-weight: 400;\">Bereitstellung von Moderationsmaterialien, Pr\u00e4sentationstechnik und technischer Ausstattung<\/span><\/li>\n<li style=\"font-weight: 400;\" aria-level=\"1\"><span style=\"font-weight: 400;\">individuelle Betreuung bei der Planung und Durchf\u00fchrung<\/span><\/li>\n<li style=\"font-weight: 400;\" aria-level=\"1\"><span style=\"font-weight: 400;\">Catering und Verpflegung nach Ihren W\u00fcnschen<\/span><\/li>\n<li style=\"font-weight: 400;\" aria-level=\"1\"><span style=\"font-weight: 400;\">auf Wunsch auch Rahmenprogramme zur Abrundung Ihrer Veranstaltung<\/span><\/li>\n<\/ul><div><br><\/div>\n<p><span style=\"font-weight: 400;\">Ob kompakte Workshops, mehrt\u00e4gige Seminare oder Kundentrainings \u2013 mit dem GBC profitieren Sie von professioneller Organisation, moderner Infrastruktur und ma\u00dfgeschneiderten L\u00f6sungen f\u00fcr Ihre Zielgruppe.<\/span><\/p>\t\t\t\t\t\t\t\t<\/div>\n\t\t\t\t<\/div>\n\t\t\t\t<\/div>\n\t\t\t\t\t<\/div>\n\t\t\t\t<\/div>\n\t\t<div class=\"elementor-element elementor-element-5b9b36a e-con-full e-flex e-con e-parent\" data-id=\"5b9b36a\" data-element_type=\"container\" data-settings=\"{&quot;background_background&quot;:&quot;classic&quot;}\">\n\t\t\t\t<div class=\"elementor-element elementor-element-e66ac4a elementor-invisible elementor-widget elementor-widget-heading\" data-id=\"e66ac4a\" data-element_type=\"widget\" data-settings=\"{&quot;_animation&quot;:&quot;fadeIn&quot;}\" data-widget_type=\"heading.default\">\n\t\t\t\t\t<h2 class=\"elementor-heading-title elementor-size-default\">GBC \u2013 Ihr verl\u00e4sslicher Partner f\u00fcr ma\u00dfgeschneiderte L\u00f6sungen.<\/h2>\t\t\t\t<\/div>\n\t\t\t\t<div class=\"elementor-element elementor-element-d542cad elementor-align-center animated-slow elementor-invisible elementor-widget elementor-widget-button\" data-id=\"d542cad\" data-element_type=\"widget\" data-settings=\"{&quot;_animation&quot;:&quot;fadeIn&quot;}\" data-widget_type=\"button.default\">\n\t\t\t\t\t\t\t\t\t\t<a class=\"elementor-button elementor-button-link elementor-size-sm\" href=\"https:\/\/gbc.ma\/de\/kontakt\/\">\n\t\t\t\t\t\t<span class=\"elementor-button-content-wrapper\">\n\t\t\t\t\t\t\t\t\t<span class=\"elementor-button-text\">Kontaktieren Sie uns<\/span>\n\t\t\t\t\t<\/span>\n\t\t\t\t\t<\/a>\n\t\t\t\t\t\t\t\t<\/div>\n\t\t\t\t<\/div>\n\t\t\t\t<\/div>\n\t\t","protected":false},"excerpt":{"rendered":"<p>Training Menu Repr\u00e9sentation commerciale \u00c9tudes de march\u00e9 Conseil Training Gestion d\u2019\u00e9v\u00e9nements Voyage d\u2019affaire et salon B2B | Matchmaking Traduction Logistique Sie m\u00f6chten Fortbildungen, Workshops oder Trainings f\u00fcr Ihre Mitarbeiter, Kunden oder Partner durchf\u00fchren und ben\u00f6tigen daf\u00fcr den entsprechenden Rahmen? Das GBC in Casablanca bietet Ihnen ein Rundum-Paket, das weit \u00fcber die Bereitstellung geeigneter R\u00e4umlichkeiten hinausgeht. [&hellip;]<\/p>\n","protected":false},"author":1,"featured_media":0,"parent":0,"menu_order":0,"comment_status":"closed","ping_status":"closed","template":"elementor_header_footer","meta":{"footnotes":""},"class_list":["post-6288","page","type-page","status-publish","hentry"],"_links":{"self":[{"href":"https:\/\/gbc.ma\/de\/wp-json\/wp\/v2\/pages\/6288","targetHints":{"allow":["GET"]}}],"collection":[{"href":"https:\/\/gbc.ma\/de\/wp-json\/wp\/v2\/pages"}],"about":[{"href":"https:\/\/gbc.ma\/de\/wp-json\/wp\/v2\/types\/page"}],"author":[{"embeddable":true,"href":"https:\/\/gbc.ma\/de\/wp-json\/wp\/v2\/users\/1"}],"replies":[{"embeddable":true,"href":"https:\/\/gbc.ma\/de\/wp-json\/wp\/v2\/comments?post=6288"}],"version-history":[{"count":15,"href":"https:\/\/gbc.ma\/de\/wp-json\/wp\/v2\/pages\/6288\/revisions"}],"predecessor-version":[{"id":7163,"href":"https:\/\/gbc.ma\/de\/wp-json\/wp\/v2\/pages\/6288\/revisions\/7163"}],"wp:attachment":[{"href":"https:\/\/gbc.ma\/de\/wp-json\/wp\/v2\/media?parent=6288"}],"curies":[{"name":"wp","href":"https:\/\/api.w.org\/{rel}","templated":true}]}}