{"id":3977,"date":"2025-09-15T12:13:21","date_gmt":"2025-09-15T10:13:21","guid":{"rendered":"https:\/\/www.gbc.casa\/dolmetschen-uebersetzen\/"},"modified":"2025-10-30T15:40:00","modified_gmt":"2025-10-30T14:40:00","slug":"dolmetschen-uebersetzen","status":"publish","type":"page","link":"https:\/\/gbc.ma\/de\/dolmetschen-uebersetzen\/","title":{"rendered":"Dolmetschen"},"content":{"rendered":"\t\t<div data-elementor-type=\"wp-page\" data-elementor-id=\"3977\" class=\"elementor elementor-3977 elementor-3944\" data-elementor-post-type=\"page\">\n\t\t\t\t<div class=\"elementor-element elementor-element-6a87354 e-flex e-con-boxed e-con e-parent\" data-id=\"6a87354\" data-element_type=\"container\">\n\t\t\t\t\t<div class=\"e-con-inner\">\n\t\t<div class=\"elementor-element elementor-element-9426a16 e-con-full e-flex e-con e-child\" data-id=\"9426a16\" data-element_type=\"container\">\n\t\t\t\t<div class=\"elementor-element elementor-element-e1a7aa3 elementor-widget elementor-widget-heading\" data-id=\"e1a7aa3\" data-element_type=\"widget\" data-widget_type=\"heading.default\">\n\t\t\t\t\t<h2 class=\"elementor-heading-title elementor-size-default\">Dolmetschen<\/h2>\t\t\t\t<\/div>\n\t\t<div class=\"elementor-element elementor-element-ebd7ad3 e-con-full e-flex e-con e-child\" data-id=\"ebd7ad3\" data-element_type=\"container\">\n\t\t\t\t<div class=\"elementor-element elementor-element-2bc8ea4 elementor-widget-divider--view-line elementor-widget elementor-widget-divider\" data-id=\"2bc8ea4\" data-element_type=\"widget\" data-widget_type=\"divider.default\">\n\t\t\t\t\t\t\t<div class=\"elementor-divider\">\n\t\t\t<span class=\"elementor-divider-separator\">\n\t\t\t\t\t\t<\/span>\n\t\t<\/div>\n\t\t\t\t\t\t<\/div>\n\t\t\t\t<\/div>\n\t\t\t\t<\/div>\n\t\t<div class=\"elementor-element elementor-element-e47dd04 e-con-full e-flex e-con e-child\" data-id=\"e47dd04\" data-element_type=\"container\">\n\t\t<div class=\"elementor-element elementor-element-8722029 e-con-full elementor-hidden-tablet elementor-hidden-mobile e-flex e-con e-child\" data-id=\"8722029\" data-element_type=\"container\">\n\t\t\t\t<div class=\"elementor-element elementor-element-3e429eb hfe-nav-menu__breakpoint-none hfe-nav-menu__align-left hfe-submenu-icon-arrow hfe-link-redirect-child elementor-widget elementor-widget-navigation-menu\" data-id=\"3e429eb\" data-element_type=\"widget\" data-settings=\"{&quot;padding_horizontal_menu_item&quot;:{&quot;unit&quot;:&quot;px&quot;,&quot;size&quot;:16,&quot;sizes&quot;:[]},&quot;padding_vertical_menu_item&quot;:{&quot;unit&quot;:&quot;px&quot;,&quot;size&quot;:18,&quot;sizes&quot;:[]},&quot;menu_space_between&quot;:{&quot;unit&quot;:&quot;px&quot;,&quot;size&quot;:1,&quot;sizes&quot;:[]},&quot;padding_horizontal_menu_item_tablet&quot;:{&quot;unit&quot;:&quot;px&quot;,&quot;size&quot;:&quot;&quot;,&quot;sizes&quot;:[]},&quot;padding_horizontal_menu_item_mobile&quot;:{&quot;unit&quot;:&quot;px&quot;,&quot;size&quot;:&quot;&quot;,&quot;sizes&quot;:[]},&quot;padding_vertical_menu_item_tablet&quot;:{&quot;unit&quot;:&quot;px&quot;,&quot;size&quot;:&quot;&quot;,&quot;sizes&quot;:[]},&quot;padding_vertical_menu_item_mobile&quot;:{&quot;unit&quot;:&quot;px&quot;,&quot;size&quot;:&quot;&quot;,&quot;sizes&quot;:[]},&quot;menu_space_between_tablet&quot;:{&quot;unit&quot;:&quot;px&quot;,&quot;size&quot;:&quot;&quot;,&quot;sizes&quot;:[]},&quot;menu_space_between_mobile&quot;:{&quot;unit&quot;:&quot;px&quot;,&quot;size&quot;:&quot;&quot;,&quot;sizes&quot;:[]},&quot;dropdown_border_radius&quot;:{&quot;unit&quot;:&quot;px&quot;,&quot;top&quot;:&quot;&quot;,&quot;right&quot;:&quot;&quot;,&quot;bottom&quot;:&quot;&quot;,&quot;left&quot;:&quot;&quot;,&quot;isLinked&quot;:true},&quot;dropdown_border_radius_tablet&quot;:{&quot;unit&quot;:&quot;px&quot;,&quot;top&quot;:&quot;&quot;,&quot;right&quot;:&quot;&quot;,&quot;bottom&quot;:&quot;&quot;,&quot;left&quot;:&quot;&quot;,&quot;isLinked&quot;:true},&quot;dropdown_border_radius_mobile&quot;:{&quot;unit&quot;:&quot;px&quot;,&quot;top&quot;:&quot;&quot;,&quot;right&quot;:&quot;&quot;,&quot;bottom&quot;:&quot;&quot;,&quot;left&quot;:&quot;&quot;,&quot;isLinked&quot;:true},&quot;padding_horizontal_dropdown_item&quot;:{&quot;unit&quot;:&quot;px&quot;,&quot;size&quot;:&quot;&quot;,&quot;sizes&quot;:[]},&quot;padding_horizontal_dropdown_item_tablet&quot;:{&quot;unit&quot;:&quot;px&quot;,&quot;size&quot;:&quot;&quot;,&quot;sizes&quot;:[]},&quot;padding_horizontal_dropdown_item_mobile&quot;:{&quot;unit&quot;:&quot;px&quot;,&quot;size&quot;:&quot;&quot;,&quot;sizes&quot;:[]},&quot;padding_vertical_dropdown_item&quot;:{&quot;unit&quot;:&quot;px&quot;,&quot;size&quot;:15,&quot;sizes&quot;:[]},&quot;padding_vertical_dropdown_item_tablet&quot;:{&quot;unit&quot;:&quot;px&quot;,&quot;size&quot;:&quot;&quot;,&quot;sizes&quot;:[]},&quot;padding_vertical_dropdown_item_mobile&quot;:{&quot;unit&quot;:&quot;px&quot;,&quot;size&quot;:&quot;&quot;,&quot;sizes&quot;:[]},&quot;distance_from_menu&quot;:{&quot;unit&quot;:&quot;px&quot;,&quot;size&quot;:&quot;&quot;,&quot;sizes&quot;:[]},&quot;distance_from_menu_tablet&quot;:{&quot;unit&quot;:&quot;px&quot;,&quot;size&quot;:&quot;&quot;,&quot;sizes&quot;:[]},&quot;distance_from_menu_mobile&quot;:{&quot;unit&quot;:&quot;px&quot;,&quot;size&quot;:&quot;&quot;,&quot;sizes&quot;:[]},&quot;toggle_size&quot;:{&quot;unit&quot;:&quot;px&quot;,&quot;size&quot;:&quot;&quot;,&quot;sizes&quot;:[]},&quot;toggle_size_tablet&quot;:{&quot;unit&quot;:&quot;px&quot;,&quot;size&quot;:&quot;&quot;,&quot;sizes&quot;:[]},&quot;toggle_size_mobile&quot;:{&quot;unit&quot;:&quot;px&quot;,&quot;size&quot;:&quot;&quot;,&quot;sizes&quot;:[]},&quot;toggle_border_width&quot;:{&quot;unit&quot;:&quot;px&quot;,&quot;size&quot;:&quot;&quot;,&quot;sizes&quot;:[]},&quot;toggle_border_width_tablet&quot;:{&quot;unit&quot;:&quot;px&quot;,&quot;size&quot;:&quot;&quot;,&quot;sizes&quot;:[]},&quot;toggle_border_width_mobile&quot;:{&quot;unit&quot;:&quot;px&quot;,&quot;size&quot;:&quot;&quot;,&quot;sizes&quot;:[]},&quot;toggle_border_radius&quot;:{&quot;unit&quot;:&quot;px&quot;,&quot;size&quot;:&quot;&quot;,&quot;sizes&quot;:[]},&quot;toggle_border_radius_tablet&quot;:{&quot;unit&quot;:&quot;px&quot;,&quot;size&quot;:&quot;&quot;,&quot;sizes&quot;:[]},&quot;toggle_border_radius_mobile&quot;:{&quot;unit&quot;:&quot;px&quot;,&quot;size&quot;:&quot;&quot;,&quot;sizes&quot;:[]}}\" data-widget_type=\"navigation-menu.default\">\n\t\t\t\t<div class=\"elementor-widget-container\">\n\t\t\t\t\t\t\t\t<div class=\"hfe-nav-menu hfe-layout-vertical hfe-nav-menu-layout vertical\" data-layout=\"vertical\">\n\t\t\t\t<div role=\"button\" class=\"hfe-nav-menu__toggle elementor-clickable\" tabindex=\"0\" aria-label=\"Menu Toggle\">\n\t\t\t\t\t<span class=\"screen-reader-text\">Men\u00fc<\/span>\n\t\t\t\t\t<div class=\"hfe-nav-menu-icon\">\n\t\t\t\t\t\t\t\t\t\t\t<\/div>\n\t\t\t\t<\/div>\n\t\t\t\t<nav class=\"hfe-nav-menu__layout-vertical hfe-nav-menu__submenu-arrow\" data-toggle-icon=\"\" data-close-icon=\"\" data-full-width=\"\">\n\t\t\t\t\t<ul id=\"menu-1-3e429eb\" class=\"hfe-nav-menu\"><li id=\"menu-item-4762\" class=\"menu-item menu-item-type-post_type menu-item-object-page parent hfe-creative-menu\"><a href=\"https:\/\/gbc.ma\/de\/handelsvertetung\/\" class = \"hfe-menu-item\">Gesch\u00e4ftsrepr\u00e4sentanz<\/a><\/li>\n<li id=\"menu-item-5439\" class=\"menu-item menu-item-type-post_type menu-item-object-page parent hfe-creative-menu\"><a href=\"https:\/\/gbc.ma\/de\/marktstudien\/\" class = \"hfe-menu-item\">Marktstudien<\/a><\/li>\n<li id=\"menu-item-4761\" class=\"menu-item menu-item-type-post_type menu-item-object-page parent hfe-creative-menu\"><a href=\"https:\/\/gbc.ma\/de\/beratung\/\" class = \"hfe-menu-item\">Beratung<\/a><\/li>\n<li id=\"menu-item-6306\" class=\"menu-item menu-item-type-post_type menu-item-object-page parent hfe-creative-menu\"><a href=\"https:\/\/gbc.ma\/de\/training\/\" class = \"hfe-menu-item\">Training<\/a><\/li>\n<li id=\"menu-item-4758\" class=\"menu-item menu-item-type-post_type menu-item-object-page parent hfe-creative-menu\"><a href=\"https:\/\/gbc.ma\/de\/veranstaltungsmanagement\/\" class = \"hfe-menu-item\">Eventmanagement<\/a><\/li>\n<li id=\"menu-item-4759\" class=\"menu-item menu-item-type-post_type menu-item-object-page parent hfe-creative-menu\"><a href=\"https:\/\/gbc.ma\/de\/geschaeftsreisen-messen\/\" class = \"hfe-menu-item\">Gesch\u00e4ftsreisen &amp; Messen<\/a><\/li>\n<li id=\"menu-item-5479\" class=\"menu-item menu-item-type-post_type menu-item-object-page parent hfe-creative-menu\"><a href=\"https:\/\/gbc.ma\/de\/b2b-matchmaking\/\" class = \"hfe-menu-item\">B2B | Matchmaking<\/a><\/li>\n<li id=\"menu-item-4760\" class=\"menu-item menu-item-type-post_type menu-item-object-page parent hfe-creative-menu\"><a href=\"https:\/\/gbc.ma\/de\/dolmetschen-uebersetzen\/\" class = \"hfe-menu-item\">Dolmetschen<\/a><\/li>\n<li id=\"menu-item-4764\" class=\"menu-item menu-item-type-post_type menu-item-object-page parent hfe-creative-menu\"><a href=\"https:\/\/gbc.ma\/de\/logistiks\/\" class = \"hfe-menu-item\">Logistik<\/a><\/li>\n<\/ul> \n\t\t\t\t<\/nav>\n\t\t\t<\/div>\n\t\t\t\t\t\t\t<\/div>\n\t\t\t\t<\/div>\n\t\t\t\t<\/div>\n\t\t<div class=\"elementor-element elementor-element-ce45d4e e-con-full e-flex e-con e-child\" data-id=\"ce45d4e\" data-element_type=\"container\">\n\t\t\t\t<div class=\"elementor-element elementor-element-6593176 elementor-widget__width-inherit elementor-widget elementor-widget-n-carousel\" data-id=\"6593176\" data-element_type=\"widget\" data-settings=\"{&quot;carousel_items&quot;:[{&quot;slide_title&quot;:&quot;Slide #1&quot;,&quot;_id&quot;:&quot;9dea7b2&quot;},{&quot;slide_title&quot;:&quot;Slide #1&quot;,&quot;_id&quot;:&quot;cb5d17a&quot;},{&quot;slide_title&quot;:&quot;Slide #1&quot;,&quot;_id&quot;:&quot;069c6d0&quot;}],&quot;slides_to_show&quot;:&quot;1&quot;,&quot;slides_to_show_tablet&quot;:&quot;1&quot;,&quot;speed&quot;:1000,&quot;autoplay_speed&quot;:2000,&quot;slides_to_show_mobile&quot;:&quot;1&quot;,&quot;autoplay&quot;:&quot;yes&quot;,&quot;pause_on_hover&quot;:&quot;yes&quot;,&quot;pause_on_interaction&quot;:&quot;yes&quot;,&quot;infinite&quot;:&quot;yes&quot;,&quot;offset_sides&quot;:&quot;none&quot;,&quot;image_spacing_custom&quot;:{&quot;unit&quot;:&quot;px&quot;,&quot;size&quot;:10,&quot;sizes&quot;:[]},&quot;image_spacing_custom_tablet&quot;:{&quot;unit&quot;:&quot;px&quot;,&quot;size&quot;:&quot;&quot;,&quot;sizes&quot;:[]},&quot;image_spacing_custom_mobile&quot;:{&quot;unit&quot;:&quot;px&quot;,&quot;size&quot;:&quot;&quot;,&quot;sizes&quot;:[]}}\" data-widget_type=\"nested-carousel.default\">\n\t\t\t\t\t\t\t<div class=\"e-n-carousel swiper\" role=\"region\" aria-roledescription=\"carousel\" aria-label=\"Carousel\" dir=\"ltr\">\n\t\t\t<div class=\"swiper-wrapper\" aria-live=\"off\">\n\t\t\t\t\t\t\t\t\t\t<div class=\"swiper-slide\" data-slide=\"1\" role=\"group\" aria-roledescription=\"slide\" aria-label=\"1 of 3\">\n\t\t\t\t\t\t\t<div class=\"elementor-element elementor-element-0bfd111 e-flex e-con-boxed e-con e-child\" data-id=\"0bfd111\" data-element_type=\"container\">\n\t\t\t\t\t<div class=\"e-con-inner\">\n\t\t\t\t<div class=\"elementor-element elementor-element-59f1ec6 elementor-position-top elementor-widget elementor-widget-image-box\" data-id=\"59f1ec6\" data-element_type=\"widget\" data-widget_type=\"image-box.default\">\n\t\t\t\t\t<div class=\"elementor-image-box-wrapper\"><figure class=\"elementor-image-box-img\"><img fetchpriority=\"high\" decoding=\"async\" width=\"2560\" height=\"1709\" src=\"https:\/\/gbc.ma\/wp-content\/uploads\/2025\/09\/2-2-scaled.jpg\" class=\"attachment-full size-full wp-image-6402\" alt=\"\" srcset=\"https:\/\/gbc.ma\/wp-content\/uploads\/2025\/09\/2-2-scaled.jpg 2560w, https:\/\/gbc.ma\/wp-content\/uploads\/2025\/09\/2-2-300x200.jpg 300w, https:\/\/gbc.ma\/wp-content\/uploads\/2025\/09\/2-2-1024x684.jpg 1024w, https:\/\/gbc.ma\/wp-content\/uploads\/2025\/09\/2-2-768x513.jpg 768w, https:\/\/gbc.ma\/wp-content\/uploads\/2025\/09\/2-2-1536x1025.jpg 1536w, https:\/\/gbc.ma\/wp-content\/uploads\/2025\/09\/2-2-2048x1367.jpg 2048w\" sizes=\"(max-width: 2560px) 100vw, 2560px\" \/><\/figure><\/div>\t\t\t\t<\/div>\n\t\t\t\t\t<\/div>\n\t\t\t\t<\/div>\n\t\t\t\t\t\t\t\t<\/div>\n\t\t\t\t\t\t\t\t\t\t\t<div class=\"swiper-slide\" data-slide=\"2\" role=\"group\" aria-roledescription=\"slide\" aria-label=\"2 of 3\">\n\t\t\t\t\t\t\t<div class=\"elementor-element elementor-element-359d26c e-flex e-con-boxed e-con e-child\" data-id=\"359d26c\" data-element_type=\"container\">\n\t\t\t\t\t<div class=\"e-con-inner\">\n\t\t\t\t<div class=\"elementor-element elementor-element-eb15110 elementor-position-top elementor-widget elementor-widget-image-box\" data-id=\"eb15110\" data-element_type=\"widget\" data-widget_type=\"image-box.default\">\n\t\t\t\t\t<div class=\"elementor-image-box-wrapper\"><figure class=\"elementor-image-box-img\"><img decoding=\"async\" width=\"2560\" height=\"1920\" src=\"https:\/\/gbc.ma\/wp-content\/uploads\/2025\/10\/3-2-scaled.jpg\" class=\"attachment-full size-full wp-image-6846\" alt=\"\" srcset=\"https:\/\/gbc.ma\/wp-content\/uploads\/2025\/10\/3-2-scaled.jpg 2560w, https:\/\/gbc.ma\/wp-content\/uploads\/2025\/10\/3-2-300x225.jpg 300w, https:\/\/gbc.ma\/wp-content\/uploads\/2025\/10\/3-2-1024x768.jpg 1024w, https:\/\/gbc.ma\/wp-content\/uploads\/2025\/10\/3-2-768x576.jpg 768w, https:\/\/gbc.ma\/wp-content\/uploads\/2025\/10\/3-2-1536x1152.jpg 1536w, https:\/\/gbc.ma\/wp-content\/uploads\/2025\/10\/3-2-2048x1536.jpg 2048w\" sizes=\"(max-width: 2560px) 100vw, 2560px\" \/><\/figure><\/div>\t\t\t\t<\/div>\n\t\t\t\t\t<\/div>\n\t\t\t\t<\/div>\n\t\t\t\t\t\t\t\t<\/div>\n\t\t\t\t\t\t\t\t\t\t\t<div class=\"swiper-slide\" data-slide=\"3\" role=\"group\" aria-roledescription=\"slide\" aria-label=\"3 of 3\">\n\t\t\t\t\t\t\t<div class=\"elementor-element elementor-element-eb00ca6 e-flex e-con-boxed e-con e-child\" data-id=\"eb00ca6\" data-element_type=\"container\">\n\t\t\t\t\t<div class=\"e-con-inner\">\n\t\t\t\t<div class=\"elementor-element elementor-element-1540e82 elementor-position-top elementor-widget elementor-widget-image-box\" data-id=\"1540e82\" data-element_type=\"widget\" data-widget_type=\"image-box.default\">\n\t\t\t\t\t<div class=\"elementor-image-box-wrapper\"><figure class=\"elementor-image-box-img\"><img decoding=\"async\" width=\"2560\" height=\"1709\" src=\"https:\/\/gbc.ma\/wp-content\/uploads\/2025\/09\/4-1-scaled.jpg\" class=\"attachment-full size-full wp-image-6405\" alt=\"\" srcset=\"https:\/\/gbc.ma\/wp-content\/uploads\/2025\/09\/4-1-scaled.jpg 2560w, https:\/\/gbc.ma\/wp-content\/uploads\/2025\/09\/4-1-300x200.jpg 300w, https:\/\/gbc.ma\/wp-content\/uploads\/2025\/09\/4-1-1024x684.jpg 1024w, https:\/\/gbc.ma\/wp-content\/uploads\/2025\/09\/4-1-768x513.jpg 768w, https:\/\/gbc.ma\/wp-content\/uploads\/2025\/09\/4-1-1536x1025.jpg 1536w, https:\/\/gbc.ma\/wp-content\/uploads\/2025\/09\/4-1-2048x1367.jpg 2048w\" sizes=\"(max-width: 2560px) 100vw, 2560px\" \/><\/figure><\/div>\t\t\t\t<\/div>\n\t\t\t\t\t<\/div>\n\t\t\t\t<\/div>\n\t\t\t\t\t\t\t\t<\/div>\n\t\t\t\t\t\t\t\t<\/div>\n\t\t<\/div>\n\t\t\t\t\t\t<\/div>\n\t\t\t\t<div class=\"elementor-element elementor-element-4011508 elementor-widget__width-initial elementor-widget elementor-widget-text-editor\" data-id=\"4011508\" data-element_type=\"widget\" data-widget_type=\"text-editor.default\">\n\t\t\t\t\t\t\t\t\t<p><span style=\"font-weight: 400;\">Das GBC bietet Ihnen schnelle und pr\u00e4zise \u00dcbersetzungen sowie professionelle Dolmetscherdienste in den Sprachen Arabisch, Deutsch, Englisch und Franz\u00f6sisch.<\/span><\/p><p><span style=\"font-weight: 400;\">Unser Service umfasst:<\/span><\/p><ul><li style=\"font-weight: 400;\" aria-level=\"1\"><span style=\"font-weight: 400;\">Beglaubigte \u00dcbersetzungen offizieller Dokumente f\u00fcr Beh\u00f6rden und Institutionen (z. B. Urkunden, Vertr\u00e4ge, Zertifikate, Export- und Gerichtsdokumente).<\/span><\/li><li style=\"font-weight: 400;\" aria-level=\"1\"><span style=\"font-weight: 400;\">Dolmetscherdienste f\u00fcr Veranstaltungen und Konferenzen, Fl\u00fcsterdolmetschen sowie pers\u00f6nliche Begleitung bei Gesch\u00e4ftsgespr\u00e4chen oder diplomatischen Vertretungen<\/span><\/li><li style=\"font-weight: 400;\" aria-level=\"1\"><span style=\"font-weight: 400;\">Fach\u00fcbersetzungen von Marketingmaterialien, Webseiten, technischen Unterlagen und Unternehmenskommunikation.<\/span><\/li><li style=\"font-weight: 400;\" aria-level=\"1\"><span style=\"font-weight: 400;\">Korrektur und Revision bereits erstellter \u00dcbersetzungen.<\/span><span style=\"font-weight: 400;\"><br><\/span><\/li><\/ul><p><br><span style=\"font-weight: 400;\">Ob gesch\u00e4ftlich oder privat \u2013 mit dem GBC in Casablanca profitieren Sie von professionellen, zuverl\u00e4ssigen und passgenauen Sprachl\u00f6sungen.<\/span><\/p>\t\t\t\t\t\t\t\t<\/div>\n\t\t\t\t<\/div>\n\t\t\t\t<\/div>\n\t\t\t\t\t<\/div>\n\t\t\t\t<\/div>\n\t\t<div class=\"elementor-element elementor-element-83918f4 e-con-full e-flex e-con e-parent\" data-id=\"83918f4\" data-element_type=\"container\" data-settings=\"{&quot;background_background&quot;:&quot;classic&quot;}\">\n\t\t\t\t<div class=\"elementor-element elementor-element-51dbdae elementor-invisible elementor-widget elementor-widget-heading\" data-id=\"51dbdae\" data-element_type=\"widget\" data-settings=\"{&quot;_animation&quot;:&quot;fadeIn&quot;}\" data-widget_type=\"heading.default\">\n\t\t\t\t\t<h2 class=\"elementor-heading-title elementor-size-default\">GBC \u2013 Ihr verl\u00e4sslicher Partner f\u00fcr ma\u00dfgeschneiderte L\u00f6sungen.<\/h2>\t\t\t\t<\/div>\n\t\t\t\t<div class=\"elementor-element elementor-element-3b2d9fd elementor-align-center animated-slow elementor-invisible elementor-widget elementor-widget-button\" data-id=\"3b2d9fd\" data-element_type=\"widget\" data-settings=\"{&quot;_animation&quot;:&quot;fadeIn&quot;}\" data-widget_type=\"button.default\">\n\t\t\t\t\t\t\t\t\t\t<a class=\"elementor-button elementor-button-link elementor-size-sm\" href=\"https:\/\/www.gbc.casa\/de\/kontakt\/\">\n\t\t\t\t\t\t<span class=\"elementor-button-content-wrapper\">\n\t\t\t\t\t\t\t\t\t<span class=\"elementor-button-text\">Kontaktieren Sie uns<\/span>\n\t\t\t\t\t<\/span>\n\t\t\t\t\t<\/a>\n\t\t\t\t\t\t\t\t<\/div>\n\t\t\t\t<\/div>\n\t\t\t\t<\/div>\n\t\t","protected":false},"excerpt":{"rendered":"<p>Dolmetschen Menu Repr\u00e9sentation commerciale \u00c9tudes de march\u00e9 Conseil Training Gestion d\u2019\u00e9v\u00e9nements Voyage d\u2019affaire et salon B2B | Matchmaking Traduction Logistique Das GBC bietet Ihnen schnelle und pr\u00e4zise \u00dcbersetzungen sowie professionelle Dolmetscherdienste in den Sprachen Arabisch, Deutsch, Englisch und Franz\u00f6sisch. Unser Service umfasst: Beglaubigte \u00dcbersetzungen offizieller Dokumente f\u00fcr Beh\u00f6rden und Institutionen (z. B. Urkunden, Vertr\u00e4ge, Zertifikate, [&hellip;]<\/p>\n","protected":false},"author":1,"featured_media":0,"parent":0,"menu_order":0,"comment_status":"closed","ping_status":"closed","template":"elementor_header_footer","meta":{"footnotes":""},"class_list":["post-3977","page","type-page","status-publish","hentry"],"_links":{"self":[{"href":"https:\/\/gbc.ma\/de\/wp-json\/wp\/v2\/pages\/3977","targetHints":{"allow":["GET"]}}],"collection":[{"href":"https:\/\/gbc.ma\/de\/wp-json\/wp\/v2\/pages"}],"about":[{"href":"https:\/\/gbc.ma\/de\/wp-json\/wp\/v2\/types\/page"}],"author":[{"embeddable":true,"href":"https:\/\/gbc.ma\/de\/wp-json\/wp\/v2\/users\/1"}],"replies":[{"embeddable":true,"href":"https:\/\/gbc.ma\/de\/wp-json\/wp\/v2\/comments?post=3977"}],"version-history":[{"count":10,"href":"https:\/\/gbc.ma\/de\/wp-json\/wp\/v2\/pages\/3977\/revisions"}],"predecessor-version":[{"id":7686,"href":"https:\/\/gbc.ma\/de\/wp-json\/wp\/v2\/pages\/3977\/revisions\/7686"}],"wp:attachment":[{"href":"https:\/\/gbc.ma\/de\/wp-json\/wp\/v2\/media?parent=3977"}],"curies":[{"name":"wp","href":"https:\/\/api.w.org\/{rel}","templated":true}]}}