{"id":3973,"date":"2025-09-15T12:13:21","date_gmt":"2025-09-15T10:13:21","guid":{"rendered":"https:\/\/www.gbc.casa\/beratung\/"},"modified":"2025-10-02T14:08:29","modified_gmt":"2025-10-02T12:08:29","slug":"beratung","status":"publish","type":"page","link":"https:\/\/gbc.ma\/de\/beratung\/","title":{"rendered":"Beratung"},"content":{"rendered":"\t\t<div data-elementor-type=\"wp-page\" data-elementor-id=\"3973\" class=\"elementor elementor-3973 elementor-3938\" data-elementor-post-type=\"page\">\n\t\t\t\t<div class=\"elementor-element elementor-element-c393ae9 e-flex e-con-boxed e-con e-parent\" data-id=\"c393ae9\" data-element_type=\"container\">\n\t\t\t\t\t<div class=\"e-con-inner\">\n\t\t<div class=\"elementor-element elementor-element-522e8c8 e-con-full e-flex e-con e-child\" data-id=\"522e8c8\" data-element_type=\"container\">\n\t\t\t\t<div class=\"elementor-element elementor-element-3867a95 elementor-widget elementor-widget-heading\" data-id=\"3867a95\" data-element_type=\"widget\" data-widget_type=\"heading.default\">\n\t\t\t\t\t<h2 class=\"elementor-heading-title elementor-size-default\">Beratung<\/h2>\t\t\t\t<\/div>\n\t\t<div class=\"elementor-element elementor-element-070e02d e-con-full e-flex e-con e-child\" data-id=\"070e02d\" data-element_type=\"container\">\n\t\t\t\t<div class=\"elementor-element elementor-element-5a53eac elementor-widget-divider--view-line elementor-widget elementor-widget-divider\" data-id=\"5a53eac\" data-element_type=\"widget\" data-widget_type=\"divider.default\">\n\t\t\t\t\t\t\t<div class=\"elementor-divider\">\n\t\t\t<span class=\"elementor-divider-separator\">\n\t\t\t\t\t\t<\/span>\n\t\t<\/div>\n\t\t\t\t\t\t<\/div>\n\t\t\t\t<\/div>\n\t\t\t\t<\/div>\n\t\t<div class=\"elementor-element elementor-element-d8859d0 e-con-full e-flex e-con e-child\" data-id=\"d8859d0\" data-element_type=\"container\">\n\t\t<div class=\"elementor-element elementor-element-2963e75 e-con-full elementor-hidden-tablet elementor-hidden-mobile e-flex e-con e-child\" data-id=\"2963e75\" data-element_type=\"container\">\n\t\t\t\t<div class=\"elementor-element elementor-element-52521d4 hfe-nav-menu__breakpoint-none hfe-nav-menu__align-left hfe-submenu-icon-arrow hfe-link-redirect-child elementor-widget elementor-widget-navigation-menu\" data-id=\"52521d4\" data-element_type=\"widget\" data-settings=\"{&quot;padding_horizontal_menu_item&quot;:{&quot;unit&quot;:&quot;px&quot;,&quot;size&quot;:16,&quot;sizes&quot;:[]},&quot;padding_vertical_menu_item&quot;:{&quot;unit&quot;:&quot;px&quot;,&quot;size&quot;:18,&quot;sizes&quot;:[]},&quot;menu_space_between&quot;:{&quot;unit&quot;:&quot;px&quot;,&quot;size&quot;:1,&quot;sizes&quot;:[]},&quot;padding_horizontal_menu_item_tablet&quot;:{&quot;unit&quot;:&quot;px&quot;,&quot;size&quot;:&quot;&quot;,&quot;sizes&quot;:[]},&quot;padding_horizontal_menu_item_mobile&quot;:{&quot;unit&quot;:&quot;px&quot;,&quot;size&quot;:&quot;&quot;,&quot;sizes&quot;:[]},&quot;padding_vertical_menu_item_tablet&quot;:{&quot;unit&quot;:&quot;px&quot;,&quot;size&quot;:&quot;&quot;,&quot;sizes&quot;:[]},&quot;padding_vertical_menu_item_mobile&quot;:{&quot;unit&quot;:&quot;px&quot;,&quot;size&quot;:&quot;&quot;,&quot;sizes&quot;:[]},&quot;menu_space_between_tablet&quot;:{&quot;unit&quot;:&quot;px&quot;,&quot;size&quot;:&quot;&quot;,&quot;sizes&quot;:[]},&quot;menu_space_between_mobile&quot;:{&quot;unit&quot;:&quot;px&quot;,&quot;size&quot;:&quot;&quot;,&quot;sizes&quot;:[]},&quot;dropdown_border_radius&quot;:{&quot;unit&quot;:&quot;px&quot;,&quot;top&quot;:&quot;&quot;,&quot;right&quot;:&quot;&quot;,&quot;bottom&quot;:&quot;&quot;,&quot;left&quot;:&quot;&quot;,&quot;isLinked&quot;:true},&quot;dropdown_border_radius_tablet&quot;:{&quot;unit&quot;:&quot;px&quot;,&quot;top&quot;:&quot;&quot;,&quot;right&quot;:&quot;&quot;,&quot;bottom&quot;:&quot;&quot;,&quot;left&quot;:&quot;&quot;,&quot;isLinked&quot;:true},&quot;dropdown_border_radius_mobile&quot;:{&quot;unit&quot;:&quot;px&quot;,&quot;top&quot;:&quot;&quot;,&quot;right&quot;:&quot;&quot;,&quot;bottom&quot;:&quot;&quot;,&quot;left&quot;:&quot;&quot;,&quot;isLinked&quot;:true},&quot;padding_horizontal_dropdown_item&quot;:{&quot;unit&quot;:&quot;px&quot;,&quot;size&quot;:&quot;&quot;,&quot;sizes&quot;:[]},&quot;padding_horizontal_dropdown_item_tablet&quot;:{&quot;unit&quot;:&quot;px&quot;,&quot;size&quot;:&quot;&quot;,&quot;sizes&quot;:[]},&quot;padding_horizontal_dropdown_item_mobile&quot;:{&quot;unit&quot;:&quot;px&quot;,&quot;size&quot;:&quot;&quot;,&quot;sizes&quot;:[]},&quot;padding_vertical_dropdown_item&quot;:{&quot;unit&quot;:&quot;px&quot;,&quot;size&quot;:15,&quot;sizes&quot;:[]},&quot;padding_vertical_dropdown_item_tablet&quot;:{&quot;unit&quot;:&quot;px&quot;,&quot;size&quot;:&quot;&quot;,&quot;sizes&quot;:[]},&quot;padding_vertical_dropdown_item_mobile&quot;:{&quot;unit&quot;:&quot;px&quot;,&quot;size&quot;:&quot;&quot;,&quot;sizes&quot;:[]},&quot;distance_from_menu&quot;:{&quot;unit&quot;:&quot;px&quot;,&quot;size&quot;:&quot;&quot;,&quot;sizes&quot;:[]},&quot;distance_from_menu_tablet&quot;:{&quot;unit&quot;:&quot;px&quot;,&quot;size&quot;:&quot;&quot;,&quot;sizes&quot;:[]},&quot;distance_from_menu_mobile&quot;:{&quot;unit&quot;:&quot;px&quot;,&quot;size&quot;:&quot;&quot;,&quot;sizes&quot;:[]},&quot;toggle_size&quot;:{&quot;unit&quot;:&quot;px&quot;,&quot;size&quot;:&quot;&quot;,&quot;sizes&quot;:[]},&quot;toggle_size_tablet&quot;:{&quot;unit&quot;:&quot;px&quot;,&quot;size&quot;:&quot;&quot;,&quot;sizes&quot;:[]},&quot;toggle_size_mobile&quot;:{&quot;unit&quot;:&quot;px&quot;,&quot;size&quot;:&quot;&quot;,&quot;sizes&quot;:[]},&quot;toggle_border_width&quot;:{&quot;unit&quot;:&quot;px&quot;,&quot;size&quot;:&quot;&quot;,&quot;sizes&quot;:[]},&quot;toggle_border_width_tablet&quot;:{&quot;unit&quot;:&quot;px&quot;,&quot;size&quot;:&quot;&quot;,&quot;sizes&quot;:[]},&quot;toggle_border_width_mobile&quot;:{&quot;unit&quot;:&quot;px&quot;,&quot;size&quot;:&quot;&quot;,&quot;sizes&quot;:[]},&quot;toggle_border_radius&quot;:{&quot;unit&quot;:&quot;px&quot;,&quot;size&quot;:&quot;&quot;,&quot;sizes&quot;:[]},&quot;toggle_border_radius_tablet&quot;:{&quot;unit&quot;:&quot;px&quot;,&quot;size&quot;:&quot;&quot;,&quot;sizes&quot;:[]},&quot;toggle_border_radius_mobile&quot;:{&quot;unit&quot;:&quot;px&quot;,&quot;size&quot;:&quot;&quot;,&quot;sizes&quot;:[]}}\" data-widget_type=\"navigation-menu.default\">\n\t\t\t\t<div class=\"elementor-widget-container\">\n\t\t\t\t\t\t\t\t<div class=\"hfe-nav-menu hfe-layout-vertical hfe-nav-menu-layout vertical\" data-layout=\"vertical\">\n\t\t\t\t<div role=\"button\" class=\"hfe-nav-menu__toggle elementor-clickable\" tabindex=\"0\" aria-label=\"Menu Toggle\">\n\t\t\t\t\t<span class=\"screen-reader-text\">Men\u00fc<\/span>\n\t\t\t\t\t<div class=\"hfe-nav-menu-icon\">\n\t\t\t\t\t\t\t\t\t\t\t<\/div>\n\t\t\t\t<\/div>\n\t\t\t\t<nav class=\"hfe-nav-menu__layout-vertical hfe-nav-menu__submenu-arrow\" data-toggle-icon=\"\" data-close-icon=\"\" data-full-width=\"\">\n\t\t\t\t\t<ul id=\"menu-1-52521d4\" class=\"hfe-nav-menu\"><li id=\"menu-item-4762\" class=\"menu-item menu-item-type-post_type menu-item-object-page parent hfe-creative-menu\"><a href=\"https:\/\/gbc.ma\/de\/handelsvertetung\/\" class = \"hfe-menu-item\">Gesch\u00e4ftsrepr\u00e4sentanz<\/a><\/li>\n<li id=\"menu-item-5439\" class=\"menu-item menu-item-type-post_type menu-item-object-page parent hfe-creative-menu\"><a href=\"https:\/\/gbc.ma\/de\/marktstudien\/\" class = \"hfe-menu-item\">Marktstudien<\/a><\/li>\n<li id=\"menu-item-4761\" class=\"menu-item menu-item-type-post_type menu-item-object-page parent hfe-creative-menu\"><a href=\"https:\/\/gbc.ma\/de\/beratung\/\" class = \"hfe-menu-item\">Beratung<\/a><\/li>\n<li id=\"menu-item-6306\" class=\"menu-item menu-item-type-post_type menu-item-object-page parent hfe-creative-menu\"><a href=\"https:\/\/gbc.ma\/de\/training\/\" class = \"hfe-menu-item\">Training<\/a><\/li>\n<li id=\"menu-item-4758\" class=\"menu-item menu-item-type-post_type menu-item-object-page parent hfe-creative-menu\"><a href=\"https:\/\/gbc.ma\/de\/veranstaltungsmanagement\/\" class = \"hfe-menu-item\">Eventmanagement<\/a><\/li>\n<li id=\"menu-item-4759\" class=\"menu-item menu-item-type-post_type menu-item-object-page parent hfe-creative-menu\"><a href=\"https:\/\/gbc.ma\/de\/geschaeftsreisen-messen\/\" class = \"hfe-menu-item\">Gesch\u00e4ftsreisen &amp; Messen<\/a><\/li>\n<li id=\"menu-item-5479\" class=\"menu-item menu-item-type-post_type menu-item-object-page parent hfe-creative-menu\"><a href=\"https:\/\/gbc.ma\/de\/b2b-matchmaking\/\" class = \"hfe-menu-item\">B2B | Matchmaking<\/a><\/li>\n<li id=\"menu-item-4760\" class=\"menu-item menu-item-type-post_type menu-item-object-page parent hfe-creative-menu\"><a href=\"https:\/\/gbc.ma\/de\/dolmetschen-uebersetzen\/\" class = \"hfe-menu-item\">Dolmetschen<\/a><\/li>\n<li id=\"menu-item-4764\" class=\"menu-item menu-item-type-post_type menu-item-object-page parent hfe-creative-menu\"><a href=\"https:\/\/gbc.ma\/de\/logistiks\/\" class = \"hfe-menu-item\">Logistik<\/a><\/li>\n<\/ul> \n\t\t\t\t<\/nav>\n\t\t\t<\/div>\n\t\t\t\t\t\t\t<\/div>\n\t\t\t\t<\/div>\n\t\t\t\t<\/div>\n\t\t<div class=\"elementor-element elementor-element-fb582d0 e-con-full e-flex e-con e-child\" data-id=\"fb582d0\" data-element_type=\"container\">\n\t\t\t\t<div class=\"elementor-element elementor-element-1a25e4e elementor-widget__width-inherit elementor-widget elementor-widget-n-carousel\" data-id=\"1a25e4e\" data-element_type=\"widget\" data-settings=\"{&quot;carousel_items&quot;:[{&quot;slide_title&quot;:&quot;Slide #1&quot;,&quot;_id&quot;:&quot;13db55a&quot;},{&quot;slide_title&quot;:&quot;Slide #1&quot;,&quot;_id&quot;:&quot;cb5d17a&quot;},{&quot;slide_title&quot;:&quot;Slide #1&quot;,&quot;_id&quot;:&quot;5921487&quot;}],&quot;slides_to_show&quot;:&quot;1&quot;,&quot;slides_to_show_tablet&quot;:&quot;1&quot;,&quot;speed&quot;:1000,&quot;autoplay_speed&quot;:2000,&quot;slides_to_show_mobile&quot;:&quot;1&quot;,&quot;autoplay&quot;:&quot;yes&quot;,&quot;pause_on_hover&quot;:&quot;yes&quot;,&quot;pause_on_interaction&quot;:&quot;yes&quot;,&quot;infinite&quot;:&quot;yes&quot;,&quot;offset_sides&quot;:&quot;none&quot;,&quot;image_spacing_custom&quot;:{&quot;unit&quot;:&quot;px&quot;,&quot;size&quot;:10,&quot;sizes&quot;:[]},&quot;image_spacing_custom_tablet&quot;:{&quot;unit&quot;:&quot;px&quot;,&quot;size&quot;:&quot;&quot;,&quot;sizes&quot;:[]},&quot;image_spacing_custom_mobile&quot;:{&quot;unit&quot;:&quot;px&quot;,&quot;size&quot;:&quot;&quot;,&quot;sizes&quot;:[]}}\" data-widget_type=\"nested-carousel.default\">\n\t\t\t\t\t\t\t<div class=\"e-n-carousel swiper\" role=\"region\" aria-roledescription=\"carousel\" aria-label=\"Carousel\" dir=\"ltr\">\n\t\t\t<div class=\"swiper-wrapper\" aria-live=\"off\">\n\t\t\t\t\t\t\t\t\t\t<div class=\"swiper-slide\" data-slide=\"1\" role=\"group\" aria-roledescription=\"slide\" aria-label=\"1 of 3\">\n\t\t\t\t\t\t\t<div class=\"elementor-element elementor-element-fcd6c69 e-flex e-con-boxed e-con e-child\" data-id=\"fcd6c69\" data-element_type=\"container\">\n\t\t\t\t\t<div class=\"e-con-inner\">\n\t\t\t\t<div class=\"elementor-element elementor-element-9a2258f elementor-position-top elementor-widget elementor-widget-image-box\" data-id=\"9a2258f\" data-element_type=\"widget\" data-widget_type=\"image-box.default\">\n\t\t\t\t\t<div class=\"elementor-image-box-wrapper\"><figure class=\"elementor-image-box-img\"><img fetchpriority=\"high\" decoding=\"async\" width=\"2560\" height=\"1064\" src=\"https:\/\/gbc.ma\/wp-content\/uploads\/2025\/09\/P1020385-scaled.jpg\" class=\"attachment-full size-full wp-image-5759\" alt=\"\" srcset=\"https:\/\/gbc.ma\/wp-content\/uploads\/2025\/09\/P1020385-scaled.jpg 2560w, https:\/\/gbc.ma\/wp-content\/uploads\/2025\/09\/P1020385-300x125.jpg 300w, https:\/\/gbc.ma\/wp-content\/uploads\/2025\/09\/P1020385-1024x426.jpg 1024w, https:\/\/gbc.ma\/wp-content\/uploads\/2025\/09\/P1020385-768x319.jpg 768w, https:\/\/gbc.ma\/wp-content\/uploads\/2025\/09\/P1020385-1536x639.jpg 1536w, https:\/\/gbc.ma\/wp-content\/uploads\/2025\/09\/P1020385-2048x851.jpg 2048w\" sizes=\"(max-width: 2560px) 100vw, 2560px\" \/><\/figure><\/div>\t\t\t\t<\/div>\n\t\t\t\t\t<\/div>\n\t\t\t\t<\/div>\n\t\t\t\t\t\t\t\t<\/div>\n\t\t\t\t\t\t\t\t\t\t\t<div class=\"swiper-slide\" data-slide=\"2\" role=\"group\" aria-roledescription=\"slide\" aria-label=\"2 of 3\">\n\t\t\t\t\t\t\t<div class=\"elementor-element elementor-element-667fc22 e-flex e-con-boxed e-con e-child\" data-id=\"667fc22\" data-element_type=\"container\">\n\t\t\t\t\t<div class=\"e-con-inner\">\n\t\t\t\t<div class=\"elementor-element elementor-element-3693e1b elementor-position-top elementor-widget elementor-widget-image-box\" data-id=\"3693e1b\" data-element_type=\"widget\" data-widget_type=\"image-box.default\">\n\t\t\t\t\t<div class=\"elementor-image-box-wrapper\"><figure class=\"elementor-image-box-img\"><img decoding=\"async\" width=\"1600\" height=\"1200\" src=\"https:\/\/gbc.ma\/wp-content\/uploads\/2025\/09\/WhatsApp-Image-2025-09-26-at-6.22.54-PM.jpeg\" class=\"attachment-full size-full wp-image-6097\" alt=\"\" srcset=\"https:\/\/gbc.ma\/wp-content\/uploads\/2025\/09\/WhatsApp-Image-2025-09-26-at-6.22.54-PM.jpeg 1600w, https:\/\/gbc.ma\/wp-content\/uploads\/2025\/09\/WhatsApp-Image-2025-09-26-at-6.22.54-PM-300x225.jpeg 300w, https:\/\/gbc.ma\/wp-content\/uploads\/2025\/09\/WhatsApp-Image-2025-09-26-at-6.22.54-PM-1024x768.jpeg 1024w, https:\/\/gbc.ma\/wp-content\/uploads\/2025\/09\/WhatsApp-Image-2025-09-26-at-6.22.54-PM-768x576.jpeg 768w, https:\/\/gbc.ma\/wp-content\/uploads\/2025\/09\/WhatsApp-Image-2025-09-26-at-6.22.54-PM-1536x1152.jpeg 1536w\" sizes=\"(max-width: 1600px) 100vw, 1600px\" \/><\/figure><\/div>\t\t\t\t<\/div>\n\t\t\t\t\t<\/div>\n\t\t\t\t<\/div>\n\t\t\t\t\t\t\t\t<\/div>\n\t\t\t\t\t\t\t\t\t\t\t<div class=\"swiper-slide\" data-slide=\"3\" role=\"group\" aria-roledescription=\"slide\" aria-label=\"3 of 3\">\n\t\t\t\t\t\t\t<div class=\"elementor-element elementor-element-f0c160f e-flex e-con-boxed e-con e-child\" data-id=\"f0c160f\" data-element_type=\"container\">\n\t\t\t\t\t<div class=\"e-con-inner\">\n\t\t\t\t<div class=\"elementor-element elementor-element-d86d2df elementor-position-top elementor-widget elementor-widget-image-box\" data-id=\"d86d2df\" data-element_type=\"widget\" data-widget_type=\"image-box.default\">\n\t\t\t\t\t<div class=\"elementor-image-box-wrapper\"><figure class=\"elementor-image-box-img\"><img decoding=\"async\" width=\"2016\" height=\"1096\" src=\"https:\/\/gbc.ma\/wp-content\/uploads\/2025\/09\/IMG_4357.jpg\" class=\"attachment-full size-full wp-image-5738\" alt=\"\" srcset=\"https:\/\/gbc.ma\/wp-content\/uploads\/2025\/09\/IMG_4357.jpg 2016w, https:\/\/gbc.ma\/wp-content\/uploads\/2025\/09\/IMG_4357-300x163.jpg 300w, https:\/\/gbc.ma\/wp-content\/uploads\/2025\/09\/IMG_4357-1024x557.jpg 1024w, https:\/\/gbc.ma\/wp-content\/uploads\/2025\/09\/IMG_4357-768x418.jpg 768w, https:\/\/gbc.ma\/wp-content\/uploads\/2025\/09\/IMG_4357-1536x835.jpg 1536w\" sizes=\"(max-width: 2016px) 100vw, 2016px\" \/><\/figure><\/div>\t\t\t\t<\/div>\n\t\t\t\t\t<\/div>\n\t\t\t\t<\/div>\n\t\t\t\t\t\t\t\t<\/div>\n\t\t\t\t\t\t\t\t<\/div>\n\t\t<\/div>\n\t\t\t\t\t\t<\/div>\n\t\t\t\t<div class=\"elementor-element elementor-element-82ab289 elementor-widget__width-initial elementor-widget elementor-widget-text-editor\" data-id=\"82ab289\" data-element_type=\"widget\" data-widget_type=\"text-editor.default\">\n\t\t\t\t\t\t\t\t\t<p><span style=\"font-weight: 400;\">Das GBC Beratungsleistungen richten sich sowohl an deutsche Unternehmen, die eine Expansion nach Marokko planen, als auch an marokkanische Firmen, die den Eintritt in den deutschen Markt anstreben.<\/span><\/p><p><span style=\"font-weight: 400;\">Im Zentrum unserer Arbeit stehen die erfolgreiche Projektimplementierung, fundierte Partner- und Standortanalysen sowie die Unterst\u00fctzung bei Investitionsf\u00f6rderungen. F\u00fcr deutsche Unternehmen bieten wir praxisnahe Orientierung bei der Auswahl von Standorten, beim Aufbau lokaler Netzwerke und bei der Nutzung staatlicher F\u00f6rderprogramme in Marokko. F\u00fcr marokkanische Unternehmen \u00f6ffnen wir T\u00fcren zum deutschen Markt, indem wir geeignete Gesch\u00e4ftspartner identifizieren, Marktpotenziale aufzeigen und bei der Erf\u00fcllung regulatorischer Anforderungen unterst\u00fctzen.  <\/span><\/p><p><span style=\"font-weight: 400;\">Dank unserer regionalen Expertise und unserem internationalen Netzwerk helfen wir, Risiken zu minimieren und Chancen gezielt zu nutzen. Damit bietet das GBC beiden Seiten einen klaren Mehrwert \u2013 und tr\u00e4gt dazu bei, dass Investitionen und Partnerschaften zwischen Deutschland und Marokko nachhaltig und erfolgreich umgesetzt werden. <\/span><\/p>\t\t\t\t\t\t\t\t<\/div>\n\t\t\t\t<\/div>\n\t\t\t\t<\/div>\n\t\t\t\t\t<\/div>\n\t\t\t\t<\/div>\n\t\t<div class=\"elementor-element elementor-element-ec1a50d e-con-full e-flex e-con e-parent\" data-id=\"ec1a50d\" data-element_type=\"container\" data-settings=\"{&quot;background_background&quot;:&quot;classic&quot;}\">\n\t\t\t\t<div class=\"elementor-element elementor-element-d649656 elementor-invisible elementor-widget elementor-widget-heading\" data-id=\"d649656\" data-element_type=\"widget\" data-settings=\"{&quot;_animation&quot;:&quot;fadeIn&quot;}\" data-widget_type=\"heading.default\">\n\t\t\t\t\t<h2 class=\"elementor-heading-title elementor-size-default\">GBC \u2013 Ihr verl\u00e4sslicher Partner f\u00fcr ma\u00dfgeschneiderte L\u00f6sungen.<\/h2>\t\t\t\t<\/div>\n\t\t\t\t<div class=\"elementor-element elementor-element-a340733 elementor-align-center animated-slow elementor-invisible elementor-widget elementor-widget-button\" data-id=\"a340733\" data-element_type=\"widget\" data-settings=\"{&quot;_animation&quot;:&quot;fadeIn&quot;}\" data-widget_type=\"button.default\">\n\t\t\t\t\t\t\t\t\t\t<a class=\"elementor-button elementor-button-link elementor-size-sm\" href=\"https:\/\/gbc.ma\/de\/kontakt\/\">\n\t\t\t\t\t\t<span class=\"elementor-button-content-wrapper\">\n\t\t\t\t\t\t\t\t\t<span class=\"elementor-button-text\">Kontaktieren Sie uns<\/span>\n\t\t\t\t\t<\/span>\n\t\t\t\t\t<\/a>\n\t\t\t\t\t\t\t\t<\/div>\n\t\t\t\t<\/div>\n\t\t\t\t<\/div>\n\t\t","protected":false},"excerpt":{"rendered":"<p>Beratung Menu Repr\u00e9sentation commerciale \u00c9tudes de march\u00e9 Conseil Training Gestion d\u2019\u00e9v\u00e9nements Voyage d\u2019affaire et salon B2B | Matchmaking Traduction Logistique Das GBC Beratungsleistungen richten sich sowohl an deutsche Unternehmen, die eine Expansion nach Marokko planen, als auch an marokkanische Firmen, die den Eintritt in den deutschen Markt anstreben. Im Zentrum unserer Arbeit stehen die erfolgreiche [&hellip;]<\/p>\n","protected":false},"author":1,"featured_media":0,"parent":0,"menu_order":0,"comment_status":"closed","ping_status":"closed","template":"elementor_header_footer","meta":{"footnotes":""},"class_list":["post-3973","page","type-page","status-publish","hentry"],"_links":{"self":[{"href":"https:\/\/gbc.ma\/de\/wp-json\/wp\/v2\/pages\/3973","targetHints":{"allow":["GET"]}}],"collection":[{"href":"https:\/\/gbc.ma\/de\/wp-json\/wp\/v2\/pages"}],"about":[{"href":"https:\/\/gbc.ma\/de\/wp-json\/wp\/v2\/types\/page"}],"author":[{"embeddable":true,"href":"https:\/\/gbc.ma\/de\/wp-json\/wp\/v2\/users\/1"}],"replies":[{"embeddable":true,"href":"https:\/\/gbc.ma\/de\/wp-json\/wp\/v2\/comments?post=3973"}],"version-history":[{"count":34,"href":"https:\/\/gbc.ma\/de\/wp-json\/wp\/v2\/pages\/3973\/revisions"}],"predecessor-version":[{"id":7153,"href":"https:\/\/gbc.ma\/de\/wp-json\/wp\/v2\/pages\/3973\/revisions\/7153"}],"wp:attachment":[{"href":"https:\/\/gbc.ma\/de\/wp-json\/wp\/v2\/media?parent=3973"}],"curies":[{"name":"wp","href":"https:\/\/api.w.org\/{rel}","templated":true}]}}