{"id":3967,"date":"2025-09-15T12:13:20","date_gmt":"2025-09-15T10:13:20","guid":{"rendered":"https:\/\/www.gbc.casa\/briefkasten\/"},"modified":"2025-10-02T14:22:44","modified_gmt":"2025-10-02T12:22:44","slug":"briefkasten","status":"publish","type":"page","link":"https:\/\/gbc.ma\/de\/briefkasten\/","title":{"rendered":"Briefkasten"},"content":{"rendered":"\t\t<div data-elementor-type=\"wp-page\" data-elementor-id=\"3967\" class=\"elementor elementor-3967 elementor-3939\" data-elementor-post-type=\"page\">\n\t\t\t\t<div class=\"elementor-element elementor-element-753cbcc e-flex e-con-boxed e-con e-parent\" data-id=\"753cbcc\" data-element_type=\"container\">\n\t\t\t\t\t<div class=\"e-con-inner\">\n\t\t<div class=\"elementor-element elementor-element-82f7208 e-con-full e-flex e-con e-child\" data-id=\"82f7208\" data-element_type=\"container\">\n\t\t\t\t<div class=\"elementor-element elementor-element-9090dec elementor-widget elementor-widget-heading\" data-id=\"9090dec\" data-element_type=\"widget\" data-widget_type=\"heading.default\">\n\t\t\t\t\t<h2 class=\"elementor-heading-title elementor-size-default\">Ihr Briefkasten in Casablanca<\/h2>\t\t\t\t<\/div>\n\t\t<div class=\"elementor-element elementor-element-2d89ba7 e-con-full e-flex e-con e-child\" data-id=\"2d89ba7\" data-element_type=\"container\">\n\t\t\t\t<div class=\"elementor-element elementor-element-e59634b elementor-widget-divider--view-line elementor-widget elementor-widget-divider\" data-id=\"e59634b\" data-element_type=\"widget\" data-widget_type=\"divider.default\">\n\t\t\t\t\t\t\t<div class=\"elementor-divider\">\n\t\t\t<span class=\"elementor-divider-separator\">\n\t\t\t\t\t\t<\/span>\n\t\t<\/div>\n\t\t\t\t\t\t<\/div>\n\t\t\t\t<\/div>\n\t\t\t\t<\/div>\n\t\t<div class=\"elementor-element elementor-element-276d51d e-con-full e-flex e-con e-child\" data-id=\"276d51d\" data-element_type=\"container\">\n\t\t<div class=\"elementor-element elementor-element-761c5d6 e-con-full e-flex e-con e-child\" data-id=\"761c5d6\" data-element_type=\"container\">\n\t\t\t\t<div class=\"elementor-element elementor-element-e344096 elementor-widget__width-inherit elementor-widget elementor-widget-n-carousel\" data-id=\"e344096\" data-element_type=\"widget\" data-settings=\"{&quot;carousel_items&quot;:[{&quot;slide_title&quot;:&quot;Slide #1&quot;,&quot;_id&quot;:&quot;13db55a&quot;}],&quot;slides_to_show&quot;:&quot;1&quot;,&quot;slides_to_show_tablet&quot;:&quot;1&quot;,&quot;speed&quot;:1000,&quot;autoplay_speed&quot;:2000,&quot;slides_to_show_mobile&quot;:&quot;1&quot;,&quot;autoplay&quot;:&quot;yes&quot;,&quot;pause_on_hover&quot;:&quot;yes&quot;,&quot;pause_on_interaction&quot;:&quot;yes&quot;,&quot;infinite&quot;:&quot;yes&quot;,&quot;offset_sides&quot;:&quot;none&quot;,&quot;image_spacing_custom&quot;:{&quot;unit&quot;:&quot;px&quot;,&quot;size&quot;:10,&quot;sizes&quot;:[]},&quot;image_spacing_custom_tablet&quot;:{&quot;unit&quot;:&quot;px&quot;,&quot;size&quot;:&quot;&quot;,&quot;sizes&quot;:[]},&quot;image_spacing_custom_mobile&quot;:{&quot;unit&quot;:&quot;px&quot;,&quot;size&quot;:&quot;&quot;,&quot;sizes&quot;:[]}}\" data-widget_type=\"nested-carousel.default\">\n\t\t\t\t\t\t\t<div class=\"e-n-carousel swiper\" role=\"region\" aria-roledescription=\"carousel\" aria-label=\"Carousel\" dir=\"ltr\">\n\t\t\t<div class=\"swiper-wrapper\" aria-live=\"off\">\n\t\t\t\t\t\t\t\t\t\t<div class=\"swiper-slide\" data-slide=\"1\" role=\"group\" aria-roledescription=\"slide\" aria-label=\"1 of 1\">\n\t\t\t\t\t\t\t<div class=\"elementor-element elementor-element-62eb0de e-flex e-con-boxed e-con e-child\" data-id=\"62eb0de\" data-element_type=\"container\">\n\t\t\t\t\t<div class=\"e-con-inner\">\n\t\t\t\t<div class=\"elementor-element elementor-element-ffe4caf elementor-position-top elementor-widget elementor-widget-image-box\" data-id=\"ffe4caf\" data-element_type=\"widget\" data-widget_type=\"image-box.default\">\n\t\t\t\t\t<div class=\"elementor-image-box-wrapper\"><figure class=\"elementor-image-box-img\"><img fetchpriority=\"high\" decoding=\"async\" width=\"1600\" height=\"1068\" src=\"https:\/\/gbc.ma\/wp-content\/uploads\/2025\/09\/s-blob-v1-IMAGE-fROXE5QQS2E.jpg\" class=\"attachment-full size-full wp-image-4978\" alt=\"\" srcset=\"https:\/\/gbc.ma\/wp-content\/uploads\/2025\/09\/s-blob-v1-IMAGE-fROXE5QQS2E.jpg 1600w, https:\/\/gbc.ma\/wp-content\/uploads\/2025\/09\/s-blob-v1-IMAGE-fROXE5QQS2E-300x200.jpg 300w, https:\/\/gbc.ma\/wp-content\/uploads\/2025\/09\/s-blob-v1-IMAGE-fROXE5QQS2E-1024x684.jpg 1024w, https:\/\/gbc.ma\/wp-content\/uploads\/2025\/09\/s-blob-v1-IMAGE-fROXE5QQS2E-768x513.jpg 768w, https:\/\/gbc.ma\/wp-content\/uploads\/2025\/09\/s-blob-v1-IMAGE-fROXE5QQS2E-1536x1025.jpg 1536w\" sizes=\"(max-width: 1600px) 100vw, 1600px\" \/><\/figure><\/div>\t\t\t\t<\/div>\n\t\t\t\t\t<\/div>\n\t\t\t\t<\/div>\n\t\t\t\t\t\t\t\t<\/div>\n\t\t\t\t\t\t\t\t<\/div>\n\t\t<\/div>\n\t\t\t\t\t\t<\/div>\n\t\t\t\t<div class=\"elementor-element elementor-element-817b76d elementor-widget__width-initial elementor-widget elementor-widget-text-editor\" data-id=\"817b76d\" data-element_type=\"widget\" data-widget_type=\"text-editor.default\">\n\t\t\t\t\t\t\t\t\t<p>Sie erhalten im GBC einen modernen Briefkasten f\u00fcr Ihre Korrespondenzen. <br>Wir garantieren maximale Vertraulichkeit und Zuverl\u00e4ssigkeit! Auf Wunsch k\u00f6nnen wir Ihre Dokumente auch scannen und Ihnen diese elektronisch \u00fcbermitteln. <\/p>\t\t\t\t\t\t\t\t<\/div>\n\t\t\t\t<\/div>\n\t\t<div class=\"elementor-element elementor-element-31b2528 e-con-full e-flex e-con e-child\" data-id=\"31b2528\" data-element_type=\"container\" data-settings=\"{&quot;background_background&quot;:&quot;classic&quot;}\">\n\t\t\t\t<div class=\"elementor-element elementor-element-3151a14 elementor-widget elementor-widget-heading\" data-id=\"3151a14\" data-element_type=\"widget\" data-widget_type=\"heading.default\">\n\t\t\t\t\t<h6 class=\"elementor-heading-title elementor-size-default\">Direkter Kontakt<\/h6>\t\t\t\t<\/div>\n\t\t\t\t<div class=\"elementor-element elementor-element-f7476f7 elementor-widget__width-initial elementor-button-align-stretch elementor-widget elementor-widget-form\" data-id=\"f7476f7\" data-element_type=\"widget\" data-settings=\"{&quot;button_width&quot;:&quot;100&quot;,&quot;step_type&quot;:&quot;number_text&quot;,&quot;step_icon_shape&quot;:&quot;circle&quot;}\" data-widget_type=\"form.default\">\n\t\t\t\t\t\t\t<form class=\"elementor-form\" method=\"post\" name=\"Contact- home page\" aria-label=\"Contact- home page\">\n\t\t\t<input type=\"hidden\" name=\"post_id\" value=\"3967\"\/>\n\t\t\t<input type=\"hidden\" name=\"form_id\" value=\"f7476f7\"\/>\n\t\t\t<input type=\"hidden\" name=\"referer_title\" value=\"\" \/>\n\n\t\t\t\n\t\t\t<div class=\"elementor-form-fields-wrapper elementor-labels-above\">\n\t\t\t\t\t\t\t\t<div class=\"elementor-field-type-text elementor-field-group elementor-column elementor-field-group-name elementor-col-100 elementor-field-required elementor-mark-required\">\n\t\t\t\t\t\t\t\t\t\t\t\t<label for=\"form-field-name\" class=\"elementor-field-label\">\n\t\t\t\t\t\t\t\tName\t\t\t\t\t\t\t<\/label>\n\t\t\t\t\t\t\t\t\t\t\t\t\t\t<input size=\"1\" type=\"text\" name=\"form_fields[name]\" id=\"form-field-name\" class=\"elementor-field elementor-size-sm  elementor-field-textual\" placeholder=\"Name \" required=\"required\">\n\t\t\t\t\t\t\t\t\t\t\t<\/div>\n\t\t\t\t\t\t\t\t<div class=\"elementor-field-type-text elementor-field-group elementor-column elementor-field-group-field_bb45bfc elementor-col-100 elementor-field-required elementor-mark-required\">\n\t\t\t\t\t\t\t\t\t\t\t\t<label for=\"form-field-field_bb45bfc\" class=\"elementor-field-label\">\n\t\t\t\t\t\t\t\tVorname\t\t\t\t\t\t\t<\/label>\n\t\t\t\t\t\t\t\t\t\t\t\t\t\t<input size=\"1\" type=\"text\" name=\"form_fields[field_bb45bfc]\" id=\"form-field-field_bb45bfc\" class=\"elementor-field elementor-size-sm  elementor-field-textual\" placeholder=\"Vorname\" required=\"required\">\n\t\t\t\t\t\t\t\t\t\t\t<\/div>\n\t\t\t\t\t\t\t\t<div class=\"elementor-field-type-text elementor-field-group elementor-column elementor-field-group-field_839200c elementor-col-100\">\n\t\t\t\t\t\t\t\t\t\t\t\t<label for=\"form-field-field_839200c\" class=\"elementor-field-label\">\n\t\t\t\t\t\t\t\tUnternehmen \/ Institution\t\t\t\t\t\t\t<\/label>\n\t\t\t\t\t\t\t\t\t\t\t\t\t\t<input size=\"1\" type=\"text\" name=\"form_fields[field_839200c]\" id=\"form-field-field_839200c\" class=\"elementor-field elementor-size-sm  elementor-field-textual\" placeholder=\"Unternehmen \/ Institution\">\n\t\t\t\t\t\t\t\t\t\t\t<\/div>\n\t\t\t\t\t\t\t\t<div class=\"elementor-field-type-email elementor-field-group elementor-column elementor-field-group-email elementor-col-100 elementor-field-required elementor-mark-required\">\n\t\t\t\t\t\t\t\t\t\t\t\t<label for=\"form-field-email\" class=\"elementor-field-label\">\n\t\t\t\t\t\t\t\tEmail\t\t\t\t\t\t\t<\/label>\n\t\t\t\t\t\t\t\t\t\t\t\t\t\t<input size=\"1\" type=\"email\" name=\"form_fields[email]\" id=\"form-field-email\" class=\"elementor-field elementor-size-sm  elementor-field-textual\" placeholder=\"Email\" required=\"required\">\n\t\t\t\t\t\t\t\t\t\t\t<\/div>\n\t\t\t\t\t\t\t\t<div class=\"elementor-field-type-number elementor-field-group elementor-column elementor-field-group-field_45f0760 elementor-col-100 elementor-field-required elementor-mark-required\">\n\t\t\t\t\t\t\t\t\t\t\t\t<label for=\"form-field-field_45f0760\" class=\"elementor-field-label\">\n\t\t\t\t\t\t\t\tTelefonnummer\t\t\t\t\t\t\t<\/label>\n\t\t\t\t\t\t\t\t\t<input type=\"number\" name=\"form_fields[field_45f0760]\" id=\"form-field-field_45f0760\" class=\"elementor-field elementor-size-sm  elementor-field-textual\" placeholder=\"Telefonnummer\" required=\"required\" min=\"\" max=\"\" >\n\t\t\t\t\t\t<\/div>\n\t\t\t\t\t\t\t\t<div class=\"elementor-field-type-html elementor-field-group elementor-column elementor-field-group-field_c920c43 elementor-col-100\">\n\t\t\t\t\tIch interessiere mich f\u00fcr Dienstleistungen\t\t\t\t<\/div>\n\t\t\t\t\t\t\t\t<div class=\"elementor-field-type-select elementor-field-group elementor-column elementor-field-group-field_9d6c12d elementor-col-100\">\n\t\t\t\t\t\t\t\t\t\t\t\t<label for=\"form-field-field_9d6c12d\" class=\"elementor-field-label\">\n\t\t\t\t\t\t\t\tLeistungen\t\t\t\t\t\t\t<\/label>\n\t\t\t\t\t\t\t\t<div class=\"elementor-field elementor-select-wrapper remove-before \">\n\t\t\t<div class=\"select-caret-down-wrapper\">\n\t\t\t\t<svg aria-hidden=\"true\" class=\"e-font-icon-svg e-eicon-caret-down\" viewBox=\"0 0 571.4 571.4\" xmlns=\"http:\/\/www.w3.org\/2000\/svg\"><path d=\"M571 393Q571 407 561 418L311 668Q300 679 286 679T261 668L11 418Q0 407 0 393T11 368 36 357H536Q550 357 561 368T571 393Z\"><\/path><\/svg>\t\t\t<\/div>\n\t\t\t<select name=\"form_fields[field_9d6c12d]\" id=\"form-field-field_9d6c12d\" class=\"elementor-field-textual elementor-size-sm\">\n\t\t\t\t\t\t\t\t\t<option value=\"(Bitte ausw\u00e4hlen)\">(Bitte ausw\u00e4hlen)<\/option>\n\t\t\t\t\t\t\t\t\t<option value=\"Veranstaltungen\">Veranstaltungen<\/option>\n\t\t\t\t\t\t\t\t\t<option value=\"Germany Hires\">Germany Hires<\/option>\n\t\t\t\t\t\t\t\t\t<option value=\"B\u00fcrofl\u00e4chen\">B\u00fcrofl\u00e4chen<\/option>\n\t\t\t\t\t\t\t\t\t<option value=\"Marketing\">Marketing<\/option>\n\t\t\t\t\t\t\t\t\t<option value=\"Beratung\">Beratung<\/option>\n\t\t\t\t\t\t\t\t\t<option value=\"Gesch\u00e4ftst\u00e4tigkeiten\">Gesch\u00e4ftst\u00e4tigkeiten<\/option>\n\t\t\t\t\t\t\t\t\t<option value=\"Logistik\">Logistik<\/option>\n\t\t\t\t\t\t\t\t\t<option value=\"Dolmetschen\">Dolmetschen<\/option>\n\t\t\t\t\t\t\t\t\t<option value=\"Buchhaltung\">Buchhaltung<\/option>\n\t\t\t\t\t\t\t<\/select>\n\t\t<\/div>\n\t\t\t\t\t\t<\/div>\n\t\t\t\t\t\t\t\t<div class=\"elementor-field-type-select elementor-field-group elementor-column elementor-field-group-field_f45b10a elementor-col-100\">\n\t\t\t\t\t\t\t\t\t\t\t\t<label for=\"form-field-field_f45b10a\" class=\"elementor-field-label\">\n\t\t\t\t\t\t\t\tR\u00e4umen\t\t\t\t\t\t\t<\/label>\n\t\t\t\t\t\t\t\t<div class=\"elementor-field elementor-select-wrapper remove-before \">\n\t\t\t<div class=\"select-caret-down-wrapper\">\n\t\t\t\t<svg aria-hidden=\"true\" class=\"e-font-icon-svg e-eicon-caret-down\" viewBox=\"0 0 571.4 571.4\" xmlns=\"http:\/\/www.w3.org\/2000\/svg\"><path d=\"M571 393Q571 407 561 418L311 668Q300 679 286 679T261 668L11 418Q0 407 0 393T11 368 36 357H536Q550 357 561 368T571 393Z\"><\/path><\/svg>\t\t\t<\/div>\n\t\t\t<select name=\"form_fields[field_f45b10a]\" id=\"form-field-field_f45b10a\" class=\"elementor-field-textual elementor-size-sm\">\n\t\t\t\t\t\t\t\t\t<option value=\"(Bitte ausw\u00e4hlen)\">(Bitte ausw\u00e4hlen)<\/option>\n\t\t\t\t\t\t\t\t\t<option value=\"Virtuelles B\u00fcro\">Virtuelles B\u00fcro<\/option>\n\t\t\t\t\t\t\t\t\t<option value=\"Virtuelles B\u00fcro Plus\">Virtuelles B\u00fcro Plus<\/option>\n\t\t\t\t\t\t\t\t\t<option value=\"Virtuelles B\u00fcro Plus +\">Virtuelles B\u00fcro Plus +<\/option>\n\t\t\t\t\t\t\t\t\t<option value=\"Gro\u00dfraumb\u00fcro\">Gro\u00dfraumb\u00fcro<\/option>\n\t\t\t\t\t\t\t\t\t<option value=\"Einzelb\u00fcro\">Einzelb\u00fcro<\/option>\n\t\t\t\t\t\t\t\t\t<option value=\"B\u00fcro f\u00fcr zwei Personen\">B\u00fcro f\u00fcr zwei Personen<\/option>\n\t\t\t\t\t\t\t\t\t<option value=\"Besprechungsraum f\u00fcr bis zu 30 Personen\">Besprechungsraum f\u00fcr bis zu 30 Personen<\/option>\n\t\t\t\t\t\t\t\t\t<option value=\"Besprechungsraum f\u00fcr bis zu 14 Personen\">Besprechungsraum f\u00fcr bis zu 14 Personen<\/option>\n\t\t\t\t\t\t\t\t\t<option value=\"Besprechungsraum f\u00fcr bis zu 6 Personen\">Besprechungsraum f\u00fcr bis zu 6 Personen<\/option>\n\t\t\t\t\t\t\t\t\t<option value=\"Panoramaterrasse\">Panoramaterrasse<\/option>\n\t\t\t\t\t\t\t<\/select>\n\t\t<\/div>\n\t\t\t\t\t\t<\/div>\n\t\t\t\t\t\t\t\t<div class=\"elementor-field-type-checkbox elementor-field-group elementor-column elementor-field-group-field_9cd153c elementor-col-100\">\n\t\t\t\t\t\t\t\t\t\t\t\t<label for=\"form-field-field_9cd153c\" class=\"elementor-field-label\">\n\t\t\t\t\t\t\t\tTermin vereinbaren\t\t\t\t\t\t\t<\/label>\n\t\t\t\t\t\t<div class=\"elementor-field-subgroup  \"><span class=\"elementor-field-option\"><input type=\"checkbox\" value=\"Ich m\u00f6chte einen Besichtigungstermin in den R\u00e4umlichkeiten des German Business Centers vereinbaren.\" id=\"form-field-field_9cd153c-0\" name=\"form_fields[field_9cd153c]\"> <label for=\"form-field-field_9cd153c-0\">Ich m\u00f6chte einen Besichtigungstermin in den R\u00e4umlichkeiten des German Business Centers vereinbaren.<\/label><\/span><\/div>\t\t\t\t<\/div>\n\t\t\t\t\t\t\t\t<div class=\"elementor-field-type-text elementor-field-group elementor-column elementor-field-group-field_8ac1ce3 elementor-col-100\">\n\t\t\t\t\t\t\t\t\t\t\t\t<label for=\"form-field-field_8ac1ce3\" class=\"elementor-field-label\">\n\t\t\t\t\t\t\t\tBetreff\t\t\t\t\t\t\t<\/label>\n\t\t\t\t\t\t\t\t\t\t\t\t\t\t<input size=\"1\" type=\"text\" name=\"form_fields[field_8ac1ce3]\" id=\"form-field-field_8ac1ce3\" class=\"elementor-field elementor-size-sm  elementor-field-textual\" placeholder=\"Betreff\">\n\t\t\t\t\t\t\t\t\t\t\t<\/div>\n\t\t\t\t\t\t\t\t<div class=\"elementor-field-type-textarea elementor-field-group elementor-column elementor-field-group-message elementor-col-100\">\n\t\t\t\t\t\t\t\t\t\t\t\t<label for=\"form-field-message\" class=\"elementor-field-label\">\n\t\t\t\t\t\t\t\tNachricht\t\t\t\t\t\t\t<\/label>\n\t\t\t\t\t\t<textarea class=\"elementor-field-textual elementor-field  elementor-size-sm\" name=\"form_fields[message]\" id=\"form-field-message\" rows=\"4\" placeholder=\"Nachricht\"><\/textarea>\t\t\t\t<\/div>\n\t\t\t\t\t\t\t\t<div class=\"elementor-field-type-acceptance elementor-field-group elementor-column elementor-field-group-field_751bf5c elementor-col-100 elementor-field-required elementor-mark-required\">\n\t\t\t\t\t\t\t\t\t\t\t\t<label for=\"form-field-field_751bf5c\" class=\"elementor-field-label\">\n\t\t\t\t\t\t\t\tDatenschutzerkl\u00e4rung\t\t\t\t\t\t\t<\/label>\n\t\t\t\t\t\t\t\t<div class=\"elementor-field-subgroup\">\n\t\t\t<span class=\"elementor-field-option\">\n\t\t\t\t<input type=\"checkbox\" name=\"form_fields[field_751bf5c]\" id=\"form-field-field_751bf5c\" class=\"elementor-field elementor-size-sm  elementor-acceptance-field\" required=\"required\">\n\t\t\t\t<label for=\"form-field-field_751bf5c\">Ich habe die Datenschutzerkl\u00e4rung gelesen. Ich stimme der Speicherung meiner Daten sowie der Kontaktaufnahme per E-Mail oder Telefon zu. <\/label>\t\t\t<\/span>\n\t\t<\/div>\n\t\t\t\t\t\t<\/div>\n\t\t\t\t\t\t\t\t<div class=\"elementor-field-type-recaptcha elementor-field-group elementor-column elementor-field-group-field_5138139 elementor-col-100\">\n\t\t\t\t\t<div class=\"elementor-field\" id=\"form-field-field_5138139\"><div class=\"elementor-g-recaptcha\" data-sitekey=\"6Lc2lvQrAAAAAAvHk5HvPcbEtQzJ7--BnWMqe35w\" data-type=\"v2_checkbox\" data-theme=\"light\" data-size=\"normal\"><\/div><\/div>\t\t\t\t<\/div>\n\t\t\t\t\t\t\t\t<div class=\"elementor-field-group elementor-column elementor-field-type-submit elementor-col-100 e-form__buttons\">\n\t\t\t\t\t<button class=\"elementor-button elementor-size-sm\" type=\"submit\">\n\t\t\t\t\t\t<span class=\"elementor-button-content-wrapper\">\n\t\t\t\t\t\t\t\t\t\t\t\t\t\t\t\t\t\t\t\t\t\t<span class=\"elementor-button-text\">Schicken<\/span>\n\t\t\t\t\t\t\t\t\t\t\t\t\t<\/span>\n\t\t\t\t\t<\/button>\n\t\t\t\t<\/div>\n\t\t\t<\/div>\n\t\t<\/form>\n\t\t\t\t\t\t<\/div>\n\t\t\t\t<\/div>\n\t\t\t\t<\/div>\n\t\t\t\t\t<\/div>\n\t\t\t\t<\/div>\n\t\t<div class=\"elementor-element elementor-element-3462efe e-con-full e-flex e-con e-parent\" data-id=\"3462efe\" data-element_type=\"container\" data-settings=\"{&quot;background_background&quot;:&quot;classic&quot;}\">\n\t\t\t\t<div class=\"elementor-element elementor-element-9d39151 elementor-invisible elementor-widget elementor-widget-heading\" data-id=\"9d39151\" data-element_type=\"widget\" data-settings=\"{&quot;_animation&quot;:&quot;fadeIn&quot;}\" data-widget_type=\"heading.default\">\n\t\t\t\t\t<h2 class=\"elementor-heading-title elementor-size-default\">Haben Sie nichts passendes gefunden? Stellen Sie hier Ihr individuelles Servicepaket zusammen. <\/h2>\t\t\t\t<\/div>\n\t\t\t\t<div class=\"elementor-element elementor-element-2c7f742 elementor-align-center animated-slow elementor-invisible elementor-widget elementor-widget-button\" data-id=\"2c7f742\" data-element_type=\"widget\" data-settings=\"{&quot;_animation&quot;:&quot;fadeIn&quot;}\" data-widget_type=\"button.default\">\n\t\t\t\t\t\t\t\t\t\t<a class=\"elementor-button elementor-button-link elementor-size-sm\" href=\"https:\/\/gbc.ma\/de\/buro-nach-mas\/\">\n\t\t\t\t\t\t<span class=\"elementor-button-content-wrapper\">\n\t\t\t\t\t\t\t\t\t<span class=\"elementor-button-text\">Kontaktieren Sie uns<\/span>\n\t\t\t\t\t<\/span>\n\t\t\t\t\t<\/a>\n\t\t\t\t\t\t\t\t<\/div>\n\t\t\t\t<\/div>\n\t\t\t\t<\/div>\n\t\t","protected":false},"excerpt":{"rendered":"<p>Ihr Briefkasten in Casablanca Sie erhalten im GBC einen modernen Briefkasten f\u00fcr Ihre Korrespondenzen. Wir garantieren maximale Vertraulichkeit und Zuverl\u00e4ssigkeit! Auf Wunsch k\u00f6nnen wir Ihre Dokumente auch scannen und Ihnen diese elektronisch \u00fcbermitteln. Direkter Kontakt Haben Sie nichts passendes gefunden? Stellen Sie hier Ihr individuelles Servicepaket zusammen. Kontaktieren Sie uns<\/p>\n","protected":false},"author":1,"featured_media":0,"parent":0,"menu_order":0,"comment_status":"closed","ping_status":"closed","template":"elementor_header_footer","meta":{"footnotes":""},"class_list":["post-3967","page","type-page","status-publish","hentry"],"_links":{"self":[{"href":"https:\/\/gbc.ma\/de\/wp-json\/wp\/v2\/pages\/3967","targetHints":{"allow":["GET"]}}],"collection":[{"href":"https:\/\/gbc.ma\/de\/wp-json\/wp\/v2\/pages"}],"about":[{"href":"https:\/\/gbc.ma\/de\/wp-json\/wp\/v2\/types\/page"}],"author":[{"embeddable":true,"href":"https:\/\/gbc.ma\/de\/wp-json\/wp\/v2\/users\/1"}],"replies":[{"embeddable":true,"href":"https:\/\/gbc.ma\/de\/wp-json\/wp\/v2\/comments?post=3967"}],"version-history":[{"count":22,"href":"https:\/\/gbc.ma\/de\/wp-json\/wp\/v2\/pages\/3967\/revisions"}],"predecessor-version":[{"id":7226,"href":"https:\/\/gbc.ma\/de\/wp-json\/wp\/v2\/pages\/3967\/revisions\/7226"}],"wp:attachment":[{"href":"https:\/\/gbc.ma\/de\/wp-json\/wp\/v2\/media?parent=3967"}],"curies":[{"name":"wp","href":"https:\/\/api.w.org\/{rel}","templated":true}]}}