{"id":2541,"date":"2025-08-16T12:29:48","date_gmt":"2025-08-16T10:29:48","guid":{"rendered":"https:\/\/www.gbc.casa\/karriere\/"},"modified":"2025-09-23T18:43:56","modified_gmt":"2025-09-23T16:43:56","slug":"karriere","status":"publish","type":"page","link":"https:\/\/gbc.ma\/de\/karriere\/","title":{"rendered":"Karriere"},"content":{"rendered":"\t\t<div data-elementor-type=\"wp-page\" data-elementor-id=\"2541\" class=\"elementor elementor-2541 elementor-2188\" data-elementor-post-type=\"page\">\n\t\t\t\t<div class=\"elementor-element elementor-element-4f09869 e-flex e-con-boxed e-con e-parent\" data-id=\"4f09869\" data-element_type=\"container\">\n\t\t\t\t\t<div class=\"e-con-inner\">\n\t\t<div class=\"elementor-element elementor-element-3c048b3 e-con-full e-flex e-con e-child\" data-id=\"3c048b3\" data-element_type=\"container\">\n\t\t\t\t<div class=\"elementor-element elementor-element-b974359 elementor-widget elementor-widget-heading\" data-id=\"b974359\" data-element_type=\"widget\" data-widget_type=\"heading.default\">\n\t\t\t\t\t<h2 class=\"elementor-heading-title elementor-size-default\">Karriere<\/h2>\t\t\t\t<\/div>\n\t\t<div class=\"elementor-element elementor-element-4f424d9 e-con-full e-flex e-con e-child\" data-id=\"4f424d9\" data-element_type=\"container\">\n\t\t\t\t<div class=\"elementor-element elementor-element-af3038b elementor-widget-divider--view-line elementor-widget elementor-widget-divider\" data-id=\"af3038b\" data-element_type=\"widget\" data-widget_type=\"divider.default\">\n\t\t\t\t\t\t\t<div class=\"elementor-divider\">\n\t\t\t<span class=\"elementor-divider-separator\">\n\t\t\t\t\t\t<\/span>\n\t\t<\/div>\n\t\t\t\t\t\t<\/div>\n\t\t\t\t<\/div>\n\t\t\t\t<div class=\"elementor-element elementor-element-f34bfa6 elementor-widget elementor-widget-image\" data-id=\"f34bfa6\" data-element_type=\"widget\" data-widget_type=\"image.default\">\n\t\t\t\t\t\t\t\t\t\t\t\t\t\t\t<img fetchpriority=\"high\" decoding=\"async\" width=\"1920\" height=\"500\" src=\"https:\/\/gbc.ma\/wp-content\/uploads\/2025\/07\/Carriere.jpg\" class=\"attachment-full size-full wp-image-2411\" alt=\"\" srcset=\"https:\/\/gbc.ma\/wp-content\/uploads\/2025\/07\/Carriere.jpg 1920w, https:\/\/gbc.ma\/wp-content\/uploads\/2025\/07\/Carriere-300x78.jpg 300w, https:\/\/gbc.ma\/wp-content\/uploads\/2025\/07\/Carriere-1024x267.jpg 1024w, https:\/\/gbc.ma\/wp-content\/uploads\/2025\/07\/Carriere-768x200.jpg 768w, https:\/\/gbc.ma\/wp-content\/uploads\/2025\/07\/Carriere-1536x400.jpg 1536w\" sizes=\"(max-width: 1920px) 100vw, 1920px\" \/>\t\t\t\t\t\t\t\t\t\t\t\t\t\t\t<\/div>\n\t\t\t\t<div class=\"elementor-element elementor-element-e07036f elementor-widget__width-initial elementor-widget elementor-widget-text-editor\" data-id=\"e07036f\" data-element_type=\"widget\" data-widget_type=\"text-editor.default\">\n\t\t\t\t\t\t\t\t\t<p>Sie interessieren sich f\u00fcr das German Business Center in Casablanca ?<\/p>\t\t\t\t\t\t\t\t<\/div>\n\t\t\t\t<div class=\"elementor-element elementor-element-a2adad6 elementor-widget__width-initial elementor-widget elementor-widget-text-editor\" data-id=\"a2adad6\" data-element_type=\"widget\" data-widget_type=\"text-editor.default\">\n\t\t\t\t\t\t\t\t\t<p>Dann schauen Sie sich unsere Angebote hier an :<\/p>\t\t\t\t\t\t\t\t<\/div>\n\t\t\t\t<div class=\"elementor-element elementor-element-bf5c57f elementor-widget elementor-widget-n-accordion\" data-id=\"bf5c57f\" data-element_type=\"widget\" data-settings=\"{&quot;default_state&quot;:&quot;all_collapsed&quot;,&quot;max_items_expended&quot;:&quot;one&quot;,&quot;n_accordion_animation_duration&quot;:{&quot;unit&quot;:&quot;ms&quot;,&quot;size&quot;:400,&quot;sizes&quot;:[]}}\" data-widget_type=\"nested-accordion.default\">\n\t\t\t\t\t\t\t<div class=\"e-n-accordion\" aria-label=\"Accordion. Open links with Enter or Space, close with Escape, and navigate with Arrow Keys\">\n\t\t\t\t\t\t<details id=\"e-n-accordion-item-2000\" class=\"e-n-accordion-item\" >\n\t\t\t\t<summary class=\"e-n-accordion-item-title\" data-accordion-index=\"1\" tabindex=\"0\" aria-expanded=\"false\" aria-controls=\"e-n-accordion-item-2000\" >\n\t\t\t\t\t<span class='e-n-accordion-item-title-header'><div class=\"e-n-accordion-item-title-text\"> Stellenangebot <\/div><\/span>\n\t\t\t\t\t\t\t<span class='e-n-accordion-item-title-icon'>\n\t\t\t<span class='e-opened' ><svg aria-hidden=\"true\" class=\"e-font-icon-svg e-fas-minus\" viewBox=\"0 0 448 512\" xmlns=\"http:\/\/www.w3.org\/2000\/svg\"><path d=\"M416 208H32c-17.67 0-32 14.33-32 32v32c0 17.67 14.33 32 32 32h384c17.67 0 32-14.33 32-32v-32c0-17.67-14.33-32-32-32z\"><\/path><\/svg><\/span>\n\t\t\t<span class='e-closed'><svg aria-hidden=\"true\" class=\"e-font-icon-svg e-fas-plus\" viewBox=\"0 0 448 512\" xmlns=\"http:\/\/www.w3.org\/2000\/svg\"><path d=\"M416 208H272V64c0-17.67-14.33-32-32-32h-32c-17.67 0-32 14.33-32 32v144H32c-17.67 0-32 14.33-32 32v32c0 17.67 14.33 32 32 32h144v144c0 17.67 14.33 32 32 32h32c17.67 0 32-14.33 32-32V304h144c17.67 0 32-14.33 32-32v-32c0-17.67-14.33-32-32-32z\"><\/path><\/svg><\/span>\n\t\t<\/span>\n\n\t\t\t\t\t\t<\/summary>\n\t\t\t\t<div role=\"region\" aria-labelledby=\"e-n-accordion-item-2000\" class=\"elementor-element elementor-element-1e82680 e-con-full e-flex e-con e-child\" data-id=\"1e82680\" data-element_type=\"container\">\n\t\t\t\t<div class=\"elementor-element elementor-element-b6a9962 elementor-widget__width-initial elementor-widget elementor-widget-text-editor\" data-id=\"b6a9962\" data-element_type=\"widget\" data-widget_type=\"text-editor.default\">\n\t\t\t\t\t\t\t\t\t<p>Das German Business Center ist nicht nur ein Gesch\u00e4ftszentrum, sondern auch ein lokales Handelsunternehmen, das Deutsche Unternehmen in Marokko und anderen M\u00e4rkten Afrikas vertritt. Zu unseren Kunden z\u00e4hlen die gr\u00f6\u00dften Industrie &#8211; und Handelsunternehmen der Welt und legen gr\u00f6\u00dften Wert auf Professionalit\u00e4t, autonomie und Zuverl\u00e4ssigkeit.  <\/p><p>Das German Business Center in Marokko sucht ab sofort einen <strong>Account Manager<\/strong> mit technischer Ausbildung (Physik, Elektroingenieur oder \u00e4hnliche Ausbildung).<\/p><p><strong>Stellenbeschreibung<\/strong><\/p><ul><li>Umsetzung der Verkaufsstrategie einiger treuekunden im Bereich &#8222;Railways-Rolling Stock&#8220;.<\/li><li>Analyse und Definition des Marktpotenzials<\/li><li>Akquisition und Erschlie\u00dfung neuer M\u00e4rkte<\/li><li>Marktentwicklung sowohl aus operativer als auch aus strategischer Sicht<\/li><li>Berichterstattung und Budgetierung<\/li><\/ul><p><strong>Dein profil<\/strong><\/p><ul><li>Kenntnisse \u00fcber nieder-und mittelspannungswandler, Transformatoren, isolationsharzteile, stangens\u00e4tze, Kenntnisse in Messtechniken und\/oder Bahntechnik w\u00e4ren von Vorteil.\u201c<\/li><li>Fundierte Kenntnisse des technischen und kommerziellen Vertriebs<\/li><li>Ausgepr\u00e4gte Kommunikationsf\u00e4higkeit<\/li><li>Offen und bereit zu Reisen<\/li><li>Sehr gute Kenntnisse in Arabisch, Franz\u00f6sisch und Deutsch.<\/li><\/ul><p><strong>Wir bieten Ihnen<\/strong><\/p><ul><li>Die M\u00f6glichkeit, Ihr wissen in Ihrem T\u00e4tigkeitsbereich zu erweitern und sich pers\u00f6nlich weiterzuentwickeln<\/li><li>Gezielte Ausbildung<\/li><li>Interessante Karriere-und Entwicklungsm\u00f6glichkeiten<\/li><li>Ort: Casablanca<\/li><\/ul><p><strong>Bauen Sie Ihre Zukunft auf. Lass uns zusammen arbeiten!! <\/strong><\/p><p>Wenn Sie der Meinung sind, dass Sie zu dieser Position passen, senden Sie uns bitte Ihre Bewerbungsunterlagen mit Angabe Ihres m\u00f6glichen Datums f\u00fcr den Amtsantritt. Damit wir Ihre Bewerbung so schnell wie m\u00f6glich Bearbeiten k\u00f6nnen, senden Sie uns Ihre Unterlagen per E-Mail im pdf-Format. zu : <a>info@gbc.ma<\/a> | <a href=\"https:\/\/www.gbc.ma\/\">www.gbc.ma<\/a>  <\/p>\t\t\t\t\t\t\t\t<\/div>\n\t\t\t\t<\/div>\n\t\t\t\t\t<\/details>\n\t\t\t\t\t\t<details id=\"e-n-accordion-item-2001\" class=\"e-n-accordion-item\" >\n\t\t\t\t<summary class=\"e-n-accordion-item-title\" data-accordion-index=\"2\" tabindex=\"-1\" aria-expanded=\"false\" aria-controls=\"e-n-accordion-item-2001\" >\n\t\t\t\t\t<span class='e-n-accordion-item-title-header'><div class=\"e-n-accordion-item-title-text\"> Langzeitpraktikum <\/div><\/span>\n\t\t\t\t\t\t\t<span class='e-n-accordion-item-title-icon'>\n\t\t\t<span class='e-opened' ><svg aria-hidden=\"true\" class=\"e-font-icon-svg e-fas-minus\" viewBox=\"0 0 448 512\" xmlns=\"http:\/\/www.w3.org\/2000\/svg\"><path d=\"M416 208H32c-17.67 0-32 14.33-32 32v32c0 17.67 14.33 32 32 32h384c17.67 0 32-14.33 32-32v-32c0-17.67-14.33-32-32-32z\"><\/path><\/svg><\/span>\n\t\t\t<span class='e-closed'><svg aria-hidden=\"true\" class=\"e-font-icon-svg e-fas-plus\" viewBox=\"0 0 448 512\" xmlns=\"http:\/\/www.w3.org\/2000\/svg\"><path d=\"M416 208H272V64c0-17.67-14.33-32-32-32h-32c-17.67 0-32 14.33-32 32v144H32c-17.67 0-32 14.33-32 32v32c0 17.67 14.33 32 32 32h144v144c0 17.67 14.33 32 32 32h32c17.67 0 32-14.33 32-32V304h144c17.67 0 32-14.33 32-32v-32c0-17.67-14.33-32-32-32z\"><\/path><\/svg><\/span>\n\t\t<\/span>\n\n\t\t\t\t\t\t<\/summary>\n\t\t\t\t<div role=\"region\" aria-labelledby=\"e-n-accordion-item-2001\" class=\"elementor-element elementor-element-7536f9b e-con-full e-flex e-con e-child\" data-id=\"7536f9b\" data-element_type=\"container\">\n\t\t\t\t<div class=\"elementor-element elementor-element-f022ea6 elementor-widget__width-initial elementor-widget elementor-widget-text-editor\" data-id=\"f022ea6\" data-element_type=\"widget\" data-widget_type=\"text-editor.default\">\n\t\t\t\t\t\t\t\t\t<p><strong>Was wir anbieten\u2026<\/strong><\/p><p>W\u00e4hrend eines ganzen Jahres k\u00f6nnen Sie an den Aktivit\u00e4ten eines internationalen Dienstleisters teilnehmen.Sie erm\u00f6glichen es deutschen Unternehmen, durch Marktforschung, match-making zwischen deutschen und marokkanischen Unternehmen in den marokkanischen Markt einzutreten oder einfach Ihre Hilfe bei allem anzubieten, was mit dem engagement von Unternehmen in Marokko zu tun hat. Sie werden Teil eines interkulturellen Teams und tragen zur wirtschaftlichen Zusammenarbeit zwischen Deutschland und Marokko bei. <\/p><p> <\/p><p><strong>Was wir suchen&#8230;.<\/strong><\/p><ul><li>Studium in Wirtschaft, marketing, Kommunikation oder Medien usw. oder gleichwertiges Studium \/ Berufsausbildung<\/li><li>Sehr gutes niveau von Deutsch und Franz\u00f6sisch geschrieben und gesprochen<\/li><li>Arabisch-und Englischkenntnisse sind von Vorteil<\/li><\/ul><p>MS-Office-Kenntnisse (Excel, Word, Outlook, Powerpoint)<\/p>\t\t\t\t\t\t\t\t<\/div>\n\t\t\t\t<\/div>\n\t\t\t\t\t<\/details>\n\t\t\t\t\t\t<details id=\"e-n-accordion-item-2002\" class=\"e-n-accordion-item\" >\n\t\t\t\t<summary class=\"e-n-accordion-item-title\" data-accordion-index=\"3\" tabindex=\"-1\" aria-expanded=\"false\" aria-controls=\"e-n-accordion-item-2002\" >\n\t\t\t\t\t<span class='e-n-accordion-item-title-header'><div class=\"e-n-accordion-item-title-text\"> Kurzzeitpraktikum <\/div><\/span>\n\t\t\t\t\t\t\t<span class='e-n-accordion-item-title-icon'>\n\t\t\t<span class='e-opened' ><svg aria-hidden=\"true\" class=\"e-font-icon-svg e-fas-minus\" viewBox=\"0 0 448 512\" xmlns=\"http:\/\/www.w3.org\/2000\/svg\"><path d=\"M416 208H32c-17.67 0-32 14.33-32 32v32c0 17.67 14.33 32 32 32h384c17.67 0 32-14.33 32-32v-32c0-17.67-14.33-32-32-32z\"><\/path><\/svg><\/span>\n\t\t\t<span class='e-closed'><svg aria-hidden=\"true\" class=\"e-font-icon-svg e-fas-plus\" viewBox=\"0 0 448 512\" xmlns=\"http:\/\/www.w3.org\/2000\/svg\"><path d=\"M416 208H272V64c0-17.67-14.33-32-32-32h-32c-17.67 0-32 14.33-32 32v144H32c-17.67 0-32 14.33-32 32v32c0 17.67 14.33 32 32 32h144v144c0 17.67 14.33 32 32 32h32c17.67 0 32-14.33 32-32V304h144c17.67 0 32-14.33 32-32v-32c0-17.67-14.33-32-32-32z\"><\/path><\/svg><\/span>\n\t\t<\/span>\n\n\t\t\t\t\t\t<\/summary>\n\t\t\t\t<div role=\"region\" aria-labelledby=\"e-n-accordion-item-2002\" class=\"elementor-element elementor-element-3f6be17 e-con-full e-flex e-con e-child\" data-id=\"3f6be17\" data-element_type=\"container\">\n\t\t\t\t<div class=\"elementor-element elementor-element-860e2a9 elementor-widget__width-initial elementor-widget elementor-widget-text-editor\" data-id=\"860e2a9\" data-element_type=\"widget\" data-widget_type=\"text-editor.default\">\n\t\t\t\t\t\t\t\t\t<p><strong>Was wir anbieten\u2026<\/strong><\/p><p>Sie k\u00f6nnen im Rahmen eines Praktikums von 3-6 Monaten den Beruf eines internationalen Dienstleisters erlernen. Sie erm\u00f6glichen es deutschen Unternehmen, durch Marktforschung, match-making zwischen deutschen und marokkanischen Unternehmen in den marokkanischen Markt einzutreten oder einfach Ihre Hilfe bei allem anzubieten, was mit dem engagement von Unternehmen in Marokko zu tun hat : <\/p><ul><li>Recherche &amp;Vorbereitung von Informationen<\/li><li>Marketing &amp; \u00f6ffentlichkeitsarbeit<\/li><li>Veranstaltungen<\/li><\/ul><p><strong>Was wir suchen&#8230;.<\/strong><\/p><ul><li>Studium in Wirtschaft, marketing, Kommunikation oder Medien usw. oder gleichwertiges Studium \/ Berufsausbildung<\/li><li>Sehr gutes niveau von Deutsch und Franz\u00f6sisch geschrieben und gesprochen<\/li><li>Arabisch-und Englischkenntnisse sind von Vorteil<\/li><li>MS-Office-Kenntnisse (Excel, Word, Outlook, Powerpoint)<\/li><\/ul>\t\t\t\t\t\t\t\t<\/div>\n\t\t\t\t<\/div>\n\t\t\t\t\t<\/details>\n\t\t\t\t\t<\/div>\n\t\t\t\t\t\t<\/div>\n\t\t\t\t<div class=\"elementor-element elementor-element-1716795 elementor-widget__width-initial elementor-widget elementor-widget-text-editor\" data-id=\"1716795\" data-element_type=\"widget\" data-widget_type=\"text-editor.default\">\n\t\t\t\t\t\t\t\t\tInteressiert Sie das ? Dann senden Sie uns Ihre Bewerbung mit Bewerbungsschreiben, Lebenslauf und diplomkopien an <a href=\"mailto:info@gbc.ma\">info@gbc.ma<\/a> oder <a href=\"https:\/\/gbc.ma\/de\/kontakt\/\">kontaktieren Sie uns.<\/a> \t\t\t\t\t\t\t\t<\/div>\n\t\t\t\t<\/div>\n\t\t\t\t\t<\/div>\n\t\t\t\t<\/div>\n\t\t\t\t<\/div>\n\t\t","protected":false},"excerpt":{"rendered":"<p>Karriere Sie interessieren sich f\u00fcr das German Business Center in Casablanca ? Dann schauen Sie sich unsere Angebote hier an : Stellenangebot Das German Business Center ist nicht nur ein Gesch\u00e4ftszentrum, sondern auch ein lokales Handelsunternehmen, das Deutsche Unternehmen in Marokko und anderen M\u00e4rkten Afrikas vertritt. Zu unseren Kunden z\u00e4hlen die gr\u00f6\u00dften Industrie &#8211; und [&hellip;]<\/p>\n","protected":false},"author":1,"featured_media":0,"parent":0,"menu_order":0,"comment_status":"closed","ping_status":"closed","template":"elementor_header_footer","meta":{"footnotes":""},"class_list":["post-2541","page","type-page","status-publish","hentry"],"_links":{"self":[{"href":"https:\/\/gbc.ma\/de\/wp-json\/wp\/v2\/pages\/2541","targetHints":{"allow":["GET"]}}],"collection":[{"href":"https:\/\/gbc.ma\/de\/wp-json\/wp\/v2\/pages"}],"about":[{"href":"https:\/\/gbc.ma\/de\/wp-json\/wp\/v2\/types\/page"}],"author":[{"embeddable":true,"href":"https:\/\/gbc.ma\/de\/wp-json\/wp\/v2\/users\/1"}],"replies":[{"embeddable":true,"href":"https:\/\/gbc.ma\/de\/wp-json\/wp\/v2\/comments?post=2541"}],"version-history":[{"count":9,"href":"https:\/\/gbc.ma\/de\/wp-json\/wp\/v2\/pages\/2541\/revisions"}],"predecessor-version":[{"id":5667,"href":"https:\/\/gbc.ma\/de\/wp-json\/wp\/v2\/pages\/2541\/revisions\/5667"}],"wp:attachment":[{"href":"https:\/\/gbc.ma\/de\/wp-json\/wp\/v2\/media?parent=2541"}],"curies":[{"name":"wp","href":"https:\/\/api.w.org\/{rel}","templated":true}]}}