{"id":2523,"date":"2025-07-16T10:32:22","date_gmt":"2025-07-16T08:32:22","guid":{"rendered":"https:\/\/www.gbc.casa\/kontakt\/"},"modified":"2026-04-02T16:33:56","modified_gmt":"2026-04-02T14:33:56","slug":"kontakt","status":"publish","type":"page","link":"https:\/\/gbc.ma\/de\/kontakt\/","title":{"rendered":"Kontakt"},"content":{"rendered":"\t\t<div data-elementor-type=\"wp-page\" data-elementor-id=\"2523\" class=\"elementor elementor-2523 elementor-419\" data-elementor-post-type=\"page\">\n\t\t\t\t<div class=\"elementor-element elementor-element-d427276 e-flex e-con-boxed e-con e-parent\" data-id=\"d427276\" data-element_type=\"container\" data-settings=\"{&quot;background_background&quot;:&quot;classic&quot;}\">\n\t\t\t\t\t<div class=\"e-con-inner\">\n\t\t<div class=\"elementor-element elementor-element-b8f4262 e-con-full e-flex e-con e-child\" data-id=\"b8f4262\" data-element_type=\"container\">\n\t\t\t\t<div class=\"elementor-element elementor-element-282d168 elementor-widget elementor-widget-heading\" data-id=\"282d168\" data-element_type=\"widget\" data-widget_type=\"heading.default\">\n\t\t\t\t\t<h2 class=\"elementor-heading-title elementor-size-default\">Kontakt<\/h2>\t\t\t\t<\/div>\n\t\t<div class=\"elementor-element elementor-element-16126f0 e-con-full e-flex e-con e-child\" data-id=\"16126f0\" data-element_type=\"container\">\n\t\t\t\t<div class=\"elementor-element elementor-element-6fd63aa elementor-widget-divider--view-line elementor-widget elementor-widget-divider\" data-id=\"6fd63aa\" data-element_type=\"widget\" data-widget_type=\"divider.default\">\n\t\t\t\t\t\t\t<div class=\"elementor-divider\">\n\t\t\t<span class=\"elementor-divider-separator\">\n\t\t\t\t\t\t<\/span>\n\t\t<\/div>\n\t\t\t\t\t\t<\/div>\n\t\t\t\t<\/div>\n\t\t<div class=\"elementor-element elementor-element-b9561a8 e-con-full e-flex e-con e-child\" data-id=\"b9561a8\" data-element_type=\"container\" data-settings=\"{&quot;background_background&quot;:&quot;slideshow&quot;,&quot;background_slideshow_gallery&quot;:[{&quot;id&quot;:5329,&quot;url&quot;:&quot;https:\\\/\\\/gbc.ma\\\/wp-content\\\/uploads\\\/2025\\\/09\\\/26413_ciel.jpg&quot;},{&quot;id&quot;:6469,&quot;url&quot;:&quot;https:\\\/\\\/gbc.ma\\\/wp-content\\\/uploads\\\/2025\\\/09\\\/IMG_4567-scaled.jpg&quot;}],&quot;background_slideshow_slide_duration&quot;:3000,&quot;background_slideshow_slide_transition&quot;:&quot;slide_left&quot;,&quot;background_slideshow_transition_duration&quot;:1000,&quot;background_slideshow_loop&quot;:&quot;yes&quot;}\">\n\t\t\t\t<\/div>\n\t\t\t\t<div class=\"elementor-element elementor-element-8e25472 elementor-widget__width-initial elementor-widget elementor-widget-text-editor\" data-id=\"8e25472\" data-element_type=\"widget\" data-widget_type=\"text-editor.default\">\n\t\t\t\t\t\t\t\t\t<p>Haben Sie Fragen zu unseren Dienstleistungen oder m\u00f6chten Sie einfach ein wenig mehr erfahren, indem Sie mit jemandem aus unserem Team einen Termin vereinbaren ? Dann z\u00f6gern Sie nicht, das untenstehende Formular auszuf\u00fcllen. Wir werden uns so schnell wie m\u00f6glich mit Ihnen in Verbindung setzen !  <\/p>\t\t\t\t\t\t\t\t<\/div>\n\t\t\t\t<\/div>\n\t\t<div class=\"elementor-element elementor-element-509bab5 e-con-full e-flex e-con e-child\" data-id=\"509bab5\" data-element_type=\"container\">\n\t\t<div class=\"elementor-element elementor-element-d2d75a1 e-con-full e-flex e-con e-child\" data-id=\"d2d75a1\" data-element_type=\"container\" data-settings=\"{&quot;background_background&quot;:&quot;classic&quot;}\">\n\t\t\t\t<div class=\"elementor-element elementor-element-d899b4b elementor-widget elementor-widget-heading\" data-id=\"d899b4b\" data-element_type=\"widget\" data-widget_type=\"heading.default\">\n\t\t\t\t\t<h3 class=\"elementor-heading-title elementor-size-default\">Kontaktformular\n<\/h3>\t\t\t\t<\/div>\n\t\t\t\t<div class=\"elementor-element elementor-element-fd256fe elementor-widget__width-initial elementor-button-align-stretch elementor-widget elementor-widget-form\" data-id=\"fd256fe\" data-element_type=\"widget\" data-settings=\"{&quot;button_width&quot;:&quot;100&quot;,&quot;step_type&quot;:&quot;number_text&quot;,&quot;step_icon_shape&quot;:&quot;circle&quot;}\" data-widget_type=\"form.default\">\n\t\t\t\t\t\t\t<form class=\"elementor-form\" method=\"post\" name=\"Kontakt\" aria-label=\"Kontakt\">\n\t\t\t<input type=\"hidden\" name=\"post_id\" value=\"2523\"\/>\n\t\t\t<input type=\"hidden\" name=\"form_id\" value=\"fd256fe\"\/>\n\t\t\t<input type=\"hidden\" name=\"referer_title\" value=\"Kontakt\" \/>\n\n\t\t\t\t\t\t\t<input type=\"hidden\" name=\"queried_id\" value=\"2523\"\/>\n\t\t\t\n\t\t\t<div class=\"elementor-form-fields-wrapper elementor-labels-above\">\n\t\t\t\t\t\t\t\t<div class=\"elementor-field-type-select elementor-field-group elementor-column elementor-field-group-field_2b36e3b elementor-col-50 elementor-field-required elementor-mark-required\">\n\t\t\t\t\t\t\t\t\t\t\t\t<label for=\"form-field-field_2b36e3b\" class=\"elementor-field-label\">\n\t\t\t\t\t\t\t\tAnrede \t\t\t\t\t\t\t<\/label>\n\t\t\t\t\t\t\t\t<div class=\"elementor-field elementor-select-wrapper remove-before \">\n\t\t\t<div class=\"select-caret-down-wrapper\">\n\t\t\t\t<svg aria-hidden=\"true\" class=\"e-font-icon-svg e-eicon-caret-down\" viewBox=\"0 0 571.4 571.4\" xmlns=\"http:\/\/www.w3.org\/2000\/svg\"><path d=\"M571 393Q571 407 561 418L311 668Q300 679 286 679T261 668L11 418Q0 407 0 393T11 368 36 357H536Q550 357 561 368T571 393Z\"><\/path><\/svg>\t\t\t<\/div>\n\t\t\t<select name=\"form_fields[field_2b36e3b]\" id=\"form-field-field_2b36e3b\" class=\"elementor-field-textual elementor-size-sm\" required=\"required\">\n\t\t\t\t\t\t\t\t\t<option value=\"Herr\">Herr<\/option>\n\t\t\t\t\t\t\t\t\t<option value=\"Frau.\">Frau.<\/option>\n\t\t\t\t\t\t\t<\/select>\n\t\t<\/div>\n\t\t\t\t\t\t<\/div>\n\t\t\t\t\t\t\t\t<div class=\"elementor-field-type-text elementor-field-group elementor-column elementor-field-group-name elementor-col-50 elementor-field-required elementor-mark-required\">\n\t\t\t\t\t\t\t\t\t\t\t\t<label for=\"form-field-name\" class=\"elementor-field-label\">\n\t\t\t\t\t\t\t\tName\t\t\t\t\t\t\t<\/label>\n\t\t\t\t\t\t\t\t\t\t\t\t\t\t<input size=\"1\" type=\"text\" name=\"form_fields[name]\" id=\"form-field-name\" class=\"elementor-field elementor-size-sm  elementor-field-textual\" placeholder=\"Name \" required=\"required\">\n\t\t\t\t\t\t\t\t\t\t\t<\/div>\n\t\t\t\t\t\t\t\t<div class=\"elementor-field-type-text elementor-field-group elementor-column elementor-field-group-field_16b9226 elementor-col-50 elementor-field-required elementor-mark-required\">\n\t\t\t\t\t\t\t\t\t\t\t\t<label for=\"form-field-field_16b9226\" class=\"elementor-field-label\">\n\t\t\t\t\t\t\t\tVorname\t\t\t\t\t\t\t<\/label>\n\t\t\t\t\t\t\t\t\t\t\t\t\t\t<input size=\"1\" type=\"text\" name=\"form_fields[field_16b9226]\" id=\"form-field-field_16b9226\" class=\"elementor-field elementor-size-sm  elementor-field-textual\" placeholder=\"Vorname\" required=\"required\">\n\t\t\t\t\t\t\t\t\t\t\t<\/div>\n\t\t\t\t\t\t\t\t<div class=\"elementor-field-type-number elementor-field-group elementor-column elementor-field-group-field_45f0760 elementor-col-50 elementor-field-required elementor-mark-required\">\n\t\t\t\t\t\t\t\t\t\t\t\t<label for=\"form-field-field_45f0760\" class=\"elementor-field-label\">\n\t\t\t\t\t\t\t\tTelefonnummer\t\t\t\t\t\t\t<\/label>\n\t\t\t\t\t\t\t\t\t<input type=\"number\" name=\"form_fields[field_45f0760]\" id=\"form-field-field_45f0760\" class=\"elementor-field elementor-size-sm  elementor-field-textual\" placeholder=\"Telefonnummer\" required=\"required\" min=\"\" max=\"\" >\n\t\t\t\t\t\t<\/div>\n\t\t\t\t\t\t\t\t<div class=\"elementor-field-type-email elementor-field-group elementor-column elementor-field-group-email elementor-col-50 elementor-field-required elementor-mark-required\">\n\t\t\t\t\t\t\t\t\t\t\t\t<label for=\"form-field-email\" class=\"elementor-field-label\">\n\t\t\t\t\t\t\t\tEmail\t\t\t\t\t\t\t<\/label>\n\t\t\t\t\t\t\t\t\t\t\t\t\t\t<input size=\"1\" type=\"email\" name=\"form_fields[email]\" id=\"form-field-email\" class=\"elementor-field elementor-size-sm  elementor-field-textual\" placeholder=\"Email\" required=\"required\">\n\t\t\t\t\t\t\t\t\t\t\t<\/div>\n\t\t\t\t\t\t\t\t<div class=\"elementor-field-type-text elementor-field-group elementor-column elementor-field-group-field_f4bc14a elementor-col-50\">\n\t\t\t\t\t\t\t\t\t\t\t\t<label for=\"form-field-field_f4bc14a\" class=\"elementor-field-label\">\n\t\t\t\t\t\t\t\tStra\u00dfe und Hausnummer\t\t\t\t\t\t\t<\/label>\n\t\t\t\t\t\t\t\t\t\t\t\t\t\t<input size=\"1\" type=\"text\" name=\"form_fields[field_f4bc14a]\" id=\"form-field-field_f4bc14a\" class=\"elementor-field elementor-size-sm  elementor-field-textual\" placeholder=\"Stra\u00dfe und Hausnummer\">\n\t\t\t\t\t\t\t\t\t\t\t<\/div>\n\t\t\t\t\t\t\t\t<div class=\"elementor-field-type-text elementor-field-group elementor-column elementor-field-group-field_3b22b81 elementor-col-50\">\n\t\t\t\t\t\t\t\t\t\t\t\t<label for=\"form-field-field_3b22b81\" class=\"elementor-field-label\">\n\t\t\t\t\t\t\t\tPostleitzahl, Ort\t\t\t\t\t\t\t<\/label>\n\t\t\t\t\t\t\t\t\t\t\t\t\t\t<input size=\"1\" type=\"text\" name=\"form_fields[field_3b22b81]\" id=\"form-field-field_3b22b81\" class=\"elementor-field elementor-size-sm  elementor-field-textual\" placeholder=\"Postleitzahl, Ort\">\n\t\t\t\t\t\t\t\t\t\t\t<\/div>\n\t\t\t\t\t\t\t\t<div class=\"elementor-field-type-text elementor-field-group elementor-column elementor-field-group-field_ced8880 elementor-col-50\">\n\t\t\t\t\t\t\t\t\t\t\t\t<label for=\"form-field-field_ced8880\" class=\"elementor-field-label\">\n\t\t\t\t\t\t\t\tLand\t\t\t\t\t\t\t<\/label>\n\t\t\t\t\t\t\t\t\t\t\t\t\t\t<input size=\"1\" type=\"text\" name=\"form_fields[field_ced8880]\" id=\"form-field-field_ced8880\" class=\"elementor-field elementor-size-sm  elementor-field-textual\" placeholder=\"Land\">\n\t\t\t\t\t\t\t\t\t\t\t<\/div>\n\t\t\t\t\t\t\t\t<div class=\"elementor-field-type-select elementor-field-group elementor-column elementor-field-group-field_9d6c12d elementor-col-100\">\n\t\t\t\t\t\t\t\t\t\t\t\t<label for=\"form-field-field_9d6c12d\" class=\"elementor-field-label\">\n\t\t\t\t\t\t\t\tIch interessiere mich f\u00fcr Dienstleistungen\t\t\t\t\t\t\t<\/label>\n\t\t\t\t\t\t\t\t<div class=\"elementor-field elementor-select-wrapper remove-before \">\n\t\t\t<div class=\"select-caret-down-wrapper\">\n\t\t\t\t<svg aria-hidden=\"true\" class=\"e-font-icon-svg e-eicon-caret-down\" viewBox=\"0 0 571.4 571.4\" xmlns=\"http:\/\/www.w3.org\/2000\/svg\"><path d=\"M571 393Q571 407 561 418L311 668Q300 679 286 679T261 668L11 418Q0 407 0 393T11 368 36 357H536Q550 357 561 368T571 393Z\"><\/path><\/svg>\t\t\t<\/div>\n\t\t\t<select name=\"form_fields[field_9d6c12d]\" id=\"form-field-field_9d6c12d\" class=\"elementor-field-textual elementor-size-sm\">\n\t\t\t\t\t\t\t\t\t<option value=\"(Bitte ausw\u00e4hlen)\">(Bitte ausw\u00e4hlen)<\/option>\n\t\t\t\t\t\t\t\t\t<option value=\"Veranstaltungen\">Veranstaltungen<\/option>\n\t\t\t\t\t\t\t\t\t<option value=\"Germany Hires\">Germany Hires<\/option>\n\t\t\t\t\t\t\t\t\t<option value=\"B\u00fcrofl\u00e4chen\">B\u00fcrofl\u00e4chen<\/option>\n\t\t\t\t\t\t\t\t\t<option value=\"Marketing\">Marketing<\/option>\n\t\t\t\t\t\t\t\t\t<option value=\"Beratung\">Beratung<\/option>\n\t\t\t\t\t\t\t\t\t<option value=\"Gesch\u00e4ftst\u00e4tigkeiten\">Gesch\u00e4ftst\u00e4tigkeiten<\/option>\n\t\t\t\t\t\t\t\t\t<option value=\"Logistik\">Logistik<\/option>\n\t\t\t\t\t\t\t\t\t<option value=\"Dolmetschen\">Dolmetschen<\/option>\n\t\t\t\t\t\t\t\t\t<option value=\"Buchhaltung\">Buchhaltung<\/option>\n\t\t\t\t\t\t\t<\/select>\n\t\t<\/div>\n\t\t\t\t\t\t<\/div>\n\t\t\t\t\t\t\t\t<div class=\"elementor-field-type-text elementor-field-group elementor-column elementor-field-group-field_89c528e elementor-col-100\">\n\t\t\t\t\t\t\t\t\t\t\t\t<label for=\"form-field-field_89c528e\" class=\"elementor-field-label\">\n\t\t\t\t\t\t\t\tBetreff\t\t\t\t\t\t\t<\/label>\n\t\t\t\t\t\t\t\t\t\t\t\t\t\t<input size=\"1\" type=\"text\" name=\"form_fields[field_89c528e]\" id=\"form-field-field_89c528e\" class=\"elementor-field elementor-size-sm  elementor-field-textual\" placeholder=\"Betreff \">\n\t\t\t\t\t\t\t\t\t\t\t<\/div>\n\t\t\t\t\t\t\t\t<div class=\"elementor-field-type-textarea elementor-field-group elementor-column elementor-field-group-message elementor-col-100 elementor-field-required elementor-mark-required\">\n\t\t\t\t\t\t\t\t\t\t\t\t<label for=\"form-field-message\" class=\"elementor-field-label\">\n\t\t\t\t\t\t\t\tNachricht\t\t\t\t\t\t\t<\/label>\n\t\t\t\t\t\t<textarea class=\"elementor-field-textual elementor-field  elementor-size-sm\" name=\"form_fields[message]\" id=\"form-field-message\" rows=\"4\" placeholder=\"Nachricht\" required=\"required\"><\/textarea>\t\t\t\t<\/div>\n\t\t\t\t\t\t\t\t<div class=\"elementor-field-type-acceptance elementor-field-group elementor-column elementor-field-group-field_751bf5c elementor-col-100 elementor-field-required elementor-mark-required\">\n\t\t\t\t\t\t\t\t\t\t\t\t<label for=\"form-field-field_751bf5c\" class=\"elementor-field-label\">\n\t\t\t\t\t\t\t\tDatenschutzerkl\u00e4rung\t\t\t\t\t\t\t<\/label>\n\t\t\t\t\t\t\t\t<div class=\"elementor-field-subgroup\">\n\t\t\t<span class=\"elementor-field-option\">\n\t\t\t\t<input type=\"checkbox\" name=\"form_fields[field_751bf5c]\" id=\"form-field-field_751bf5c\" class=\"elementor-field elementor-size-sm  elementor-acceptance-field\" required=\"required\">\n\t\t\t\t<label for=\"form-field-field_751bf5c\">Ich habe die Datenschutzerkl\u00e4rung gelesen. Ich stimme der Speicherung meiner Daten sowie der Kontaktaufnahme per E-Mail oder Telefon zu. <\/label>\t\t\t<\/span>\n\t\t<\/div>\n\t\t\t\t\t\t<\/div>\n\t\t\t\t\t\t\t\t<div class=\"elementor-field-type-recaptcha elementor-field-group elementor-column elementor-field-group-field_be85f9c elementor-col-100\">\n\t\t\t\t\t<div class=\"elementor-field\" id=\"form-field-field_be85f9c\"><div class=\"elementor-g-recaptcha\" data-sitekey=\"6Lc2lvQrAAAAAAvHk5HvPcbEtQzJ7--BnWMqe35w\" data-type=\"v2_checkbox\" data-theme=\"light\" data-size=\"normal\"><\/div><\/div>\t\t\t\t<\/div>\n\t\t\t\t\t\t\t\t<div class=\"elementor-field-group elementor-column elementor-field-type-submit elementor-col-100 e-form__buttons\">\n\t\t\t\t\t<button class=\"elementor-button elementor-size-sm\" type=\"submit\">\n\t\t\t\t\t\t<span class=\"elementor-button-content-wrapper\">\n\t\t\t\t\t\t\t\t\t\t\t\t\t\t\t\t\t\t\t\t\t\t<span class=\"elementor-button-text\">Schicken<\/span>\n\t\t\t\t\t\t\t\t\t\t\t\t\t<\/span>\n\t\t\t\t\t<\/button>\n\t\t\t\t<\/div>\n\t\t\t<\/div>\n\t\t<\/form>\n\t\t\t\t\t\t<\/div>\n\t\t\t\t<\/div>\n\t\t<div class=\"elementor-element elementor-element-14e50a6 e-con-full e-flex e-con e-child\" data-id=\"14e50a6\" data-element_type=\"container\" data-settings=\"{&quot;background_background&quot;:&quot;classic&quot;}\">\n\t\t\t\t<div class=\"elementor-element elementor-element-23694ef elementor-widget elementor-widget-heading\" data-id=\"23694ef\" data-element_type=\"widget\" data-widget_type=\"heading.default\">\n\t\t\t\t\t<h4 class=\"elementor-heading-title elementor-size-default\">So finden Sie uns<\/h4>\t\t\t\t<\/div>\n\t\t\t\t<div class=\"elementor-element elementor-element-cdb1899 elementor-widget__width-inherit elementor-widget elementor-widget-image\" data-id=\"cdb1899\" data-element_type=\"widget\" data-widget_type=\"image.default\">\n\t\t\t\t\t\t\t\t\t\t\t\t\t\t\t<img decoding=\"async\" src=\"https:\/\/gbc.ma\/wp-content\/uploads\/2025\/09\/qrcode.svg\" class=\"attachment-full size-full wp-image-4644\" alt=\"\" \/>\t\t\t\t\t\t\t\t\t\t\t\t\t\t\t<\/div>\n\t\t<div class=\"elementor-element elementor-element-14e1adf e-con-full e-flex e-con e-child\" data-id=\"14e1adf\" data-element_type=\"container\">\n\t\t\t\t<div class=\"elementor-element elementor-element-46fcca8 elementor-widget__width-initial elementor-widget elementor-widget-google_maps\" data-id=\"46fcca8\" data-element_type=\"widget\" data-widget_type=\"google_maps.default\">\n\t\t\t\t\t\t\t<div class=\"elementor-custom-embed\">\n\t\t\t<iframe loading=\"lazy\"\n\t\t\t\t\tsrc=\"https:\/\/maps.google.com\/maps?q=gbc%20-german%20business%20center%2014%20Bd%20de%20Paris%2C%20Casablanca%2020000%2C%20Morocco&#038;t=m&#038;z=14&#038;output=embed&#038;iwloc=near\"\n\t\t\t\t\ttitle=\"gbc -german business center 14 Bd de Paris, Casablanca 20000, Morocco\"\n\t\t\t\t\taria-label=\"gbc -german business center 14 Bd de Paris, Casablanca 20000, Morocco\"\n\t\t\t><\/iframe>\n\t\t<\/div>\n\t\t\t\t\t\t<\/div>\n\t\t\t\t<\/div>\n\t\t\t\t<\/div>\n\t\t\t\t<\/div>\n\t\t<div class=\"elementor-element elementor-element-c8fe297 e-con-full e-flex e-con e-child\" data-id=\"c8fe297\" data-element_type=\"container\">\n\t\t\t\t<div class=\"elementor-element elementor-element-5350d12 elementor-widget elementor-widget-heading\" data-id=\"5350d12\" data-element_type=\"widget\" data-widget_type=\"heading.default\">\n\t\t\t\t\t<h2 class=\"elementor-heading-title elementor-size-default\">Lage<\/h2>\t\t\t\t<\/div>\n\t\t<div class=\"elementor-element elementor-element-31f5755 e-con-full e-flex e-con e-child\" data-id=\"31f5755\" data-element_type=\"container\">\n\t\t\t\t<div class=\"elementor-element elementor-element-2e978c9 elementor-widget-divider--view-line elementor-widget elementor-widget-divider\" data-id=\"2e978c9\" data-element_type=\"widget\" data-widget_type=\"divider.default\">\n\t\t\t\t\t\t\t<div class=\"elementor-divider\">\n\t\t\t<span class=\"elementor-divider-separator\">\n\t\t\t\t\t\t<\/span>\n\t\t<\/div>\n\t\t\t\t\t\t<\/div>\n\t\t\t\t<\/div>\n\t\t\t\t<div class=\"elementor-element elementor-element-9776431 elementor-widget__width-initial elementor-widget elementor-widget-text-editor\" data-id=\"9776431\" data-element_type=\"widget\" data-widget_type=\"text-editor.default\">\n\t\t\t\t\t\t\t\t\t<p>Das GBC liegt absolut zentral und mit allen Verkehrsmitteln gut erreichbar im Stadtzentrum von Casablanca. Von den B\u00fcros und der Aussichtsterrasse er\u00f6ffnet sich ein einzigartiger Ausblick auf die Stadt, den Hafen und die weltber\u00fchmte Moschee Hassan II. <\/p>\t\t\t\t\t\t\t\t<\/div>\n\t\t<div class=\"elementor-element elementor-element-e31220b e-con-full e-flex e-con e-child\" data-id=\"e31220b\" data-element_type=\"container\">\n\t\t<div class=\"elementor-element elementor-element-0b2e70f e-con-full e-flex e-con e-child\" data-id=\"0b2e70f\" data-element_type=\"container\">\n\t\t\t\t<div class=\"elementor-element elementor-element-65d6651 elementor-widget elementor-widget-heading\" data-id=\"65d6651\" data-element_type=\"widget\" data-widget_type=\"heading.default\">\n\t\t\t\t\t<h4 class=\"elementor-heading-title elementor-size-default\">Verkehrsverbindungen \n<\/h4>\t\t\t\t<\/div>\n\t\t\t\t<div class=\"elementor-element elementor-element-7530663 elementor-widget__width-initial elementor-widget elementor-widget-text-editor\" data-id=\"7530663\" data-element_type=\"widget\" data-widget_type=\"text-editor.default\">\n\t\t\t\t\t\t\t\t\t<ul><li><strong>Tramway <\/strong><br>Haltestelle: Place des Nations Unies oder Tramway Place Mohamed V Entfernung 3 Gehminuten<\/li><li><strong>Fernbahnhof<\/strong><br>Casa-Port: Entfernung 1,1 km (Fahrtzeit 5 Minuten mit dem Auto)<\/li><li><strong>Hafen<\/strong><br>Port de Casablanca: Entfernung 1,2 km (Fahrtzeit 5 Minuten mit dem Auto)<\/li><li><strong>Airport<\/strong> <br>Casablanca Mohammed V.: Entfernung 30 km (Fahrzeit 30 Minuten mit dem Auto)<\/li><\/ul>\t\t\t\t\t\t\t\t<\/div>\n\t\t\t\t<div class=\"elementor-element elementor-element-6ecad2f elementor-widget elementor-widget-heading\" data-id=\"6ecad2f\" data-element_type=\"widget\" data-widget_type=\"heading.default\">\n\t\t\t\t\t<h4 class=\"elementor-heading-title elementor-size-default\">Umgebung und Sehensw\u00fcrdigkeiten\n<\/h4>\t\t\t\t<\/div>\n\t\t\t\t<div class=\"elementor-element elementor-element-82bff53 elementor-widget__width-initial elementor-widget elementor-widget-text-editor\" data-id=\"82bff53\" data-element_type=\"widget\" data-widget_type=\"text-editor.default\">\n\t\t\t\t\t\t\t\t\t<ul><li>Unternehmen und Institutionen in unmittelbarer N\u00e4he: spanisches und US-amerikanisches Konsulat, marokkanische Zentralbank, Industrie- und Handelskammer, regionales Investitionszentrum, Gerichtshof, &#8222;Wilaya&#8220; (Sitz der Regionalverwaltung), Hauptpost<\/li><li>Hotels in der Umgebung: Sheraton, Hyatt Regency, Sofitel, Kenzi Tower, Palace d&#8217;Anfa, Idou Anfa, M\u00f6venpick<\/li><li>Altstadt: Entfernung 500 Meter<\/li><li>Zentraler Markt (&#8222;March\u00e9 Central&#8220;): Entfernung 800 Meter<\/li><li>Kathedrale Sacre Coeur: 900 Meter<\/li><li>Moschee Hassan II.: Entfernung 1.5 km <\/li><li>Modernes Shoppingviertel Maarif mit Twin Towers: Entfernung 2 km<\/li><li>Strandpromenade Ain Diab: Entfernung 6 km<\/li><\/ul>\t\t\t\t\t\t\t\t<\/div>\n\t\t\t\t<div class=\"elementor-element elementor-element-1f4c8fe elementor-widget elementor-widget-heading\" data-id=\"1f4c8fe\" data-element_type=\"widget\" data-widget_type=\"heading.default\">\n\t\t\t\t\t<h4 class=\"elementor-heading-title elementor-size-default\">Metropolen im Umkreis\n<\/h4>\t\t\t\t<\/div>\n\t\t\t\t<div class=\"elementor-element elementor-element-364b7d5 elementor-widget__width-initial elementor-widget elementor-widget-text-editor\" data-id=\"364b7d5\" data-element_type=\"widget\" data-widget_type=\"text-editor.default\">\n\t\t\t\t\t\t\t\t\t<ul><li>Mohammedia: Entfernung 30 km (Fahrtzeit 25 Minuten mit dem Auto)<\/li><li>Rabat: Entfernung 90 km (Fahrtzeit 1 Stunde mit dem Auto)<\/li><li>Marrakesch: Entfernung 245 km (Fahrzeit 2,5 Stunden mit dem Auto)<\/li><li>Tanger: Entfernung 330 km (Fahrzeit 3,5 Stunden mit dem Auto)<\/li><\/ul>\t\t\t\t\t\t\t\t<\/div>\n\t\t\t\t<\/div>\n\t\t\t\t<\/div>\n\t\t\t\t<\/div>\n\t\t\t\t\t<\/div>\n\t\t\t\t<\/div>\n\t\t\t\t<\/div>\n\t\t","protected":false},"excerpt":{"rendered":"<p>Kontakt Haben Sie Fragen zu unseren Dienstleistungen oder m\u00f6chten Sie einfach ein wenig mehr erfahren, indem Sie mit jemandem aus unserem Team einen Termin vereinbaren ? Dann z\u00f6gern Sie nicht, das untenstehende Formular auszuf\u00fcllen. Wir werden uns so schnell wie m\u00f6glich mit Ihnen in Verbindung setzen ! Kontaktformular So finden Sie uns Lage Das GBC [&hellip;]<\/p>\n","protected":false},"author":1,"featured_media":0,"parent":0,"menu_order":0,"comment_status":"closed","ping_status":"closed","template":"elementor_header_footer","meta":{"footnotes":""},"class_list":["post-2523","page","type-page","status-publish","hentry"],"_links":{"self":[{"href":"https:\/\/gbc.ma\/de\/wp-json\/wp\/v2\/pages\/2523","targetHints":{"allow":["GET"]}}],"collection":[{"href":"https:\/\/gbc.ma\/de\/wp-json\/wp\/v2\/pages"}],"about":[{"href":"https:\/\/gbc.ma\/de\/wp-json\/wp\/v2\/types\/page"}],"author":[{"embeddable":true,"href":"https:\/\/gbc.ma\/de\/wp-json\/wp\/v2\/users\/1"}],"replies":[{"embeddable":true,"href":"https:\/\/gbc.ma\/de\/wp-json\/wp\/v2\/comments?post=2523"}],"version-history":[{"count":10,"href":"https:\/\/gbc.ma\/de\/wp-json\/wp\/v2\/pages\/2523\/revisions"}],"predecessor-version":[{"id":7779,"href":"https:\/\/gbc.ma\/de\/wp-json\/wp\/v2\/pages\/2523\/revisions\/7779"}],"wp:attachment":[{"href":"https:\/\/gbc.ma\/de\/wp-json\/wp\/v2\/media?parent=2523"}],"curies":[{"name":"wp","href":"https:\/\/api.w.org\/{rel}","templated":true}]}}