{"id":2507,"date":"2025-07-17T11:26:32","date_gmt":"2025-07-17T09:26:32","guid":{"rendered":"https:\/\/www.gbc.casa\/datenschutz\/"},"modified":"2025-09-15T16:27:03","modified_gmt":"2025-09-15T14:27:03","slug":"datenschutz","status":"publish","type":"page","link":"https:\/\/gbc.ma\/de\/datenschutz\/","title":{"rendered":"Datenschutz"},"content":{"rendered":"\t\t<div data-elementor-type=\"wp-page\" data-elementor-id=\"2507\" class=\"elementor elementor-2507 elementor-949\" data-elementor-post-type=\"page\">\n\t\t\t\t<div class=\"elementor-element elementor-element-0e32191 e-flex e-con-boxed e-con e-parent\" data-id=\"0e32191\" data-element_type=\"container\">\n\t\t\t\t\t<div class=\"e-con-inner\">\n\t\t<div class=\"elementor-element elementor-element-71b7878 e-con-full e-flex e-con e-child\" data-id=\"71b7878\" data-element_type=\"container\">\n\t\t\t\t<div class=\"elementor-element elementor-element-37609ff elementor-widget elementor-widget-heading\" data-id=\"37609ff\" data-element_type=\"widget\" data-widget_type=\"heading.default\">\n\t\t\t\t\t<h2 class=\"elementor-heading-title elementor-size-default\">Datenschutz<\/h2>\t\t\t\t<\/div>\n\t\t<div class=\"elementor-element elementor-element-323f6a7 e-con-full e-flex e-con e-child\" data-id=\"323f6a7\" data-element_type=\"container\">\n\t\t\t\t<div class=\"elementor-element elementor-element-bbaa037 elementor-widget-divider--view-line elementor-widget elementor-widget-divider\" data-id=\"bbaa037\" data-element_type=\"widget\" data-widget_type=\"divider.default\">\n\t\t\t\t\t\t\t<div class=\"elementor-divider\">\n\t\t\t<span class=\"elementor-divider-separator\">\n\t\t\t\t\t\t<\/span>\n\t\t<\/div>\n\t\t\t\t\t\t<\/div>\n\t\t\t\t<\/div>\n\t\t\t\t<div class=\"elementor-element elementor-element-23d414c elementor-widget elementor-widget-image\" data-id=\"23d414c\" data-element_type=\"widget\" data-widget_type=\"image.default\">\n\t\t\t\t\t\t\t\t\t\t\t\t\t\t\t<img fetchpriority=\"high\" decoding=\"async\" width=\"1920\" height=\"500\" src=\"https:\/\/gbc.ma\/wp-content\/uploads\/2025\/07\/header_19.jpg\" class=\"attachment-full size-full wp-image-2437\" alt=\"\" srcset=\"https:\/\/gbc.ma\/wp-content\/uploads\/2025\/07\/header_19.jpg 1920w, https:\/\/gbc.ma\/wp-content\/uploads\/2025\/07\/header_19-300x78.jpg 300w, https:\/\/gbc.ma\/wp-content\/uploads\/2025\/07\/header_19-1024x267.jpg 1024w, https:\/\/gbc.ma\/wp-content\/uploads\/2025\/07\/header_19-768x200.jpg 768w, https:\/\/gbc.ma\/wp-content\/uploads\/2025\/07\/header_19-1536x400.jpg 1536w\" sizes=\"(max-width: 1920px) 100vw, 1920px\" \/>\t\t\t\t\t\t\t\t\t\t\t\t\t\t\t<\/div>\n\t\t\t\t<div class=\"elementor-element elementor-element-aff4017 elementor-widget__width-initial elementor-widget elementor-widget-text-editor\" data-id=\"aff4017\" data-element_type=\"widget\" data-widget_type=\"text-editor.default\">\n\t\t\t\t\t\t\t\t\t<div class=\"main\"><div class=\"center\"><div class=\"row\"><div class=\"fg12\"><article><div class=\"main\"><div class=\"center\"><div class=\"row\"><div class=\"fg12\"><article><p>Die Betreiber dieser Website nehmen den Schutz Ihrer Daten sehr ernst. Wir behandeln Ihre personenbezogenen Daten vertraulich und gem\u00e4\u00df den gesetzlichen Datenschutzbestimmungen und dieser Datenschutzerkl\u00e4rung. <\/p><p>Die Nutzung unserer Website ist in der Regel ohne Angabe personenbezogener Daten m\u00f6glich. Personenbezogene Daten (z. B. Name, Anschrift oder E-Mail-Adresse) werden meist nicht zwingend erforderlich und freiwillig angegeben. Diese Daten werden ohne die ausdr\u00fcckliche Zustimmung der betroffenen Person nicht an Dritte weitergegeben.  <\/p><p>Wir weisen jedoch auf Sicherheitsl\u00fccken bei der Daten\u00fcbertragung (z. B. bei der Kommunikation per E-Mail) hin. Es ist nicht m\u00f6glich, den Zugriff auf diese Daten durch Dritte vollst\u00e4ndig zu sch\u00fctzen. <\/p><p> <\/p><p><strong>Auskunft, L\u00f6schung, Sperrung von Daten<\/strong><\/p><p>Sie haben jederzeit das Recht, unentgeltlich Auskunft \u00fcber Ihre gespeicherten personenbezogenen Daten, deren Herkunft und Empf\u00e4nger sowie den Zweck der Datenverarbeitung zu erhalten, sowie das Recht auf Berichtigung, Sperrung oder L\u00f6schung der Daten.<\/p><p> <\/p><p><strong>Server-Log-Files<\/strong><\/p><p>Der Provider der Website erhebt und speichert automatisch Informationen in sogenannten Server-Log-Files, die Ihr Browser an uns \u00fcbermittelt. Dies sind: <\/p><ul><li>Browser-Typ\/Browser-Version<\/li><li>Verwendetes Betriebssystem<\/li><li>Referrer-URL<\/li><li>Hostname des Computers<\/li><li>Zeitpunkt der Serveranfrage<\/li><\/ul><p>Wir k\u00f6nnen die Daten nicht bestimmten Personen zuordnen. Wir f\u00fchren die Datenquellen nicht zusammen. Wir behalten uns vor, diese Daten nachtr\u00e4glich zu \u00fcberpr\u00fcfen, wenn konkrete Anhaltspunkte f\u00fcr eine rechtswidrige Nutzung vorliegen.  <\/p><p><strong>Cookies<\/strong><\/p><p>Die Website verwendet teilweise bestimmte Cookies. Diese Cookies haben keinerlei Auswirkungen auf Ihren Computer und enthalten keine Viren. Cookies erm\u00f6glichen es uns, unser Angebot benutzerfreundlicher, effektiver und sicherer zu machen. Cookies sind kleine Textdateien, die auf Ihrem Computer gespeichert werden und Ihren Browser identifizieren.   <\/p><p>Die meisten der von uns verwendeten Cookies sind sogenannte \u201eSession-Cookies\u201d. Sie werden nach Ihrem Besuch automatisch gel\u00f6scht. Andere Cookies bleiben auf Ihrem Computer gespeichert und verbleiben dort, bis Sie sie l\u00f6schen. Diese Cookies erm\u00f6glichen es uns, Ihren Browser bei Ihrem n\u00e4chsten Besuch wiederzuerkennen.   <\/p><p>Sie k\u00f6nnen Ihren Browser so einstellen, dass er Sie \u00fcber die Installation von Cookies informiert und diese nur im Einzelfall zul\u00e4sst oder dass er Cookies in bestimmten F\u00e4llen oder generell ablehnt oder dass er Cookies automatisch l\u00f6scht, wenn Sie Ihren Browser schlie\u00dfen. Durch die Deaktivierung von Cookies k\u00f6nnen Sie jedoch die Funktionalit\u00e4t der Website einschr\u00e4nken. <\/p><p><strong>Kontaktformular<\/strong><\/p><p>Wenn Sie Anfragen \u00fcber unser Kontaktformular stellen, speichern wir Ihre darin eingegebenen Daten, damit wir Ihre Anfrage bearbeiten k\u00f6nnen und f\u00fcr den Fall, dass Sie weitere Fragen an uns haben. Ihre Daten werden ohne Ihre vorherige Zustimmung nicht an Dritte weitergegeben. <\/p><p><strong>Verbot von Werbe-E-Mails<\/strong><\/p><p>Die Nutzung der im Rahmen der Impressumsangaben ver\u00f6ffentlichten Kontaktdaten durch Dritte zur \u00dcbersendung von nicht ausdr\u00fccklich angeforderter Werbung und Informationsmaterialien wird hiermit ausdr\u00fccklich untersagt. Die Betreiber der Website behalten sich ausdr\u00fccklich rechtliche Schritte im Falle der unverlangten Zusendung von Werbeinformationen, etwa durch Spam-Mails, vor. <\/p><p> <\/p><\/article><\/div><\/div><\/div><\/div><footer><div class=\"footer\"><div class=\"center\"><div class=\"fg12\"> <\/div><\/div><\/div><\/footer><\/article><\/div><\/div><\/div><\/div>\t\t\t\t\t\t\t\t<\/div>\n\t\t\t\t<\/div>\n\t\t\t\t\t<\/div>\n\t\t\t\t<\/div>\n\t\t\t\t<\/div>\n\t\t","protected":false},"excerpt":{"rendered":"<p>Datenschutz Die Betreiber dieser Website nehmen den Schutz Ihrer Daten sehr ernst. Wir behandeln Ihre personenbezogenen Daten vertraulich und gem\u00e4\u00df den gesetzlichen Datenschutzbestimmungen und dieser Datenschutzerkl\u00e4rung. Die Nutzung unserer Website ist in der Regel ohne Angabe personenbezogener Daten m\u00f6glich. Personenbezogene Daten (z. B. Name, Anschrift oder E-Mail-Adresse) werden meist nicht zwingend erforderlich und freiwillig angegeben. [&hellip;]<\/p>\n","protected":false},"author":1,"featured_media":0,"parent":0,"menu_order":0,"comment_status":"closed","ping_status":"closed","template":"elementor_header_footer","meta":{"footnotes":""},"class_list":["post-2507","page","type-page","status-publish","hentry"],"_links":{"self":[{"href":"https:\/\/gbc.ma\/de\/wp-json\/wp\/v2\/pages\/2507","targetHints":{"allow":["GET"]}}],"collection":[{"href":"https:\/\/gbc.ma\/de\/wp-json\/wp\/v2\/pages"}],"about":[{"href":"https:\/\/gbc.ma\/de\/wp-json\/wp\/v2\/types\/page"}],"author":[{"embeddable":true,"href":"https:\/\/gbc.ma\/de\/wp-json\/wp\/v2\/users\/1"}],"replies":[{"embeddable":true,"href":"https:\/\/gbc.ma\/de\/wp-json\/wp\/v2\/comments?post=2507"}],"version-history":[{"count":3,"href":"https:\/\/gbc.ma\/de\/wp-json\/wp\/v2\/pages\/2507\/revisions"}],"predecessor-version":[{"id":4188,"href":"https:\/\/gbc.ma\/de\/wp-json\/wp\/v2\/pages\/2507\/revisions\/4188"}],"wp:attachment":[{"href":"https:\/\/gbc.ma\/de\/wp-json\/wp\/v2\/media?parent=2507"}],"curies":[{"name":"wp","href":"https:\/\/api.w.org\/{rel}","templated":true}]}}